{"id":116,"date":"2020-07-29T13:59:10","date_gmt":"2020-07-29T13:59:10","guid":{"rendered":"https:\/\/stage2.eisep.si\/?page_id=116"},"modified":"2024-06-13T11:35:28","modified_gmt":"2024-06-13T09:35:28","slug":"eisep-pobude","status":"publish","type":"page","link":"https:\/\/www.eisep.si\/en\/eisep-pobude\/","title":{"rendered":"EISEP pobude"},"content":{"rendered":"\t\t<div data-elementor-type=\"wp-page\" data-elementor-id=\"116\" class=\"elementor elementor-116\" data-elementor-post-type=\"page\">\n\t\t\t\t\t\t<section class=\"elementor-section elementor-top-section elementor-element elementor-element-56b3126 elementor-section-boxed elementor-section-height-default elementor-section-height-default\" data-id=\"56b3126\" data-element_type=\"section\">\n\t\t\t\t\t\t<div class=\"elementor-container elementor-column-gap-default\">\n\t\t\t\t\t<div class=\"elementor-column elementor-col-100 elementor-top-column elementor-element elementor-element-b72b271\" data-id=\"b72b271\" data-element_type=\"column\">\n\t\t\t<div class=\"elementor-widget-wrap elementor-element-populated\">\n\t\t\t\t\t\t<div class=\"elementor-element elementor-element-e5964e0 elementor-widget elementor-widget-heading\" data-id=\"e5964e0\" data-element_type=\"widget\" data-widget_type=\"heading.default\">\n\t\t\t\t<div class=\"elementor-widget-container\">\n\t\t\t\t\t<h2 class=\"elementor-heading-title elementor-size-default\">EISEP POBUDE<\/h2>\t\t\t\t<\/div>\n\t\t\t\t<\/div>\n\t\t\t\t\t<\/div>\n\t\t<\/div>\n\t\t\t\t\t<\/div>\n\t\t<\/section>\n\t\t\t\t<section class=\"elementor-section elementor-top-section elementor-element elementor-element-a17d259 elementor-section-boxed elementor-section-height-default elementor-section-height-default\" data-id=\"a17d259\" data-element_type=\"section\">\n\t\t\t\t\t\t<div class=\"elementor-container elementor-column-gap-default\">\n\t\t\t\t\t<div class=\"elementor-column elementor-col-100 elementor-top-column elementor-element elementor-element-a881a81\" data-id=\"a881a81\" data-element_type=\"column\">\n\t\t\t<div class=\"elementor-widget-wrap elementor-element-populated\">\n\t\t\t\t\t\t<div class=\"elementor-element elementor-element-06aad8a elementor-widget-divider--view-line elementor-widget elementor-widget-divider\" data-id=\"06aad8a\" data-element_type=\"widget\" data-widget_type=\"divider.default\">\n\t\t\t\t<div class=\"elementor-widget-container\">\n\t\t\t\t\t\t\t<div class=\"elementor-divider\">\n\t\t\t<span class=\"elementor-divider-separator\">\n\t\t\t\t\t\t<\/span>\n\t\t<\/div>\n\t\t\t\t\t\t<\/div>\n\t\t\t\t<\/div>\n\t\t\t\t\t<\/div>\n\t\t<\/div>\n\t\t\t\t\t<\/div>\n\t\t<\/section>\n\t\t\t\t<section class=\"elementor-section elementor-top-section elementor-element elementor-element-a88596c elementor-section-boxed elementor-section-height-default elementor-section-height-default\" data-id=\"a88596c\" data-element_type=\"section\">\n\t\t\t\t\t\t<div class=\"elementor-container elementor-column-gap-default\">\n\t\t\t\t\t<div class=\"elementor-column elementor-col-100 elementor-top-column elementor-element elementor-element-44060b1\" data-id=\"44060b1\" data-element_type=\"column\">\n\t\t\t<div class=\"elementor-widget-wrap elementor-element-populated\">\n\t\t\t\t\t\t<div class=\"elementor-element elementor-element-3c446ba elementor-widget elementor-widget-text-editor\" data-id=\"3c446ba\" data-element_type=\"widget\" data-widget_type=\"text-editor.default\">\n\t\t\t\t<div class=\"elementor-widget-container\">\n\t\t\t\t\t\t\t\t\t<p class=\"p1\"><b>EISEP-ov apel Komisiji za prepre\u010devanje korupcije<\/b><\/p>\t\t\t\t\t\t\t\t<\/div>\n\t\t\t\t<\/div>\n\t\t\t\t<div class=\"elementor-element elementor-element-fad89f0 elementor-widget elementor-widget-text-editor\" data-id=\"fad89f0\" data-element_type=\"widget\" data-widget_type=\"text-editor.default\">\n\t\t\t\t<div class=\"elementor-widget-container\">\n\t\t\t\t\t\t\t\t\t<p class=\"p1\">Ob javno razkritih nepravilnostih v primeru nabave za\u0161\u010ditne opreme zaradi epidemije koronavirusne bolezni COVID-19, smo na vodstvo Komisije za prepre\u010devanje korupcije naslovili javni poziv za za\u0161\u010dito \u017evi\u017ega\u010da v primeru nabave za\u0161\u010ditne opreme.\u00a0<i>(24.4.2020)<\/i><\/p>\t\t\t\t\t\t\t\t<\/div>\n\t\t\t\t<\/div>\n\t\t\t\t<div class=\"elementor-element elementor-element-5cb8236 elementor-widget elementor-widget-shortcode\" data-id=\"5cb8236\" data-element_type=\"widget\" data-widget_type=\"shortcode.default\">\n\t\t\t\t<div class=\"elementor-widget-container\">\n\t\t\t\t\t\t\t<div class=\"elementor-shortcode\">[pdf id=124]<\/div>\n\t\t\t\t\t\t<\/div>\n\t\t\t\t<\/div>\n\t\t\t\t\t<\/div>\n\t\t<\/div>\n\t\t\t\t\t<\/div>\n\t\t<\/section>\n\t\t\t\t<section class=\"elementor-section elementor-top-section elementor-element elementor-element-8d5b729 elementor-section-boxed elementor-section-height-default elementor-section-height-default\" data-id=\"8d5b729\" data-element_type=\"section\">\n\t\t\t\t\t\t<div class=\"elementor-container elementor-column-gap-default\">\n\t\t\t\t\t<div class=\"elementor-column elementor-col-100 elementor-top-column elementor-element elementor-element-0a8dc2f\" data-id=\"0a8dc2f\" data-element_type=\"column\">\n\t\t\t<div class=\"elementor-widget-wrap elementor-element-populated\">\n\t\t\t\t\t\t<div class=\"elementor-element elementor-element-07901b0 elementor-widget-divider--view-line elementor-widget elementor-widget-divider\" data-id=\"07901b0\" data-element_type=\"widget\" data-widget_type=\"divider.default\">\n\t\t\t\t<div class=\"elementor-widget-container\">\n\t\t\t\t\t\t\t<div class=\"elementor-divider\">\n\t\t\t<span class=\"elementor-divider-separator\">\n\t\t\t\t\t\t<\/span>\n\t\t<\/div>\n\t\t\t\t\t\t<\/div>\n\t\t\t\t<\/div>\n\t\t\t\t\t<\/div>\n\t\t<\/div>\n\t\t\t\t\t<\/div>\n\t\t<\/section>\n\t\t\t\t<section class=\"elementor-section elementor-top-section elementor-element elementor-element-b3ff3d7 elementor-section-boxed elementor-section-height-default elementor-section-height-default\" data-id=\"b3ff3d7\" data-element_type=\"section\">\n\t\t\t\t\t\t<div class=\"elementor-container elementor-column-gap-default\">\n\t\t\t\t\t<div class=\"elementor-column elementor-col-100 elementor-top-column elementor-element elementor-element-d7c748c\" data-id=\"d7c748c\" data-element_type=\"column\">\n\t\t\t<div class=\"elementor-widget-wrap elementor-element-populated\">\n\t\t\t\t\t\t<div class=\"elementor-element elementor-element-1d9b5cf elementor-widget elementor-widget-text-editor\" data-id=\"1d9b5cf\" data-element_type=\"widget\" data-widget_type=\"text-editor.default\">\n\t\t\t\t<div class=\"elementor-widget-container\">\n\t\t\t\t\t\t\t\t\t<p class=\"p1\"><b>EISEP predstavil pobudo za vzpostavitev programa skladnosti in etike poslovanja<\/b><\/p>\t\t\t\t\t\t\t\t<\/div>\n\t\t\t\t<\/div>\n\t\t\t\t<div class=\"elementor-element elementor-element-c260f21 elementor-widget elementor-widget-text-editor\" data-id=\"c260f21\" data-element_type=\"widget\" data-widget_type=\"text-editor.default\">\n\t\t\t\t<div class=\"elementor-widget-container\">\n\t\t\t\t\t\t\t\t\t<p class=\"p1\">Ob\u00a0koncu tedna boja proti korupciji je\u00a0<b>EISEP predstavil pobudo,\u00a0da se v Sloveniji v vseh srednje velikih in velikih gospodarskih dru\u017ebah ter v vseh dr\u017eavnih organih, organizacijah, univerzah, zdravstvenih ustanovah ter drugih subjektih javnega prava vzpostavi u\u010dinkovit program skladnosti in etike poslovanja, po zgledu uveljavljenih dobrih praks ter mednarodnih strokovnih standardih.<\/b><\/p><p class=\"p1\"><b>Celotno besedilo pobude je na voljo<\/b>\u00a0<a href=\"https:\/\/gallery.mailchimp.com\/be55a0b224a72a261b43edae2\/files\/5b5223bd-bc26-4751-b6cf-65cf707fddaf\/Pobuda_EISEP_program_SEP_za_ucinkovito_preprecevanje_korupcije_.pdf\"><span class=\"s1\"><b>TUKAJ<\/b><\/span><\/a>.<\/p><p class=\"p1\">K aktiviranju na tem podro\u010dju in k izjavi podpore pobudi vabimo vse relevantne dr\u017eavne resorje, pomembne institucije javnega prava (kot so univerze, UKC Ljubljana, SDH), druge relevantne organe in institucije, kot tudi strokovne in poslovne skupnosti v Sloveniji.<\/p><p class=\"p1\">Ideja pobude je, da se z raz\u0161iritvijo praks sistemati\u010dnega in profesionalnega upravljanja skladnosti poslovanja ter splo\u0161ne integritete tudi v Sloveniji vzpostavi okvir, znotraj katerega bodo organizacije zasebnega in javnega prava lahko na u\u010dinkovit na\u010din zaznavale, prepre\u010devale in ukrepale zoper primere korupcije\u00a0ter drugo nedovoljeno in neeti\u010dno delovanje, ki ne sodi v pozitivno podobo Slovenije, razvito, uspe\u0161no, konkuren\u010dno in pravi\u010dno dru\u017ebo ali mednarodno prosperiteto na\u0161ega gospodarstva, dr\u017eave in dr\u017eavljanov.\u00a0<i>(15.12.2017)<\/i><\/p>\t\t\t\t\t\t\t\t<\/div>\n\t\t\t\t<\/div>\n\t\t\t\t\t<\/div>\n\t\t<\/div>\n\t\t\t\t\t<\/div>\n\t\t<\/section>\n\t\t\t\t<\/div>\n\t\t","protected":false},"excerpt":{"rendered":"<p>EISEP POBUDE EISEP-ov apel Komisiji za prepre\u010devanje korupcije Ob javno razkritih nepravilnostih v primeru nabave za\u0161\u010ditne opreme zaradi epidemije koronavirusne bolezni COVID-19, smo na vodstvo Komisije za prepre\u010devanje korupcije naslovili [&hellip;]<\/p>\n","protected":false},"author":1,"featured_media":0,"parent":0,"menu_order":0,"comment_status":"closed","ping_status":"closed","template":"","meta":{"_monsterinsights_skip_tracking":false,"_monsterinsights_sitenote_active":false,"_monsterinsights_sitenote_note":"","_monsterinsights_sitenote_category":0,"footnotes":""},"class_list":["post-116","page","type-page","status-publish","hentry"],"yoast_head":"<!-- This site is optimized with the Yoast SEO plugin v27.4 - https:\/\/yoast.com\/product\/yoast-seo-wordpress\/ -->\n<title>EISEP pobude - EISEP<\/title>\n<meta name=\"robots\" content=\"index, follow, max-snippet:-1, max-image-preview:large, max-video-preview:-1\" \/>\n<link rel=\"canonical\" href=\"https:\/\/www.eisep.si\/en\/eisep-pobude\/\" \/>\n<meta property=\"og:locale\" content=\"en_GB\" \/>\n<meta property=\"og:type\" content=\"article\" \/>\n<meta property=\"og:title\" content=\"EISEP pobude - EISEP\" \/>\n<meta property=\"og:description\" content=\"EISEP POBUDE EISEP-ov apel Komisiji za prepre\u010devanje korupcije Ob javno razkritih nepravilnostih v primeru nabave za\u0161\u010ditne opreme zaradi epidemije koronavirusne bolezni COVID-19, smo na vodstvo Komisije za prepre\u010devanje korupcije naslovili [&hellip;]\" \/>\n<meta property=\"og:url\" content=\"https:\/\/www.eisep.si\/en\/eisep-pobude\/\" \/>\n<meta property=\"og:site_name\" content=\"EISEP\" \/>\n<meta property=\"article:modified_time\" content=\"2024-06-13T09:35:28+00:00\" \/>\n<meta name=\"twitter:card\" content=\"summary_large_image\" \/>\n<meta name=\"twitter:label1\" content=\"Estimated reading time\" \/>\n\t<meta name=\"twitter:data1\" content=\"2 minutes\" \/>\n<script type=\"application\/ld+json\" class=\"yoast-schema-graph\">{\"@context\":\"https:\\\/\\\/schema.org\",\"@graph\":[{\"@type\":\"WebPage\",\"@id\":\"https:\\\/\\\/www.eisep.si\\\/eisep-pobude\\\/\",\"url\":\"https:\\\/\\\/www.eisep.si\\\/eisep-pobude\\\/\",\"name\":\"EISEP pobude - EISEP\",\"isPartOf\":{\"@id\":\"https:\\\/\\\/www.eisep.si\\\/#website\"},\"datePublished\":\"2020-07-29T13:59:10+00:00\",\"dateModified\":\"2024-06-13T09:35:28+00:00\",\"breadcrumb\":{\"@id\":\"https:\\\/\\\/www.eisep.si\\\/eisep-pobude\\\/#breadcrumb\"},\"inLanguage\":\"en-GB\",\"potentialAction\":[{\"@type\":\"ReadAction\",\"target\":[\"https:\\\/\\\/www.eisep.si\\\/eisep-pobude\\\/\"]}]},{\"@type\":\"BreadcrumbList\",\"@id\":\"https:\\\/\\\/www.eisep.si\\\/eisep-pobude\\\/#breadcrumb\",\"itemListElement\":[{\"@type\":\"ListItem\",\"position\":1,\"name\":\"Home\",\"item\":\"https:\\\/\\\/www.eisep.si\\\/\"},{\"@type\":\"ListItem\",\"position\":2,\"name\":\"EISEP pobude\"}]},{\"@type\":\"WebSite\",\"@id\":\"https:\\\/\\\/www.eisep.si\\\/#website\",\"url\":\"https:\\\/\\\/www.eisep.si\\\/\",\"name\":\"EISEP\",\"description\":\"Evropski in\u0161titut za skladnost in etiko poslovanja\",\"publisher\":{\"@id\":\"https:\\\/\\\/www.eisep.si\\\/#organization\"},\"potentialAction\":[{\"@type\":\"SearchAction\",\"target\":{\"@type\":\"EntryPoint\",\"urlTemplate\":\"https:\\\/\\\/www.eisep.si\\\/?s={search_term_string}\"},\"query-input\":{\"@type\":\"PropertyValueSpecification\",\"valueRequired\":true,\"valueName\":\"search_term_string\"}}],\"inLanguage\":\"en-GB\"},{\"@type\":\"Organization\",\"@id\":\"https:\\\/\\\/www.eisep.si\\\/#organization\",\"name\":\"Evropski in\u0161titut za skladnost in etiko poslovanja\",\"url\":\"https:\\\/\\\/www.eisep.si\\\/\",\"logo\":{\"@type\":\"ImageObject\",\"inLanguage\":\"en-GB\",\"@id\":\"https:\\\/\\\/www.eisep.si\\\/#\\\/schema\\\/logo\\\/image\\\/\",\"url\":\"https:\\\/\\\/www.eisep.si\\\/wp-content\\\/uploads\\\/2020\\\/07\\\/eisep.png\",\"contentUrl\":\"https:\\\/\\\/www.eisep.si\\\/wp-content\\\/uploads\\\/2020\\\/07\\\/eisep.png\",\"width\":2582,\"height\":406,\"caption\":\"Evropski in\u0161titut za skladnost in etiko poslovanja\"},\"image\":{\"@id\":\"https:\\\/\\\/www.eisep.si\\\/#\\\/schema\\\/logo\\\/image\\\/\"}}]}<\/script>\n<!-- \/ Yoast SEO plugin. -->","yoast_head_json":{"title":"EISEP pobude - EISEP","robots":{"index":"index","follow":"follow","max-snippet":"max-snippet:-1","max-image-preview":"max-image-preview:large","max-video-preview":"max-video-preview:-1"},"canonical":"https:\/\/www.eisep.si\/en\/eisep-pobude\/","og_locale":"en_GB","og_type":"article","og_title":"EISEP pobude - EISEP","og_description":"EISEP POBUDE EISEP-ov apel Komisiji za prepre\u010devanje korupcije Ob javno razkritih nepravilnostih v primeru nabave za\u0161\u010ditne opreme zaradi epidemije koronavirusne bolezni COVID-19, smo na vodstvo Komisije za prepre\u010devanje korupcije naslovili [&hellip;]","og_url":"https:\/\/www.eisep.si\/en\/eisep-pobude\/","og_site_name":"EISEP","article_modified_time":"2024-06-13T09:35:28+00:00","twitter_card":"summary_large_image","twitter_misc":{"Estimated reading time":"2 minutes"},"schema":{"@context":"https:\/\/schema.org","@graph":[{"@type":"WebPage","@id":"https:\/\/www.eisep.si\/eisep-pobude\/","url":"https:\/\/www.eisep.si\/eisep-pobude\/","name":"EISEP pobude - EISEP","isPartOf":{"@id":"https:\/\/www.eisep.si\/#website"},"datePublished":"2020-07-29T13:59:10+00:00","dateModified":"2024-06-13T09:35:28+00:00","breadcrumb":{"@id":"https:\/\/www.eisep.si\/eisep-pobude\/#breadcrumb"},"inLanguage":"en-GB","potentialAction":[{"@type":"ReadAction","target":["https:\/\/www.eisep.si\/eisep-pobude\/"]}]},{"@type":"BreadcrumbList","@id":"https:\/\/www.eisep.si\/eisep-pobude\/#breadcrumb","itemListElement":[{"@type":"ListItem","position":1,"name":"Home","item":"https:\/\/www.eisep.si\/"},{"@type":"ListItem","position":2,"name":"EISEP pobude"}]},{"@type":"WebSite","@id":"https:\/\/www.eisep.si\/#website","url":"https:\/\/www.eisep.si\/","name":"EICE","description":"European Institute of Compliance and Ethics","publisher":{"@id":"https:\/\/www.eisep.si\/#organization"},"potentialAction":[{"@type":"SearchAction","target":{"@type":"EntryPoint","urlTemplate":"https:\/\/www.eisep.si\/?s={search_term_string}"},"query-input":{"@type":"PropertyValueSpecification","valueRequired":true,"valueName":"search_term_string"}}],"inLanguage":"en-GB"},{"@type":"Organization","@id":"https:\/\/www.eisep.si\/#organization","name":"European Institute of Compliance and Ethics","url":"https:\/\/www.eisep.si\/","logo":{"@type":"ImageObject","inLanguage":"en-GB","@id":"https:\/\/www.eisep.si\/#\/schema\/logo\/image\/","url":"https:\/\/www.eisep.si\/wp-content\/uploads\/2020\/07\/eisep.png","contentUrl":"https:\/\/www.eisep.si\/wp-content\/uploads\/2020\/07\/eisep.png","width":2582,"height":406,"caption":"Evropski in\u0161titut za skladnost in etiko poslovanja"},"image":{"@id":"https:\/\/www.eisep.si\/#\/schema\/logo\/image\/"}}]}},"_links":{"self":[{"href":"https:\/\/www.eisep.si\/en\/wp-json\/wp\/v2\/pages\/116","targetHints":{"allow":["GET"]}}],"collection":[{"href":"https:\/\/www.eisep.si\/en\/wp-json\/wp\/v2\/pages"}],"about":[{"href":"https:\/\/www.eisep.si\/en\/wp-json\/wp\/v2\/types\/page"}],"author":[{"embeddable":true,"href":"https:\/\/www.eisep.si\/en\/wp-json\/wp\/v2\/users\/1"}],"replies":[{"embeddable":true,"href":"https:\/\/www.eisep.si\/en\/wp-json\/wp\/v2\/comments?post=116"}],"version-history":[{"count":6,"href":"https:\/\/www.eisep.si\/en\/wp-json\/wp\/v2\/pages\/116\/revisions"}],"predecessor-version":[{"id":10142,"href":"https:\/\/www.eisep.si\/en\/wp-json\/wp\/v2\/pages\/116\/revisions\/10142"}],"wp:attachment":[{"href":"https:\/\/www.eisep.si\/en\/wp-json\/wp\/v2\/media?parent=116"}],"curies":[{"name":"wp","href":"https:\/\/api.w.org\/{rel}","templated":true}]}}