{"id":12366,"date":"2025-11-04T14:03:25","date_gmt":"2025-11-04T13:03:25","guid":{"rendered":"https:\/\/www.eisep.si\/?page_id=12366"},"modified":"2025-11-04T14:21:57","modified_gmt":"2025-11-04T13:21:57","slug":"letna-konferenca-2021","status":"publish","type":"page","link":"https:\/\/www.eisep.si\/en\/letna-konferenca-2021\/","title":{"rendered":"Letna konferenca 2021"},"content":{"rendered":"<div data-elementor-type=\"wp-page\" data-elementor-id=\"12366\" class=\"elementor elementor-12366\" data-elementor-post-type=\"page\">\n\t\t\t\t\t\t<section class=\"elementor-section elementor-top-section elementor-element elementor-element-3a2c1a59 elementor-section-boxed elementor-section-height-default elementor-section-height-default\" data-id=\"3a2c1a59\" data-element_type=\"section\">\n\t\t\t\t\t\t<div class=\"elementor-container elementor-column-gap-default\">\n\t\t\t\t\t<div class=\"elementor-column elementor-col-100 elementor-top-column elementor-element elementor-element-54260101\" data-id=\"54260101\" data-element_type=\"column\">\n\t\t\t<div class=\"elementor-widget-wrap elementor-element-populated\">\n\t\t\t\t\t\t<div class=\"elementor-element elementor-element-4395d698 elementor-widget elementor-widget-heading\" data-id=\"4395d698\" data-element_type=\"widget\" data-widget_type=\"heading.default\">\n\t\t\t\t<div class=\"elementor-widget-container\">\n\t\t\t\t\t<h2 class=\"elementor-heading-title elementor-size-default\">LETNA KONFERENCA 2021<\/h2>\t\t\t\t<\/div>\n\t\t\t\t<\/div>\n\t\t\t\t<div class=\"elementor-element elementor-element-56f8603c elementor-widget-divider--view-line elementor-widget elementor-widget-divider\" data-id=\"56f8603c\" data-element_type=\"widget\" data-widget_type=\"divider.default\">\n\t\t\t\t<div class=\"elementor-widget-container\">\n\t\t\t\t\t\t\t<div class=\"elementor-divider\">\n\t\t\t<span class=\"elementor-divider-separator\">\n\t\t\t\t\t\t<\/span>\n\t\t<\/div>\n\t\t\t\t\t\t<\/div>\n\t\t\t\t<\/div>\n\t\t\t\t\t<\/div>\n\t\t<\/div>\n\t\t\t\t\t<\/div>\n\t\t<\/section>\n\t\t\t\t<section class=\"elementor-section elementor-top-section elementor-element elementor-element-b5e570a elementor-section-boxed elementor-section-height-default elementor-section-height-default\" data-id=\"b5e570a\" data-element_type=\"section\">\n\t\t\t\t\t\t<div class=\"elementor-container elementor-column-gap-default\">\n\t\t\t\t\t<div class=\"elementor-column elementor-col-100 elementor-top-column elementor-element elementor-element-076eba2\" data-id=\"076eba2\" data-element_type=\"column\">\n\t\t\t<div class=\"elementor-widget-wrap elementor-element-populated\">\n\t\t\t\t\t\t<div class=\"elementor-element elementor-element-d0e23ec elementor-widget elementor-widget-image\" data-id=\"d0e23ec\" data-element_type=\"widget\" data-widget_type=\"image.default\">\n\t\t\t\t<div class=\"elementor-widget-container\">\n\t\t\t\t\t\t\t\t\t\t\t\t\t\t\t<img fetchpriority=\"high\" decoding=\"async\" width=\"800\" height=\"204\" src=\"https:\/\/www.eisep.si\/wp-content\/uploads\/2020\/08\/BCEC-1024x261.png\" class=\"attachment-large size-large wp-image-5406\" alt=\"\" srcset=\"https:\/\/www.eisep.si\/wp-content\/uploads\/2020\/08\/BCEC-1024x261.png 1024w, https:\/\/www.eisep.si\/wp-content\/uploads\/2020\/08\/BCEC-300x76.png 300w, https:\/\/www.eisep.si\/wp-content\/uploads\/2020\/08\/BCEC-768x195.png 768w, https:\/\/www.eisep.si\/wp-content\/uploads\/2020\/08\/BCEC-1536x391.png 1536w, https:\/\/www.eisep.si\/wp-content\/uploads\/2020\/08\/BCEC-2048x521.png 2048w\" sizes=\"(max-width: 800px) 100vw, 800px\" \/>\t\t\t\t\t\t\t\t\t\t\t\t\t\t\t<\/div>\n\t\t\t\t<\/div>\n\t\t\t\t\t<\/div>\n\t\t<\/div>\n\t\t\t\t\t<\/div>\n\t\t<\/section>\n\t\t\t\t<section class=\"elementor-section elementor-top-section elementor-element elementor-element-fc9e6f8 elementor-section-boxed elementor-section-height-default elementor-section-height-default\" data-id=\"fc9e6f8\" data-element_type=\"section\">\n\t\t\t\t\t\t<div class=\"elementor-container elementor-column-gap-default\">\n\t\t\t\t\t<div class=\"elementor-column elementor-col-100 elementor-top-column elementor-element elementor-element-5b9fe15\" data-id=\"5b9fe15\" data-element_type=\"column\">\n\t\t\t<div class=\"elementor-widget-wrap elementor-element-populated\">\n\t\t\t\t\t\t<div class=\"elementor-element elementor-element-17aea16 elementor-widget elementor-widget-text-editor\" data-id=\"17aea16\" data-element_type=\"widget\" data-widget_type=\"text-editor.default\">\n\t\t\t\t<div class=\"elementor-widget-container\">\n\t\t\t\t\t\t\t\t\t<h3><strong>7. KONFERENCA O SKLADNOSTI IN ETIKI POSLOVANJA NA BLEDU<\/strong><\/h3><h5>KONFERENCA JE POTEKALA\u00a0 10.\u00a0 \u2013 11. OKTOBRA NA BLEDU!\u00a0<\/h5><p data-start=\"78\" data-end=\"512\">Na konferenci smo obravnavali klju\u010dne teme, ki oblikujejo prihodnost poslovne etike in skladnosti. Rasto\u010di obseg podatkov in uvedba 5G prina\u0161ata nove izzive, \u0161e posebej v lu\u010di razli\u010dnih pristopov ZDA in Kitajske, ki vplivajo na mednarodna podjetja. Pomembno vlogo ima tudi eti\u010dno vodenje, saj morajo vodje ohraniti motivacijo in podpirati sodelavce, hkrati pa zagotavljati skladnost in eti\u010dno odlo\u010danje tudi v te\u017ekih \u010dasih.<\/p><p data-start=\"514\" data-end=\"1011\">Posebno pozornost smo namenili varstvu \u017evi\u017ega\u010dev, pri \u010demer so prve rezultate ankete ENFCO o predlogu EU Direktive pokazale sistemske slabosti in mo\u017ene izzive pri izvr\u0161evanju nove zakonodaje. Razpravljali smo tudi o razvoju varstva osebnih podatkov, kjer odgovorna obdelava podatkov ostaja klju\u010dna za zaupanje strank. Na podro\u010dju prepre\u010devanja pranja denarja (AML) so bile predstavljene posodobitve, ki poudarjajo izbolj\u0161ane ocene tveganj in nadzorne mehanizme za prepre\u010devanje finan\u010dnih zlorab.<\/p><p data-start=\"1013\" data-end=\"1172\">Konferenca je jasno pokazala, da so etika, skladnost in odgovorno vodenje tesno povezani in klju\u010dni za trajnostni uspeh podjetij v sodobnem poslovnem okolju.<\/p>\t\t\t\t\t\t\t\t<\/div>\n\t\t\t\t<\/div>\n\t\t\t\t\t<\/div>\n\t\t<\/div>\n\t\t\t\t\t<\/div>\n\t\t<\/section>\n\t\t\t\t<section class=\"elementor-section elementor-top-section elementor-element elementor-element-7da53c6 elementor-section-boxed elementor-section-height-default elementor-section-height-default\" data-id=\"7da53c6\" data-element_type=\"section\">\n\t\t\t\t\t\t<div class=\"elementor-container elementor-column-gap-default\">\n\t\t\t\t\t<div class=\"elementor-column elementor-col-100 elementor-top-column elementor-element elementor-element-8b282fc\" data-id=\"8b282fc\" data-element_type=\"column\">\n\t\t\t<div class=\"elementor-widget-wrap elementor-element-populated\">\n\t\t\t\t\t\t<div class=\"elementor-element elementor-element-06eb81e elementor-widget elementor-widget-text-editor\" data-id=\"06eb81e\" data-element_type=\"widget\" data-widget_type=\"text-editor.default\">\n\t\t\t\t<div class=\"elementor-widget-container\">\n\t\t\t\t\t\t\t\t\t<h3><a href=\"https:\/\/bcec.eu\/\"><strong>OBI\u0160\u010cITE SPLETNO STRAN KONFERENCE!<\/strong><\/a><\/h3>\t\t\t\t\t\t\t\t<\/div>\n\t\t\t\t<\/div>\n\t\t\t\t\t<\/div>\n\t\t<\/div>\n\t\t\t\t\t<\/div>\n\t\t<\/section>\n\t\t\t\t<section class=\"elementor-section elementor-top-section elementor-element elementor-element-d58e86b elementor-section-full_width elementor-section-height-default elementor-section-height-default\" data-id=\"d58e86b\" data-element_type=\"section\">\n\t\t\t\t\t\t<div class=\"elementor-container elementor-column-gap-no\">\n\t\t\t\t\t<div class=\"elementor-column elementor-col-100 elementor-top-column elementor-element elementor-element-8814ccb\" data-id=\"8814ccb\" data-element_type=\"column\">\n\t\t\t<div class=\"elementor-widget-wrap elementor-element-populated\">\n\t\t\t\t\t\t<div class=\"elementor-element elementor-element-c217cb3 elementor-widget elementor-widget-image\" data-id=\"c217cb3\" data-element_type=\"widget\" data-widget_type=\"image.default\">\n\t\t\t\t<div class=\"elementor-widget-container\">\n\t\t\t\t\t\t\t\t\t\t\t\t\t\t\t\t<a href=\"https:\/\/bcec.eu\/\">\n\t\t\t\t\t\t\t<img decoding=\"async\" width=\"2560\" height=\"900\" src=\"https:\/\/www.eisep.si\/wp-content\/uploads\/2020\/07\/bled-scaled.jpg\" class=\"attachment-full size-full wp-image-59\" alt=\"\" srcset=\"https:\/\/www.eisep.si\/wp-content\/uploads\/2020\/07\/bled-scaled.jpg 2560w, https:\/\/www.eisep.si\/wp-content\/uploads\/2020\/07\/bled-300x105.jpg 300w, https:\/\/www.eisep.si\/wp-content\/uploads\/2020\/07\/bled-1024x360.jpg 1024w, https:\/\/www.eisep.si\/wp-content\/uploads\/2020\/07\/bled-768x270.jpg 768w, https:\/\/www.eisep.si\/wp-content\/uploads\/2020\/07\/bled-1536x540.jpg 1536w, https:\/\/www.eisep.si\/wp-content\/uploads\/2020\/07\/bled-2048x720.jpg 2048w\" sizes=\"(max-width: 2560px) 100vw, 2560px\" \/>\t\t\t\t\t\t\t\t<\/a>\n\t\t\t\t\t\t\t\t\t\t\t\t\t\t\t<\/div>\n\t\t\t\t<\/div>\n\t\t\t\t\t<\/div>\n\t\t<\/div>\n\t\t\t\t\t<\/div>\n\t\t<\/section>\n\t\t\t\t<section class=\"elementor-section elementor-top-section elementor-element elementor-element-294ed7b elementor-section-boxed elementor-section-height-default elementor-section-height-default\" data-id=\"294ed7b\" data-element_type=\"section\">\n\t\t\t\t\t\t<div class=\"elementor-container elementor-column-gap-default\">\n\t\t\t\t\t<div class=\"elementor-column elementor-col-33 elementor-top-column elementor-element elementor-element-f43128f\" data-id=\"f43128f\" data-element_type=\"column\">\n\t\t\t<div class=\"elementor-widget-wrap elementor-element-populated\">\n\t\t\t\t\t\t<div class=\"elementor-element elementor-element-8d26885 elementor-align-center elementor-widget elementor-widget-button\" data-id=\"8d26885\" data-element_type=\"widget\" data-widget_type=\"button.default\">\n\t\t\t\t<div class=\"elementor-widget-container\">\n\t\t\t\t\t\t\t\t\t<div class=\"elementor-button-wrapper\">\n\t\t\t\t\t<a class=\"elementor-button elementor-button-link elementor-size-sm\" href=\"https:\/\/bcec.eu\/speakers-bcec-2021\/\">\n\t\t\t\t\t\t<span class=\"elementor-button-content-wrapper\">\n\t\t\t\t\t\t\t\t\t<span class=\"elementor-button-text\">Speakers<\/span>\n\t\t\t\t\t<\/span>\n\t\t\t\t\t<\/a>\n\t\t\t\t<\/div>\n\t\t\t\t\t\t\t\t<\/div>\n\t\t\t\t<\/div>\n\t\t\t\t\t<\/div>\n\t\t<\/div>\n\t\t\t\t<div class=\"elementor-column elementor-col-33 elementor-top-column elementor-element elementor-element-687c056\" data-id=\"687c056\" data-element_type=\"column\">\n\t\t\t<div class=\"elementor-widget-wrap elementor-element-populated\">\n\t\t\t\t\t\t<div class=\"elementor-element elementor-element-fef2660 elementor-align-center elementor-widget elementor-widget-button\" data-id=\"fef2660\" data-element_type=\"widget\" data-widget_type=\"button.default\">\n\t\t\t\t<div class=\"elementor-widget-container\">\n\t\t\t\t\t\t\t\t\t<div class=\"elementor-button-wrapper\">\n\t\t\t\t\t<a class=\"elementor-button elementor-button-link elementor-size-sm\" href=\"https:\/\/bcec.eu\/schedule-bcec-2021\/\">\n\t\t\t\t\t\t<span class=\"elementor-button-content-wrapper\">\n\t\t\t\t\t\t\t\t\t<span class=\"elementor-button-text\">Urnik<\/span>\n\t\t\t\t\t<\/span>\n\t\t\t\t\t<\/a>\n\t\t\t\t<\/div>\n\t\t\t\t\t\t\t\t<\/div>\n\t\t\t\t<\/div>\n\t\t\t\t\t<\/div>\n\t\t<\/div>\n\t\t\t\t<div class=\"elementor-column elementor-col-33 elementor-top-column elementor-element elementor-element-cf29e6a\" data-id=\"cf29e6a\" data-element_type=\"column\">\n\t\t\t<div class=\"elementor-widget-wrap elementor-element-populated\">\n\t\t\t\t\t\t<div class=\"elementor-element elementor-element-0455790 elementor-align-center elementor-widget elementor-widget-button\" data-id=\"0455790\" data-element_type=\"widget\" data-widget_type=\"button.default\">\n\t\t\t\t<div class=\"elementor-widget-container\">\n\t\t\t\t\t\t\t\t\t<div class=\"elementor-button-wrapper\">\n\t\t\t\t\t<a class=\"elementor-button elementor-button-link elementor-size-sm\" href=\"https:\/\/bcec.eu\/bcec-2021\/#bcec-gallery\">\n\t\t\t\t\t\t<span class=\"elementor-button-content-wrapper\">\n\t\t\t\t\t\t\t\t\t<span class=\"elementor-button-text\">Gallery<\/span>\n\t\t\t\t\t<\/span>\n\t\t\t\t\t<\/a>\n\t\t\t\t<\/div>\n\t\t\t\t\t\t\t\t<\/div>\n\t\t\t\t<\/div>\n\t\t\t\t\t<\/div>\n\t\t<\/div>\n\t\t\t\t\t<\/div>\n\t\t<\/section>\n\t\t\t\t<section class=\"elementor-section elementor-top-section elementor-element elementor-element-f86cc01 elementor-section-boxed elementor-section-height-default elementor-section-height-default\" data-id=\"f86cc01\" data-element_type=\"section\">\n\t\t\t\t\t\t<div class=\"elementor-container elementor-column-gap-default\">\n\t\t\t\t\t<div class=\"elementor-column elementor-col-100 elementor-top-column elementor-element elementor-element-f72ad84\" data-id=\"f72ad84\" data-element_type=\"column\">\n\t\t\t<div class=\"elementor-widget-wrap elementor-element-populated\">\n\t\t\t\t\t\t<div class=\"elementor-element elementor-element-afb1374 elementor-widget elementor-widget-spacer\" data-id=\"afb1374\" data-element_type=\"widget\" data-widget_type=\"spacer.default\">\n\t\t\t\t<div class=\"elementor-widget-container\">\n\t\t\t\t\t\t\t<div class=\"elementor-spacer\">\n\t\t\t<div class=\"elementor-spacer-inner\"><\/div>\n\t\t<\/div>\n\t\t\t\t\t\t<\/div>\n\t\t\t\t<\/div>\n\t\t\t\t\t<\/div>\n\t\t<\/div>\n\t\t\t\t\t<\/div>\n\t\t<\/section>\n\t\t\t\t<\/div>","protected":false},"excerpt":{"rendered":"<p>LETNA KONFERENCA 2021 7. KONFERENCA O SKLADNOSTI IN ETIKI POSLOVANJA NA BLEDU KONFERENCA JE POTEKALA\u00a0 10.\u00a0 \u2013 11. OKTOBRA NA BLEDU!\u00a0 Na konferenci smo obravnavali klju\u010dne teme, ki oblikujejo prihodnost [&hellip;]<\/p>\n","protected":false},"author":1,"featured_media":0,"parent":0,"menu_order":0,"comment_status":"closed","ping_status":"closed","template":"","meta":{"_monsterinsights_skip_tracking":false,"_monsterinsights_sitenote_active":false,"_monsterinsights_sitenote_note":"","_monsterinsights_sitenote_category":0,"footnotes":""},"class_list":["post-12366","page","type-page","status-publish","hentry"],"yoast_head":"<!-- This site is optimized with the Yoast SEO plugin v27.5 - https:\/\/yoast.com\/product\/yoast-seo-wordpress\/ -->\n<title>Letna konferenca 2021 - EISEP<\/title>\n<meta name=\"robots\" content=\"index, follow, max-snippet:-1, max-image-preview:large, max-video-preview:-1\" \/>\n<link rel=\"canonical\" href=\"https:\/\/www.eisep.si\/en\/letna-konferenca-2021\/\" \/>\n<meta property=\"og:locale\" content=\"en_GB\" \/>\n<meta property=\"og:type\" content=\"article\" \/>\n<meta property=\"og:title\" content=\"Letna konferenca 2021 - EISEP\" \/>\n<meta property=\"og:description\" content=\"LETNA KONFERENCA 2021 7. KONFERENCA O SKLADNOSTI IN ETIKI POSLOVANJA NA BLEDU KONFERENCA JE POTEKALA\u00a0 10.\u00a0 \u2013 11. OKTOBRA NA BLEDU!\u00a0 Na konferenci smo obravnavali klju\u010dne teme, ki oblikujejo prihodnost [&hellip;]\" \/>\n<meta property=\"og:url\" content=\"https:\/\/www.eisep.si\/en\/letna-konferenca-2021\/\" \/>\n<meta property=\"og:site_name\" content=\"EISEP\" \/>\n<meta property=\"article:modified_time\" content=\"2025-11-04T13:21:57+00:00\" \/>\n<meta property=\"og:image\" content=\"https:\/\/www.eisep.si\/wp-content\/uploads\/2020\/08\/BCEC.png\" \/>\n\t<meta property=\"og:image:width\" content=\"3462\" \/>\n\t<meta property=\"og:image:height\" content=\"881\" \/>\n\t<meta property=\"og:image:type\" content=\"image\/png\" \/>\n<meta name=\"twitter:card\" content=\"summary_large_image\" \/>\n<meta name=\"twitter:label1\" content=\"Estimated reading time\" \/>\n\t<meta name=\"twitter:data1\" content=\"2 minutes\" \/>\n<script type=\"application\/ld+json\" class=\"yoast-schema-graph\">{\"@context\":\"https:\\\/\\\/schema.org\",\"@graph\":[{\"@type\":\"WebPage\",\"@id\":\"https:\\\/\\\/www.eisep.si\\\/letna-konferenca-2021\\\/\",\"url\":\"https:\\\/\\\/www.eisep.si\\\/letna-konferenca-2021\\\/\",\"name\":\"Letna konferenca 2021 - EISEP\",\"isPartOf\":{\"@id\":\"https:\\\/\\\/www.eisep.si\\\/#website\"},\"primaryImageOfPage\":{\"@id\":\"https:\\\/\\\/www.eisep.si\\\/letna-konferenca-2021\\\/#primaryimage\"},\"image\":{\"@id\":\"https:\\\/\\\/www.eisep.si\\\/letna-konferenca-2021\\\/#primaryimage\"},\"thumbnailUrl\":\"https:\\\/\\\/www.eisep.si\\\/wp-content\\\/uploads\\\/2020\\\/08\\\/BCEC-1024x261.png\",\"datePublished\":\"2025-11-04T13:03:25+00:00\",\"dateModified\":\"2025-11-04T13:21:57+00:00\",\"breadcrumb\":{\"@id\":\"https:\\\/\\\/www.eisep.si\\\/letna-konferenca-2021\\\/#breadcrumb\"},\"inLanguage\":\"en-GB\",\"potentialAction\":[{\"@type\":\"ReadAction\",\"target\":[\"https:\\\/\\\/www.eisep.si\\\/letna-konferenca-2021\\\/\"]}]},{\"@type\":\"ImageObject\",\"inLanguage\":\"en-GB\",\"@id\":\"https:\\\/\\\/www.eisep.si\\\/letna-konferenca-2021\\\/#primaryimage\",\"url\":\"https:\\\/\\\/www.eisep.si\\\/wp-content\\\/uploads\\\/2020\\\/08\\\/BCEC-1024x261.png\",\"contentUrl\":\"https:\\\/\\\/www.eisep.si\\\/wp-content\\\/uploads\\\/2020\\\/08\\\/BCEC-1024x261.png\"},{\"@type\":\"BreadcrumbList\",\"@id\":\"https:\\\/\\\/www.eisep.si\\\/letna-konferenca-2021\\\/#breadcrumb\",\"itemListElement\":[{\"@type\":\"ListItem\",\"position\":1,\"name\":\"Home\",\"item\":\"https:\\\/\\\/www.eisep.si\\\/\"},{\"@type\":\"ListItem\",\"position\":2,\"name\":\"Letna konferenca 2021\"}]},{\"@type\":\"WebSite\",\"@id\":\"https:\\\/\\\/www.eisep.si\\\/#website\",\"url\":\"https:\\\/\\\/www.eisep.si\\\/\",\"name\":\"EISEP\",\"description\":\"Evropski in\u0161titut za skladnost in etiko poslovanja\",\"publisher\":{\"@id\":\"https:\\\/\\\/www.eisep.si\\\/#organization\"},\"potentialAction\":[{\"@type\":\"SearchAction\",\"target\":{\"@type\":\"EntryPoint\",\"urlTemplate\":\"https:\\\/\\\/www.eisep.si\\\/?s={search_term_string}\"},\"query-input\":{\"@type\":\"PropertyValueSpecification\",\"valueRequired\":true,\"valueName\":\"search_term_string\"}}],\"inLanguage\":\"en-GB\"},{\"@type\":\"Organization\",\"@id\":\"https:\\\/\\\/www.eisep.si\\\/#organization\",\"name\":\"Evropski in\u0161titut za skladnost in etiko poslovanja\",\"url\":\"https:\\\/\\\/www.eisep.si\\\/\",\"logo\":{\"@type\":\"ImageObject\",\"inLanguage\":\"en-GB\",\"@id\":\"https:\\\/\\\/www.eisep.si\\\/#\\\/schema\\\/logo\\\/image\\\/\",\"url\":\"https:\\\/\\\/www.eisep.si\\\/wp-content\\\/uploads\\\/2020\\\/07\\\/eisep.png\",\"contentUrl\":\"https:\\\/\\\/www.eisep.si\\\/wp-content\\\/uploads\\\/2020\\\/07\\\/eisep.png\",\"width\":2582,\"height\":406,\"caption\":\"Evropski in\u0161titut za skladnost in etiko poslovanja\"},\"image\":{\"@id\":\"https:\\\/\\\/www.eisep.si\\\/#\\\/schema\\\/logo\\\/image\\\/\"}}]}<\/script>\n<!-- \/ Yoast SEO plugin. -->","yoast_head_json":{"title":"Letna konferenca 2021 - EISEP","robots":{"index":"index","follow":"follow","max-snippet":"max-snippet:-1","max-image-preview":"max-image-preview:large","max-video-preview":"max-video-preview:-1"},"canonical":"https:\/\/www.eisep.si\/en\/letna-konferenca-2021\/","og_locale":"en_GB","og_type":"article","og_title":"Letna konferenca 2021 - EISEP","og_description":"LETNA KONFERENCA 2021 7. KONFERENCA O SKLADNOSTI IN ETIKI POSLOVANJA NA BLEDU KONFERENCA JE POTEKALA\u00a0 10.\u00a0 \u2013 11. OKTOBRA NA BLEDU!\u00a0 Na konferenci smo obravnavali klju\u010dne teme, ki oblikujejo prihodnost [&hellip;]","og_url":"https:\/\/www.eisep.si\/en\/letna-konferenca-2021\/","og_site_name":"EISEP","article_modified_time":"2025-11-04T13:21:57+00:00","og_image":[{"width":3462,"height":881,"url":"https:\/\/www.eisep.si\/wp-content\/uploads\/2020\/08\/BCEC.png","type":"image\/png"}],"twitter_card":"summary_large_image","twitter_misc":{"Estimated reading time":"2 minutes"},"schema":{"@context":"https:\/\/schema.org","@graph":[{"@type":"WebPage","@id":"https:\/\/www.eisep.si\/letna-konferenca-2021\/","url":"https:\/\/www.eisep.si\/letna-konferenca-2021\/","name":"Letna konferenca 2021 - EISEP","isPartOf":{"@id":"https:\/\/www.eisep.si\/#website"},"primaryImageOfPage":{"@id":"https:\/\/www.eisep.si\/letna-konferenca-2021\/#primaryimage"},"image":{"@id":"https:\/\/www.eisep.si\/letna-konferenca-2021\/#primaryimage"},"thumbnailUrl":"https:\/\/www.eisep.si\/wp-content\/uploads\/2020\/08\/BCEC-1024x261.png","datePublished":"2025-11-04T13:03:25+00:00","dateModified":"2025-11-04T13:21:57+00:00","breadcrumb":{"@id":"https:\/\/www.eisep.si\/letna-konferenca-2021\/#breadcrumb"},"inLanguage":"en-GB","potentialAction":[{"@type":"ReadAction","target":["https:\/\/www.eisep.si\/letna-konferenca-2021\/"]}]},{"@type":"ImageObject","inLanguage":"en-GB","@id":"https:\/\/www.eisep.si\/letna-konferenca-2021\/#primaryimage","url":"https:\/\/www.eisep.si\/wp-content\/uploads\/2020\/08\/BCEC-1024x261.png","contentUrl":"https:\/\/www.eisep.si\/wp-content\/uploads\/2020\/08\/BCEC-1024x261.png"},{"@type":"BreadcrumbList","@id":"https:\/\/www.eisep.si\/letna-konferenca-2021\/#breadcrumb","itemListElement":[{"@type":"ListItem","position":1,"name":"Home","item":"https:\/\/www.eisep.si\/"},{"@type":"ListItem","position":2,"name":"Letna konferenca 2021"}]},{"@type":"WebSite","@id":"https:\/\/www.eisep.si\/#website","url":"https:\/\/www.eisep.si\/","name":"EICE","description":"European Institute of Compliance and Ethics","publisher":{"@id":"https:\/\/www.eisep.si\/#organization"},"potentialAction":[{"@type":"SearchAction","target":{"@type":"EntryPoint","urlTemplate":"https:\/\/www.eisep.si\/?s={search_term_string}"},"query-input":{"@type":"PropertyValueSpecification","valueRequired":true,"valueName":"search_term_string"}}],"inLanguage":"en-GB"},{"@type":"Organization","@id":"https:\/\/www.eisep.si\/#organization","name":"European Institute of Compliance and Ethics","url":"https:\/\/www.eisep.si\/","logo":{"@type":"ImageObject","inLanguage":"en-GB","@id":"https:\/\/www.eisep.si\/#\/schema\/logo\/image\/","url":"https:\/\/www.eisep.si\/wp-content\/uploads\/2020\/07\/eisep.png","contentUrl":"https:\/\/www.eisep.si\/wp-content\/uploads\/2020\/07\/eisep.png","width":2582,"height":406,"caption":"Evropski in\u0161titut za skladnost in etiko poslovanja"},"image":{"@id":"https:\/\/www.eisep.si\/#\/schema\/logo\/image\/"}}]}},"_links":{"self":[{"href":"https:\/\/www.eisep.si\/en\/wp-json\/wp\/v2\/pages\/12366","targetHints":{"allow":["GET"]}}],"collection":[{"href":"https:\/\/www.eisep.si\/en\/wp-json\/wp\/v2\/pages"}],"about":[{"href":"https:\/\/www.eisep.si\/en\/wp-json\/wp\/v2\/types\/page"}],"author":[{"embeddable":true,"href":"https:\/\/www.eisep.si\/en\/wp-json\/wp\/v2\/users\/1"}],"replies":[{"embeddable":true,"href":"https:\/\/www.eisep.si\/en\/wp-json\/wp\/v2\/comments?post=12366"}],"version-history":[{"count":16,"href":"https:\/\/www.eisep.si\/en\/wp-json\/wp\/v2\/pages\/12366\/revisions"}],"predecessor-version":[{"id":12390,"href":"https:\/\/www.eisep.si\/en\/wp-json\/wp\/v2\/pages\/12366\/revisions\/12390"}],"wp:attachment":[{"href":"https:\/\/www.eisep.si\/en\/wp-json\/wp\/v2\/media?parent=12366"}],"curies":[{"name":"wp","href":"https:\/\/api.w.org\/{rel}","templated":true}]}}