{"id":126,"date":"2020-07-29T14:32:05","date_gmt":"2020-07-29T14:32:05","guid":{"rendered":"https:\/\/stage2.eisep.si\/?page_id=126"},"modified":"2026-04-21T11:18:35","modified_gmt":"2026-04-21T09:18:35","slug":"eisep-klub","status":"publish","type":"page","link":"https:\/\/www.eisep.si\/en\/eisep-klub\/","title":{"rendered":"EISEP Klub"},"content":{"rendered":"<div data-elementor-type=\"wp-page\" data-elementor-id=\"126\" class=\"elementor elementor-126\" data-elementor-post-type=\"page\">\n\t\t\t\t\t\t<section class=\"elementor-section elementor-top-section elementor-element elementor-element-981fd6c elementor-section-boxed elementor-section-height-default elementor-section-height-default\" data-id=\"981fd6c\" data-element_type=\"section\">\n\t\t\t\t\t\t<div class=\"elementor-container elementor-column-gap-default\">\n\t\t\t\t\t<div class=\"elementor-column elementor-col-100 elementor-top-column elementor-element elementor-element-5a5caea\" data-id=\"5a5caea\" data-element_type=\"column\">\n\t\t\t<div class=\"elementor-widget-wrap elementor-element-populated\">\n\t\t\t\t\t\t<div class=\"elementor-element elementor-element-c557978 animated-slow elementor-invisible elementor-widget elementor-widget-heading\" data-id=\"c557978\" data-element_type=\"widget\" data-settings=\"{&quot;_animation&quot;:&quot;fadeIn&quot;}\" data-widget_type=\"heading.default\">\n\t\t\t\t<div class=\"elementor-widget-container\">\n\t\t\t\t\t<h2 class=\"elementor-heading-title elementor-size-default\">EICE CLUB<\/h2>\t\t\t\t<\/div>\n\t\t\t\t<\/div>\n\t\t\t\t<div class=\"elementor-element elementor-element-55a41bb elementor-widget-divider--view-line elementor-widget elementor-widget-divider\" data-id=\"55a41bb\" data-element_type=\"widget\" data-widget_type=\"divider.default\">\n\t\t\t\t<div class=\"elementor-widget-container\">\n\t\t\t\t\t\t\t<div class=\"elementor-divider\">\n\t\t\t<span class=\"elementor-divider-separator\">\n\t\t\t\t\t\t<\/span>\n\t\t<\/div>\n\t\t\t\t\t\t<\/div>\n\t\t\t\t<\/div>\n\t\t<div class=\"elementor-element elementor-element-7569847 e-flex e-con-boxed e-con e-parent\" data-id=\"7569847\" data-element_type=\"container\">\n\t\t\t\t\t<div class=\"e-con-inner\">\n\t\t\t\t<div class=\"elementor-element elementor-element-fea7ec0 elementor-widget elementor-widget-heading\" data-id=\"fea7ec0\" data-element_type=\"widget\" data-widget_type=\"heading.default\">\n\t\t\t\t<div class=\"elementor-widget-container\">\n\t\t\t\t\t<h4 class=\"elementor-heading-title elementor-size-default\">EISEP Klub, 11. februar 2026<\/h4>\t\t\t\t<\/div>\n\t\t\t\t<\/div>\n\t\t\t\t<div class=\"elementor-element elementor-element-a4dc24e elementor-widget elementor-widget-text-editor\" data-id=\"a4dc24e\" data-element_type=\"widget\" data-widget_type=\"text-editor.default\">\n\t\t\t\t<div class=\"elementor-widget-container\">\n\t\t\t\t\t\t\t\t\t<p>Na februarskem EISEP klubu so \u010dlani razpravljali <strong>o prakti\u010dnem primeru na temo prijave povra\u010dilnih ukrepov v povezavi s postopkom kadrovske slu\u017ebe. <\/strong>Primer se je nana\u0161al na fiktivno situacijo, v kateri je pri\u0161lo do postopka prekinitve delovnega razmerja prese\u017enega delavca, ki navaja, da je bil kadrovski proces zoper njega spro\u017een, ker je vlo\u017eil prito\u017ebo glede\u00a0\u0161ikanoznega\u00a0ravnanja vplivne direktorice v podjetju. V postopek se je vme\u0161al tudi \u010dlan uprave. Za pomo\u010d v situaciji se je zaposleni obrnil na poobla\u0161\u010denca za skladnost v podjetju.\u00a0<\/p><p>Pi\u0161e: Lili\u00a0Preinfalk, \u0161tudentka Pravne Fakultete Univerze v Ljubljani, v okviru prakse pri EISEP\u00a0<\/p>\t\t\t\t\t\t\t\t<\/div>\n\t\t\t\t<\/div>\n\t\t\t\t<div class=\"elementor-element elementor-element-afd2a40 elementor-widget elementor-widget-button\" data-id=\"afd2a40\" data-element_type=\"widget\" data-widget_type=\"button.default\">\n\t\t\t\t<div class=\"elementor-widget-container\">\n\t\t\t\t\t\t\t\t\t<div class=\"elementor-button-wrapper\">\n\t\t\t\t\t<a class=\"elementor-button elementor-button-link elementor-size-sm\" href=\"https:\/\/www.eisep.si\/wp-content\/uploads\/2026\/03\/EISEP-klub-februar-porocilo_Lili-Preinfalk.pdf\" target=\"_blank\">\n\t\t\t\t\t\t<span class=\"elementor-button-content-wrapper\">\n\t\t\t\t\t\t\t\t\t<span class=\"elementor-button-text\">preberite ve\u010d<\/span>\n\t\t\t\t\t<\/span>\n\t\t\t\t\t<\/a>\n\t\t\t\t<\/div>\n\t\t\t\t\t\t\t\t<\/div>\n\t\t\t\t<\/div>\n\t\t\t\t<div class=\"elementor-element elementor-element-bf413ab elementor-widget-divider--view-line elementor-widget elementor-widget-divider\" data-id=\"bf413ab\" data-element_type=\"widget\" data-widget_type=\"divider.default\">\n\t\t\t\t<div class=\"elementor-widget-container\">\n\t\t\t\t\t\t\t<div class=\"elementor-divider\">\n\t\t\t<span class=\"elementor-divider-separator\">\n\t\t\t\t\t\t<\/span>\n\t\t<\/div>\n\t\t\t\t\t\t<\/div>\n\t\t\t\t<\/div>\n\t\t\t\t\t<\/div>\n\t\t\t\t<\/div>\n\t\t\t\t\t<\/div>\n\t\t<\/div>\n\t\t\t\t\t<\/div>\n\t\t<\/section>\n\t\t\t\t<section class=\"elementor-section elementor-top-section elementor-element elementor-element-167ad49 elementor-section-boxed elementor-section-height-default elementor-section-height-default\" data-id=\"167ad49\" data-element_type=\"section\" data-settings=\"{&quot;background_background&quot;:&quot;classic&quot;}\">\n\t\t\t\t\t\t<div class=\"elementor-container elementor-column-gap-default\">\n\t\t\t\t\t<div class=\"elementor-column elementor-col-100 elementor-top-column elementor-element elementor-element-e7a1299\" data-id=\"e7a1299\" data-element_type=\"column\">\n\t\t\t<div class=\"elementor-widget-wrap elementor-element-populated\">\n\t\t\t\t\t\t<div class=\"elementor-element elementor-element-e69967b elementor-widget elementor-widget-text-editor\" data-id=\"e69967b\" data-element_type=\"widget\" data-widget_type=\"text-editor.default\">\n\t\t\t\t<div class=\"elementor-widget-container\">\n\t\t\t\t\t\t\t\t\t<p><strong>EICE CLUB<\/strong> je redno virtualno strokovno sre\u010danje, namenjeno izmenjavam idej, izku\u0161enj in znanja med \u010dlani EISEP strokovne skupnosti. Tisti, ki ste z nami \u017ee nekaj let, se boste spomnili Srede za skladnost in predhodno Krogov zaupanja, na katerih ta sre\u010danja temeljijo in jih nadgrajujejo. Dogodek je na sporedu v sredo ali \u010detrtek v mesecu ter spodbuja \u0161e dodatno povezovanje \u010dlanov in krepitev skupnosti strokovnjakov za skladnost.<\/p><p><img fetchpriority=\"high\" decoding=\"async\" class=\"wp-image-5882 alignright\" src=\"https:\/\/www.eisep.si\/wp-content\/uploads\/2020\/08\/krogzaupanjaozadje-1024x576.jpg\" alt=\"\" width=\"500\" height=\"281\" srcset=\"https:\/\/www.eisep.si\/wp-content\/uploads\/2020\/08\/krogzaupanjaozadje-1024x576.jpg 1024w, https:\/\/www.eisep.si\/wp-content\/uploads\/2020\/08\/krogzaupanjaozadje-300x169.jpg 300w, https:\/\/www.eisep.si\/wp-content\/uploads\/2020\/08\/krogzaupanjaozadje-768x432.jpg 768w, https:\/\/www.eisep.si\/wp-content\/uploads\/2020\/08\/krogzaupanjaozadje-1536x864.jpg 1536w, https:\/\/www.eisep.si\/wp-content\/uploads\/2020\/08\/krogzaupanjaozadje-2048x1152.jpg 2048w\" sizes=\"(max-width: 500px) 100vw, 500px\" \/>EISEP Klub poteka v skupini s prijavljenimi \u010dlani, ki jo vodi moderator. Na za\u010detku ta predlaga nekaj mo\u017enih tem, h katerim udele\u017eenci dodajajo svoje predloge. Teme se obravnavajo po vrstnem redu, kot jih udele\u017eenci &#8216;izglasujejo&#8217; sami. Vsaka tema ima omejen \u010das za razpravo.<\/p><p>At meetings like this so far, we have discussed topics such as:<\/p><ul><li>human and other necessary resources for the implementation of the compliance function;<\/li><li>how to deal with reports of violations involving senior management;<\/li><li>what may be the responsibility of the compliance officer in cases of non-compliance;<\/li><li>delimitation and cooperation with other functions;<\/li><li>what innovation means in terms of compliance, does it require intolerance towards non-compliance and about other challenges we face when working in the field of compliance.<\/li><\/ul><p>\u00a0<\/p><p>In recent years we also touched on current issues related to the corona crisis, namely how to implement the remote compliance function, new risks in the new situation, what this new reality means in terms of protecting confidential information, personal data and similar.<\/p><p>Ideja EISEP Kluba je tudi, da bi si \u010dlani strokovne skupnosti EISEP enkrat na mesec la\u017eje vzeli \u010das za neobvezne teme s podro\u010dja skladnosti, ki pa \u0161irijo njihova obzorja in kompetence. Zato pred vsakim dogodkom \u010dlanom ponudimo tudi zanimiva in aktualna gradiva za njihovo nadaljnje razmi\u0161ljanje.<\/p>\t\t\t\t\t\t\t\t<\/div>\n\t\t\t\t<\/div>\n\t\t\t\t\t<\/div>\n\t\t<\/div>\n\t\t\t\t\t<\/div>\n\t\t<\/section>\n\t\t\t\t<section class=\"elementor-section elementor-top-section elementor-element elementor-element-a9daf2d elementor-section-boxed elementor-section-height-default elementor-section-height-default\" data-id=\"a9daf2d\" data-element_type=\"section\">\n\t\t\t\t\t\t<div class=\"elementor-container elementor-column-gap-default\">\n\t\t\t\t\t<div class=\"elementor-column elementor-col-100 elementor-top-column elementor-element elementor-element-6501657\" data-id=\"6501657\" data-element_type=\"column\">\n\t\t\t<div class=\"elementor-widget-wrap elementor-element-populated\">\n\t\t\t\t\t\t<div class=\"elementor-element elementor-element-52a03b3 elementor-align-center elementor-widget elementor-widget-button\" data-id=\"52a03b3\" data-element_type=\"widget\" data-widget_type=\"button.default\">\n\t\t\t\t<div class=\"elementor-widget-container\">\n\t\t\t\t\t\t\t\t\t<div class=\"elementor-button-wrapper\">\n\t\t\t\t\t<a class=\"elementor-button elementor-button-link elementor-size-sm elementor-animation-grow\" href=\"https:\/\/www.eisep.si\/en\/clanstvo\/pristopna-izjava\/\">\n\t\t\t\t\t\t<span class=\"elementor-button-content-wrapper\">\n\t\t\t\t\t\t\t\t\t<span class=\"elementor-button-text\">Not our member yet? Join us.<\/span>\n\t\t\t\t\t<\/span>\n\t\t\t\t\t<\/a>\n\t\t\t\t<\/div>\n\t\t\t\t\t\t\t\t<\/div>\n\t\t\t\t<\/div>\n\t\t\t\t\t<\/div>\n\t\t<\/div>\n\t\t\t\t\t<\/div>\n\t\t<\/section>\n\t\t\t\t<section class=\"elementor-section elementor-top-section elementor-element elementor-element-540646c elementor-section-boxed elementor-section-height-default elementor-section-height-default\" data-id=\"540646c\" data-element_type=\"section\">\n\t\t\t\t\t\t<div class=\"elementor-container elementor-column-gap-default\">\n\t\t\t\t\t<div class=\"elementor-column elementor-col-100 elementor-top-column elementor-element elementor-element-8c09633\" data-id=\"8c09633\" data-element_type=\"column\">\n\t\t\t<div class=\"elementor-widget-wrap elementor-element-populated\">\n\t\t\t\t\t\t<div class=\"elementor-element elementor-element-d283641 elementor-widget elementor-widget-text-editor\" data-id=\"d283641\" data-element_type=\"widget\" data-widget_type=\"text-editor.default\">\n\t\t\t\t<div class=\"elementor-widget-container\">\n\t\t\t\t\t\t\t\t\t<p>You can see all the membership benefits in the <a href=\"https:\/\/www.eisep.si\/en\/clanski-paket\/\">membership package<\/a>. In case of any questions, we are available at <a href=\"mailto:info@eisep.si\">info@eisep.si<\/a>.<\/p>\t\t\t\t\t\t\t\t<\/div>\n\t\t\t\t<\/div>\n\t\t\t\t\t<\/div>\n\t\t<\/div>\n\t\t\t\t\t<\/div>\n\t\t<\/section>\n\t\t\t\t<\/div>","protected":false},"excerpt":{"rendered":"<p>EISEP KLUB EISEP Klub, 11. februar 2026 Na februarskem EISEP klubu so \u010dlani razpravljali o prakti\u010dnem primeru na temo prijave povra\u010dilnih ukrepov v povezavi s postopkom kadrovske slu\u017ebe. Primer se [&hellip;]<\/p>\n","protected":false},"author":1,"featured_media":0,"parent":0,"menu_order":0,"comment_status":"closed","ping_status":"closed","template":"","meta":{"_monsterinsights_skip_tracking":false,"_monsterinsights_sitenote_active":false,"_monsterinsights_sitenote_note":"","_monsterinsights_sitenote_category":0,"footnotes":""},"class_list":["post-126","page","type-page","status-publish","hentry"],"yoast_head":"<!-- This site is optimized with the Yoast SEO plugin v27.6 - https:\/\/yoast.com\/product\/yoast-seo-wordpress\/ -->\n<title>EISEP Klub - EISEP<\/title>\n<meta name=\"description\" content=\"EISEP Klub povezuje strokovnjake za skladnost poslovanja skozi redna sre\u010danja, izmenjavo izku\u0161enj in razprave o aktualnih izzivih v strokovni skupnosti.\" \/>\n<meta name=\"robots\" content=\"index, follow, max-snippet:-1, max-image-preview:large, max-video-preview:-1\" \/>\n<link rel=\"canonical\" href=\"https:\/\/www.eisep.si\/en\/eisep-klub\/\" \/>\n<meta property=\"og:locale\" content=\"en_GB\" \/>\n<meta property=\"og:type\" content=\"article\" \/>\n<meta property=\"og:title\" content=\"EISEP Klub - EISEP\" \/>\n<meta property=\"og:description\" content=\"EISEP Klub povezuje strokovnjake za skladnost poslovanja skozi redna sre\u010danja, izmenjavo izku\u0161enj in razprave o aktualnih izzivih v strokovni skupnosti.\" \/>\n<meta property=\"og:url\" content=\"https:\/\/www.eisep.si\/en\/eisep-klub\/\" \/>\n<meta property=\"og:site_name\" content=\"EISEP\" \/>\n<meta property=\"article:modified_time\" content=\"2026-04-21T09:18:35+00:00\" \/>\n<meta property=\"og:image\" content=\"https:\/\/www.eisep.si\/wp-content\/uploads\/2020\/08\/krogzaupanjaozadje-1024x576.jpg\" \/>\n<meta name=\"twitter:card\" content=\"summary_large_image\" \/>\n<meta name=\"twitter:label1\" content=\"Estimated reading time\" \/>\n\t<meta name=\"twitter:data1\" content=\"3 minutes\" \/>\n<script type=\"application\/ld+json\" class=\"yoast-schema-graph\">{\"@context\":\"https:\\\/\\\/schema.org\",\"@graph\":[{\"@type\":\"WebPage\",\"@id\":\"https:\\\/\\\/www.eisep.si\\\/eisep-klub\\\/\",\"url\":\"https:\\\/\\\/www.eisep.si\\\/eisep-klub\\\/\",\"name\":\"EISEP Klub - EISEP\",\"isPartOf\":{\"@id\":\"https:\\\/\\\/www.eisep.si\\\/#website\"},\"primaryImageOfPage\":{\"@id\":\"https:\\\/\\\/www.eisep.si\\\/eisep-klub\\\/#primaryimage\"},\"image\":{\"@id\":\"https:\\\/\\\/www.eisep.si\\\/eisep-klub\\\/#primaryimage\"},\"thumbnailUrl\":\"https:\\\/\\\/www.eisep.si\\\/wp-content\\\/uploads\\\/2020\\\/08\\\/krogzaupanjaozadje-1024x576.jpg\",\"datePublished\":\"2020-07-29T14:32:05+00:00\",\"dateModified\":\"2026-04-21T09:18:35+00:00\",\"description\":\"EISEP Klub povezuje strokovnjake za skladnost poslovanja skozi redna sre\u010danja, izmenjavo izku\u0161enj in razprave o aktualnih izzivih v strokovni skupnosti.\",\"breadcrumb\":{\"@id\":\"https:\\\/\\\/www.eisep.si\\\/eisep-klub\\\/#breadcrumb\"},\"inLanguage\":\"en-GB\",\"potentialAction\":[{\"@type\":\"ReadAction\",\"target\":[\"https:\\\/\\\/www.eisep.si\\\/eisep-klub\\\/\"]}]},{\"@type\":\"ImageObject\",\"inLanguage\":\"en-GB\",\"@id\":\"https:\\\/\\\/www.eisep.si\\\/eisep-klub\\\/#primaryimage\",\"url\":\"https:\\\/\\\/www.eisep.si\\\/wp-content\\\/uploads\\\/2020\\\/08\\\/krogzaupanjaozadje-1024x576.jpg\",\"contentUrl\":\"https:\\\/\\\/www.eisep.si\\\/wp-content\\\/uploads\\\/2020\\\/08\\\/krogzaupanjaozadje-1024x576.jpg\"},{\"@type\":\"BreadcrumbList\",\"@id\":\"https:\\\/\\\/www.eisep.si\\\/eisep-klub\\\/#breadcrumb\",\"itemListElement\":[{\"@type\":\"ListItem\",\"position\":1,\"name\":\"Home\",\"item\":\"https:\\\/\\\/www.eisep.si\\\/\"},{\"@type\":\"ListItem\",\"position\":2,\"name\":\"EISEP Klub\"}]},{\"@type\":\"WebSite\",\"@id\":\"https:\\\/\\\/www.eisep.si\\\/#website\",\"url\":\"https:\\\/\\\/www.eisep.si\\\/\",\"name\":\"EISEP\",\"description\":\"Evropski in\u0161titut za skladnost in etiko poslovanja\",\"publisher\":{\"@id\":\"https:\\\/\\\/www.eisep.si\\\/#organization\"},\"potentialAction\":[{\"@type\":\"SearchAction\",\"target\":{\"@type\":\"EntryPoint\",\"urlTemplate\":\"https:\\\/\\\/www.eisep.si\\\/?s={search_term_string}\"},\"query-input\":{\"@type\":\"PropertyValueSpecification\",\"valueRequired\":true,\"valueName\":\"search_term_string\"}}],\"inLanguage\":\"en-GB\"},{\"@type\":\"Organization\",\"@id\":\"https:\\\/\\\/www.eisep.si\\\/#organization\",\"name\":\"Evropski in\u0161titut za skladnost in etiko poslovanja\",\"url\":\"https:\\\/\\\/www.eisep.si\\\/\",\"logo\":{\"@type\":\"ImageObject\",\"inLanguage\":\"en-GB\",\"@id\":\"https:\\\/\\\/www.eisep.si\\\/#\\\/schema\\\/logo\\\/image\\\/\",\"url\":\"https:\\\/\\\/www.eisep.si\\\/wp-content\\\/uploads\\\/2020\\\/07\\\/eisep.png\",\"contentUrl\":\"https:\\\/\\\/www.eisep.si\\\/wp-content\\\/uploads\\\/2020\\\/07\\\/eisep.png\",\"width\":2582,\"height\":406,\"caption\":\"Evropski in\u0161titut za skladnost in etiko poslovanja\"},\"image\":{\"@id\":\"https:\\\/\\\/www.eisep.si\\\/#\\\/schema\\\/logo\\\/image\\\/\"}}]}<\/script>\n<!-- \/ Yoast SEO plugin. -->","yoast_head_json":{"title":"EISEP Klub - EISEP","description":"EISEP Klub povezuje strokovnjake za skladnost poslovanja skozi redna sre\u010danja, izmenjavo izku\u0161enj in razprave o aktualnih izzivih v strokovni skupnosti.","robots":{"index":"index","follow":"follow","max-snippet":"max-snippet:-1","max-image-preview":"max-image-preview:large","max-video-preview":"max-video-preview:-1"},"canonical":"https:\/\/www.eisep.si\/en\/eisep-klub\/","og_locale":"en_GB","og_type":"article","og_title":"EISEP Klub - EISEP","og_description":"EISEP Klub povezuje strokovnjake za skladnost poslovanja skozi redna sre\u010danja, izmenjavo izku\u0161enj in razprave o aktualnih izzivih v strokovni skupnosti.","og_url":"https:\/\/www.eisep.si\/en\/eisep-klub\/","og_site_name":"EISEP","article_modified_time":"2026-04-21T09:18:35+00:00","og_image":[{"url":"https:\/\/www.eisep.si\/wp-content\/uploads\/2020\/08\/krogzaupanjaozadje-1024x576.jpg","type":"","width":"","height":""}],"twitter_card":"summary_large_image","twitter_misc":{"Estimated reading time":"3 minutes"},"schema":{"@context":"https:\/\/schema.org","@graph":[{"@type":"WebPage","@id":"https:\/\/www.eisep.si\/eisep-klub\/","url":"https:\/\/www.eisep.si\/eisep-klub\/","name":"EISEP Klub - EISEP","isPartOf":{"@id":"https:\/\/www.eisep.si\/#website"},"primaryImageOfPage":{"@id":"https:\/\/www.eisep.si\/eisep-klub\/#primaryimage"},"image":{"@id":"https:\/\/www.eisep.si\/eisep-klub\/#primaryimage"},"thumbnailUrl":"https:\/\/www.eisep.si\/wp-content\/uploads\/2020\/08\/krogzaupanjaozadje-1024x576.jpg","datePublished":"2020-07-29T14:32:05+00:00","dateModified":"2026-04-21T09:18:35+00:00","description":"EISEP Klub povezuje strokovnjake za skladnost poslovanja skozi redna sre\u010danja, izmenjavo izku\u0161enj in razprave o aktualnih izzivih v strokovni skupnosti.","breadcrumb":{"@id":"https:\/\/www.eisep.si\/eisep-klub\/#breadcrumb"},"inLanguage":"en-GB","potentialAction":[{"@type":"ReadAction","target":["https:\/\/www.eisep.si\/eisep-klub\/"]}]},{"@type":"ImageObject","inLanguage":"en-GB","@id":"https:\/\/www.eisep.si\/eisep-klub\/#primaryimage","url":"https:\/\/www.eisep.si\/wp-content\/uploads\/2020\/08\/krogzaupanjaozadje-1024x576.jpg","contentUrl":"https:\/\/www.eisep.si\/wp-content\/uploads\/2020\/08\/krogzaupanjaozadje-1024x576.jpg"},{"@type":"BreadcrumbList","@id":"https:\/\/www.eisep.si\/eisep-klub\/#breadcrumb","itemListElement":[{"@type":"ListItem","position":1,"name":"Home","item":"https:\/\/www.eisep.si\/"},{"@type":"ListItem","position":2,"name":"EISEP Klub"}]},{"@type":"WebSite","@id":"https:\/\/www.eisep.si\/#website","url":"https:\/\/www.eisep.si\/","name":"EICE","description":"European Institute of Compliance and Ethics","publisher":{"@id":"https:\/\/www.eisep.si\/#organization"},"potentialAction":[{"@type":"SearchAction","target":{"@type":"EntryPoint","urlTemplate":"https:\/\/www.eisep.si\/?s={search_term_string}"},"query-input":{"@type":"PropertyValueSpecification","valueRequired":true,"valueName":"search_term_string"}}],"inLanguage":"en-GB"},{"@type":"Organization","@id":"https:\/\/www.eisep.si\/#organization","name":"European Institute of Compliance and Ethics","url":"https:\/\/www.eisep.si\/","logo":{"@type":"ImageObject","inLanguage":"en-GB","@id":"https:\/\/www.eisep.si\/#\/schema\/logo\/image\/","url":"https:\/\/www.eisep.si\/wp-content\/uploads\/2020\/07\/eisep.png","contentUrl":"https:\/\/www.eisep.si\/wp-content\/uploads\/2020\/07\/eisep.png","width":2582,"height":406,"caption":"Evropski in\u0161titut za skladnost in etiko poslovanja"},"image":{"@id":"https:\/\/www.eisep.si\/#\/schema\/logo\/image\/"}}]}},"_links":{"self":[{"href":"https:\/\/www.eisep.si\/en\/wp-json\/wp\/v2\/pages\/126","targetHints":{"allow":["GET"]}}],"collection":[{"href":"https:\/\/www.eisep.si\/en\/wp-json\/wp\/v2\/pages"}],"about":[{"href":"https:\/\/www.eisep.si\/en\/wp-json\/wp\/v2\/types\/page"}],"author":[{"embeddable":true,"href":"https:\/\/www.eisep.si\/en\/wp-json\/wp\/v2\/users\/1"}],"replies":[{"embeddable":true,"href":"https:\/\/www.eisep.si\/en\/wp-json\/wp\/v2\/comments?post=126"}],"version-history":[{"count":43,"href":"https:\/\/www.eisep.si\/en\/wp-json\/wp\/v2\/pages\/126\/revisions"}],"predecessor-version":[{"id":13884,"href":"https:\/\/www.eisep.si\/en\/wp-json\/wp\/v2\/pages\/126\/revisions\/13884"}],"wp:attachment":[{"href":"https:\/\/www.eisep.si\/en\/wp-json\/wp\/v2\/media?parent=126"}],"curies":[{"name":"wp","href":"https:\/\/api.w.org\/{rel}","templated":true}]}}