{"id":168,"date":"2020-07-29T18:57:33","date_gmt":"2020-07-29T18:57:33","guid":{"rendered":"https:\/\/stage2.eisep.si\/?page_id=168"},"modified":"2026-04-21T11:31:55","modified_gmt":"2026-04-21T09:31:55","slug":"eisep-raziskave","status":"publish","type":"page","link":"https:\/\/www.eisep.si\/en\/eisep-raziskave\/","title":{"rendered":"EICE Research"},"content":{"rendered":"<div data-elementor-type=\"wp-page\" data-elementor-id=\"168\" class=\"elementor elementor-168\" data-elementor-post-type=\"page\">\n\t\t\t\t\t\t<section class=\"elementor-section elementor-top-section elementor-element elementor-element-ce8185c elementor-section-boxed elementor-section-height-default elementor-section-height-default\" data-id=\"ce8185c\" data-element_type=\"section\">\n\t\t\t\t\t\t<div class=\"elementor-container elementor-column-gap-default\">\n\t\t\t\t\t<div class=\"elementor-column elementor-col-100 elementor-top-column elementor-element elementor-element-39e071e6\" data-id=\"39e071e6\" data-element_type=\"column\">\n\t\t\t<div class=\"elementor-widget-wrap elementor-element-populated\">\n\t\t\t\t\t\t<div class=\"elementor-element elementor-element-5967c0f6 elementor-widget elementor-widget-heading\" data-id=\"5967c0f6\" data-element_type=\"widget\" data-widget_type=\"heading.default\">\n\t\t\t\t<div class=\"elementor-widget-container\">\n\t\t\t\t\t<h2 class=\"elementor-heading-title elementor-size-default\">EICE Research<\/h2>\t\t\t\t<\/div>\n\t\t\t\t<\/div>\n\t\t\t\t<div class=\"elementor-element elementor-element-e4d9888 elementor-widget-divider--view-line elementor-widget elementor-widget-divider\" data-id=\"e4d9888\" data-element_type=\"widget\" data-widget_type=\"divider.default\">\n\t\t\t\t<div class=\"elementor-widget-container\">\n\t\t\t\t\t\t\t<div class=\"elementor-divider\">\n\t\t\t<span class=\"elementor-divider-separator\">\n\t\t\t\t\t\t<\/span>\n\t\t<\/div>\n\t\t\t\t\t\t<\/div>\n\t\t\t\t<\/div>\n\t\t\t\t<div class=\"elementor-element elementor-element-20692f6 elementor-widget elementor-widget-text-editor\" data-id=\"20692f6\" data-element_type=\"widget\" data-widget_type=\"text-editor.default\">\n\t\t\t\t<div class=\"elementor-widget-container\">\n\t\t\t\t\t\t\t\t\t<p>Dokument predstavlja mednarodno primerjavo\u00a0<strong data-start=\"72\" data-end=\"117\">strukture prejemkov za kontrolne funkcije<\/strong>\u00a0\u2013 notranjo revizijo, upravljanje tveganj in skladnost poslovanja \u2013 v Nem\u010diji, Zdru\u017eenem kraljestvu in ZDA. Kompenzacijski paketi so sestavljeni iz\u00a0<strong data-start=\"265\" data-end=\"331\">fiksne pla\u010de, variabilnega dela (bonusi) in dodatnih ugodnosti<\/strong>. Analiza poka\u017ee, da\u00a0<strong data-start=\"352\" data-end=\"393\">ZDA ponujajo najvi\u0161je skupne prejemke<\/strong>, medtem ko z rastjo senioritete nara\u0161\u010da tudi dele\u017e variabilnega dela in ugodnosti. Med kontrolnimi funkcijami je praviloma\u00a0<strong data-start=\"517\" data-end=\"557\">upravljanje tveganj najbolje pla\u010dano<\/strong>. Prijetno branje!<\/p>\t\t\t\t\t\t\t\t<\/div>\n\t\t\t\t<\/div>\n\t\t\t\t<div class=\"elementor-element elementor-element-d542aac elementor-widget elementor-widget-shortcode\" data-id=\"d542aac\" data-element_type=\"widget\" data-widget_type=\"shortcode.default\">\n\t\t\t\t<div class=\"elementor-widget-container\">\n\t\t\t\t\t\t\t<div class=\"elementor-shortcode\"><a href=\"https:\/\/www.eisep.si\/wp-content\/uploads\/2026\/03\/Mednarodna-primerjava-strukture-prejemkov-kontrolnih-funkcij.pdf\" class=\"pdfemb-viewer\" style=\"\" data-width=\"max\" data-height=\"max\" data-toolbar=\"both\" data-toolbar-fixed=\"on\">Mednarodna-primerjava-strukture-prejemkov-kontrolnih-funkcij<\/a><\/div>\n\t\t\t\t\t\t<\/div>\n\t\t\t\t<\/div>\n\t\t\t\t<div class=\"elementor-element elementor-element-1f97a0c elementor-align-center elementor-widget elementor-widget-button\" data-id=\"1f97a0c\" data-element_type=\"widget\" data-widget_type=\"button.default\">\n\t\t\t\t<div class=\"elementor-widget-container\">\n\t\t\t\t\t\t\t\t\t<div class=\"elementor-button-wrapper\">\n\t\t\t\t\t<a class=\"elementor-button elementor-button-link elementor-size-sm\" href=\"https:\/\/www.eisep.si\/wp-content\/uploads\/2026\/03\/Mednarodna-primerjava-strukture-prejemkov-kontrolnih-funkcij.pdf\" target=\"_blank\">\n\t\t\t\t\t\t<span class=\"elementor-button-content-wrapper\">\n\t\t\t\t\t\t<span class=\"elementor-button-icon\">\n\t\t\t\t<i aria-hidden=\"true\" class=\"fas fa-download\"><\/i>\t\t\t<\/span>\n\t\t\t\t\t\t\t\t\t<span class=\"elementor-button-text\">DOWNLOAD DOCUMENT<\/span>\n\t\t\t\t\t<\/span>\n\t\t\t\t\t<\/a>\n\t\t\t\t<\/div>\n\t\t\t\t\t\t\t\t<\/div>\n\t\t\t\t<\/div>\n\t\t\t\t<div class=\"elementor-element elementor-element-115e5b7 elementor-widget-divider--view-line elementor-widget elementor-widget-divider\" data-id=\"115e5b7\" data-element_type=\"widget\" data-widget_type=\"divider.default\">\n\t\t\t\t<div class=\"elementor-widget-container\">\n\t\t\t\t\t\t\t<div class=\"elementor-divider\">\n\t\t\t<span class=\"elementor-divider-separator\">\n\t\t\t\t\t\t<\/span>\n\t\t<\/div>\n\t\t\t\t\t\t<\/div>\n\t\t\t\t<\/div>\n\t\t\t\t<div class=\"elementor-element elementor-element-e2e23bd elementor-widget elementor-widget-text-editor\" data-id=\"e2e23bd\" data-element_type=\"widget\" data-widget_type=\"text-editor.default\">\n\t\t\t\t<div class=\"elementor-widget-container\">\n\t\t\t\t\t\t\t\t\t<p>V sodelovanju z\u00a0<a href=\"https:\/\/www.iia.si\/\">Zdru\u017eenjem notranjih revizorjev IIA \u2013 Slovenski in\u0161titut<\/a> vam prvi\u010d predstavljamo zanimivo analizo s podro\u010dja prejemkov kontrolnih funkcij. <strong data-start=\"93\" data-end=\"217\">V analizi pla\u010d so primerjani podatki iz dveh meritev v gospodarstvu \u2013 za leti 2019 (34 podjetij) in 2025 (50 podjetij).<\/strong>\u00a0Pla\u010de so prikazane kot bruto letni zneski in vklju\u010dujejo osnovno pla\u010do, variabilna izpla\u010dila ter skupni letni prejemek. Variabilna izpla\u010dila zajemajo razli\u010dne oblike nagrajevanja, kot so bonusi, stimulacije, nagrade, bo\u017ei\u010dnica in udele\u017eba pri dobi\u010dku, pri \u010demer so v povpre\u010dja vklju\u010dene tudi ni\u010delne vrednosti. Namen analize je primerjava ravni in razpona pla\u010d ter strukture prejemkov med obema obdobjema. Vabljeni k branju!<\/p>\t\t\t\t\t\t\t\t<\/div>\n\t\t\t\t<\/div>\n\t\t\t\t<div class=\"elementor-element elementor-element-4ce493e elementor-widget elementor-widget-shortcode\" data-id=\"4ce493e\" data-element_type=\"widget\" data-widget_type=\"shortcode.default\">\n\t\t\t\t<div class=\"elementor-widget-container\">\n\t\t\t\t\t\t\t<div class=\"elementor-shortcode\"><a href=\"https:\/\/www.eisep.si\/wp-content\/uploads\/2026\/03\/Analiza-prejemkov-kljucnih-funkcij_Slovenija.pdf\" class=\"pdfemb-viewer\" style=\"\" data-width=\"max\" data-height=\"max\" data-toolbar=\"both\" data-toolbar-fixed=\"on\">Analiza-prejemkov-kljucnih-funkcij_Slovenija<\/a>\n<\/div>\n\t\t\t\t\t\t<\/div>\n\t\t\t\t<\/div>\n\t\t\t\t<div class=\"elementor-element elementor-element-1cc548c elementor-align-center elementor-widget elementor-widget-button\" data-id=\"1cc548c\" data-element_type=\"widget\" data-widget_type=\"button.default\">\n\t\t\t\t<div class=\"elementor-widget-container\">\n\t\t\t\t\t\t\t\t\t<div class=\"elementor-button-wrapper\">\n\t\t\t\t\t<a class=\"elementor-button elementor-button-link elementor-size-sm\" href=\"https:\/\/www.eisep.si\/wp-content\/uploads\/2026\/03\/Analiza-prejemkov-kljucnih-funkcij_Slovenija.pdf\" target=\"_blank\">\n\t\t\t\t\t\t<span class=\"elementor-button-content-wrapper\">\n\t\t\t\t\t\t<span class=\"elementor-button-icon\">\n\t\t\t\t<i aria-hidden=\"true\" class=\"fas fa-download\"><\/i>\t\t\t<\/span>\n\t\t\t\t\t\t\t\t\t<span class=\"elementor-button-text\">DOWNLOAD DOCUMENT<\/span>\n\t\t\t\t\t<\/span>\n\t\t\t\t\t<\/a>\n\t\t\t\t<\/div>\n\t\t\t\t\t\t\t\t<\/div>\n\t\t\t\t<\/div>\n\t\t\t\t<div class=\"elementor-element elementor-element-70a7189 elementor-widget-divider--view-line elementor-widget elementor-widget-divider\" data-id=\"70a7189\" data-element_type=\"widget\" data-widget_type=\"divider.default\">\n\t\t\t\t<div class=\"elementor-widget-container\">\n\t\t\t\t\t\t\t<div class=\"elementor-divider\">\n\t\t\t<span class=\"elementor-divider-separator\">\n\t\t\t\t\t\t<\/span>\n\t\t<\/div>\n\t\t\t\t\t\t<\/div>\n\t\t\t\t<\/div>\n\t\t\t\t<div class=\"elementor-element elementor-element-1f62578 elementor-widget elementor-widget-text-editor\" data-id=\"1f62578\" data-element_type=\"widget\" data-widget_type=\"text-editor.default\">\n\t\t\t\t<div class=\"elementor-widget-container\">\n\t\t\t\t\t\t\t\t\t<p><a href=\"https:\/\/www.enfco.eu\/\">ENFCO \u2013 European Network for Compliance Officers<\/a> je nedavno objavil Poro\u010dilo o rezultatih raziskave o umetni inteligenci in skladnosti poslovanja (AI &amp; Compliance).\u00a0Z navdu\u0161enjem delimo te ugotovitve z vami, saj verjamemo, da vam bodo nudile dragocene vpoglede pri upravljanju vpra\u0161anj umetne inteligence v va\u0161ih organizacijah.<\/p>\t\t\t\t\t\t\t\t<\/div>\n\t\t\t\t<\/div>\n\t\t\t\t<div class=\"elementor-element elementor-element-90af697 elementor-widget elementor-widget-text-editor\" data-id=\"90af697\" data-element_type=\"widget\" data-widget_type=\"text-editor.default\">\n\t\t\t\t<div class=\"elementor-widget-container\">\n\t\t\t\t\t\t\t\t\t<p><a href=\"https:\/\/www.eisep.si\/wp-content\/uploads\/2025\/09\/ENFCO_Whitepaper_Survey_2024.pdf\" class=\"pdfemb-viewer\" style=\"\" data-width=\"max\" data-height=\"max\" data-toolbar=\"both\" data-toolbar-fixed=\"on\">ENFCO_Whitepaper_Survey_2024_AI_Compliance<\/a><\/p>\t\t\t\t\t\t\t\t<\/div>\n\t\t\t\t<\/div>\n\t\t\t\t<div class=\"elementor-element elementor-element-62b84eb elementor-align-center elementor-widget elementor-widget-button\" data-id=\"62b84eb\" data-element_type=\"widget\" data-widget_type=\"button.default\">\n\t\t\t\t<div class=\"elementor-widget-container\">\n\t\t\t\t\t\t\t\t\t<div class=\"elementor-button-wrapper\">\n\t\t\t\t\t<a class=\"elementor-button elementor-button-link elementor-size-sm\" href=\"https:\/\/www.eisep.si\/wp-content\/uploads\/2025\/09\/ENFCO_Whitepaper_Survey_2024.pdf\" target=\"_blank\">\n\t\t\t\t\t\t<span class=\"elementor-button-content-wrapper\">\n\t\t\t\t\t\t<span class=\"elementor-button-icon\">\n\t\t\t\t<i aria-hidden=\"true\" class=\"fas fa-download\"><\/i>\t\t\t<\/span>\n\t\t\t\t\t\t\t\t\t<span class=\"elementor-button-text\">DOWNLOAD DOCUMENT<\/span>\n\t\t\t\t\t<\/span>\n\t\t\t\t\t<\/a>\n\t\t\t\t<\/div>\n\t\t\t\t\t\t\t\t<\/div>\n\t\t\t\t<\/div>\n\t\t\t\t\t<\/div>\n\t\t<\/div>\n\t\t\t\t\t<\/div>\n\t\t<\/section>\n\t\t\t\t<section class=\"elementor-section elementor-top-section elementor-element elementor-element-8b0bc58 elementor-section-boxed elementor-section-height-default elementor-section-height-default\" data-id=\"8b0bc58\" data-element_type=\"section\">\n\t\t\t\t\t\t<div class=\"elementor-container elementor-column-gap-default\">\n\t\t\t\t\t<div class=\"elementor-column elementor-col-100 elementor-top-column elementor-element elementor-element-8181a57\" data-id=\"8181a57\" data-element_type=\"column\">\n\t\t\t<div class=\"elementor-widget-wrap elementor-element-populated\">\n\t\t\t\t\t\t<div class=\"elementor-element elementor-element-1cc31b1 elementor-widget-divider--view-line elementor-widget elementor-widget-divider\" data-id=\"1cc31b1\" data-element_type=\"widget\" data-widget_type=\"divider.default\">\n\t\t\t\t<div class=\"elementor-widget-container\">\n\t\t\t\t\t\t\t<div class=\"elementor-divider\">\n\t\t\t<span class=\"elementor-divider-separator\">\n\t\t\t\t\t\t<\/span>\n\t\t<\/div>\n\t\t\t\t\t\t<\/div>\n\t\t\t\t<\/div>\n\t\t\t\t<div class=\"elementor-element elementor-element-3933b85 elementor-widget elementor-widget-text-editor\" data-id=\"3933b85\" data-element_type=\"widget\" data-widget_type=\"text-editor.default\">\n\t\t\t\t<div class=\"elementor-widget-container\">\n\t\t\t\t\t\t\t\t\t<p><a href=\"https:\/\/www.enfco.eu\/\">ENFCO \u2013 European Network for Compliance Officers<\/a>, katerega tvorni \u010dlan je EISEP, je nedavno objavil\u00a0poro\u010dilo o rezultatih svoje raziskave o pristopih podjetij k podro\u010dju trajnostnega poslovanja in vlogi skladnosti pri tem (ESG &amp; Compliance).<\/p><p>Z veseljem delimo te pomembne ugotovitve z vami, saj verjamemo, da bodo pripomogle k va\u0161emu razumevanju in obravnavi ESG vpra\u0161anj v va\u0161ih organizacijah.<\/p><p class=\"p1\">\u00a0<\/p>\t\t\t\t\t\t\t\t<\/div>\n\t\t\t\t<\/div>\n\t\t\t\t\t<\/div>\n\t\t<\/div>\n\t\t\t\t\t<\/div>\n\t\t<\/section>\n\t\t\t\t<section class=\"elementor-section elementor-top-section elementor-element elementor-element-92411b6 elementor-section-boxed elementor-section-height-default elementor-section-height-default\" data-id=\"92411b6\" data-element_type=\"section\">\n\t\t\t\t\t\t<div class=\"elementor-container elementor-column-gap-default\">\n\t\t\t\t\t<div class=\"elementor-column elementor-col-100 elementor-top-column elementor-element elementor-element-40012bf\" data-id=\"40012bf\" data-element_type=\"column\">\n\t\t\t<div class=\"elementor-widget-wrap elementor-element-populated\">\n\t\t\t\t\t\t<div class=\"elementor-element elementor-element-66eef3b elementor-widget elementor-widget-text-editor\" data-id=\"66eef3b\" data-element_type=\"widget\" data-widget_type=\"text-editor.default\">\n\t\t\t\t<div class=\"elementor-widget-container\">\n\t\t\t\t\t\t\t\t\t<p><a href=\"https:\/\/www.eisep.si\/wp-content\/uploads\/2024\/02\/Whitepaper_Survey-Results_ESG-and-Compliance_2023.pdf\" class=\"pdfemb-viewer\" style=\"\" data-width=\"max\" data-height=\"max\" data-toolbar=\"both\" data-toolbar-fixed=\"on\">Whitepaper_Survey Results_ESG and Compliance_2023<\/a><\/p>\t\t\t\t\t\t\t\t<\/div>\n\t\t\t\t<\/div>\n\t\t\t\t<div class=\"elementor-element elementor-element-f8eb4f5 elementor-align-center elementor-widget elementor-widget-button\" data-id=\"f8eb4f5\" data-element_type=\"widget\" data-widget_type=\"button.default\">\n\t\t\t\t<div class=\"elementor-widget-container\">\n\t\t\t\t\t\t\t\t\t<div class=\"elementor-button-wrapper\">\n\t\t\t\t\t<a class=\"elementor-button elementor-button-link elementor-size-sm\" href=\"https:\/\/www.eisep.si\/wp-content\/uploads\/2024\/02\/Whitepaper_Survey-Results_ESG-and-Compliance_2023.pdf\" target=\"_blank\">\n\t\t\t\t\t\t<span class=\"elementor-button-content-wrapper\">\n\t\t\t\t\t\t<span class=\"elementor-button-icon\">\n\t\t\t\t<i aria-hidden=\"true\" class=\"fas fa-file-download\"><\/i>\t\t\t<\/span>\n\t\t\t\t\t\t\t\t\t<span class=\"elementor-button-text\">DOWNLOAD DOCUMENT<\/span>\n\t\t\t\t\t<\/span>\n\t\t\t\t\t<\/a>\n\t\t\t\t<\/div>\n\t\t\t\t\t\t\t\t<\/div>\n\t\t\t\t<\/div>\n\t\t\t\t\t<\/div>\n\t\t<\/div>\n\t\t\t\t\t<\/div>\n\t\t<\/section>\n\t\t\t\t<section class=\"elementor-section elementor-top-section elementor-element elementor-element-cdbc4a3 elementor-section-boxed elementor-section-height-default elementor-section-height-default\" data-id=\"cdbc4a3\" data-element_type=\"section\">\n\t\t\t\t\t\t<div class=\"elementor-container elementor-column-gap-default\">\n\t\t\t\t\t<div class=\"elementor-column elementor-col-100 elementor-top-column elementor-element elementor-element-6ef6361\" data-id=\"6ef6361\" data-element_type=\"column\">\n\t\t\t<div class=\"elementor-widget-wrap elementor-element-populated\">\n\t\t\t\t\t\t<div class=\"elementor-element elementor-element-6b48ac8 elementor-widget-divider--view-line elementor-widget elementor-widget-divider\" data-id=\"6b48ac8\" data-element_type=\"widget\" data-widget_type=\"divider.default\">\n\t\t\t\t<div class=\"elementor-widget-container\">\n\t\t\t\t\t\t\t<div class=\"elementor-divider\">\n\t\t\t<span class=\"elementor-divider-separator\">\n\t\t\t\t\t\t<\/span>\n\t\t<\/div>\n\t\t\t\t\t\t<\/div>\n\t\t\t\t<\/div>\n\t\t\t\t<div class=\"elementor-element elementor-element-71f577a elementor-widget elementor-widget-text-editor\" data-id=\"71f577a\" data-element_type=\"widget\" data-widget_type=\"text-editor.default\">\n\t\t\t\t<div class=\"elementor-widget-container\">\n\t\t\t\t\t\t\t\t\t<p class=\"p1\">In the corruption awareness week, December 9 - 13, 2019, we launched the first survey on compliance practices in Slovenia.<\/p><p class=\"p1\">We present the key findings that can be the basis for further research and development of the field of compliance and ethics in Slovenia.<\/p><p class=\"p1\">We will be glad, if the results of this research will help you and you will be able to use them in your work. Do not use the results of this survey for commercial purposes. When using the results of this research in subsequent publications, reference should be made to the source, indicating: European Institute of Compliance and Ethics - EICE,\u00a0<a href=\"https:\/\/www.eisep.si\/en\/\"><span class=\"s1\">www.eisep.si<\/span><\/a><\/p>\t\t\t\t\t\t\t\t<\/div>\n\t\t\t\t<\/div>\n\t\t\t\t\t<\/div>\n\t\t<\/div>\n\t\t\t\t\t<\/div>\n\t\t<\/section>\n\t\t\t\t<section class=\"elementor-section elementor-top-section elementor-element elementor-element-97de6e9 elementor-section-boxed elementor-section-height-default elementor-section-height-default\" data-id=\"97de6e9\" data-element_type=\"section\">\n\t\t\t\t\t\t<div class=\"elementor-container elementor-column-gap-default\">\n\t\t\t\t\t<div class=\"elementor-column elementor-col-100 elementor-top-column elementor-element elementor-element-c175bb8\" data-id=\"c175bb8\" data-element_type=\"column\">\n\t\t\t<div class=\"elementor-widget-wrap elementor-element-populated\">\n\t\t\t\t\t\t<div class=\"elementor-element elementor-element-37f4add elementor-widget elementor-widget-text-editor\" data-id=\"37f4add\" data-element_type=\"widget\" data-widget_type=\"text-editor.default\">\n\t\t\t\t<div class=\"elementor-widget-container\">\n\t\t\t\t\t\t\t\t\t<p><a href=\"https:\/\/www.eisep.si\/wp-content\/uploads\/2020\/07\/Zakljucki-EISEP-Raziskave-o-skladnih-praksah-v-Sloveniji-2020.pdf\" class=\"pdfemb-viewer\" style=\"\" data-width=\"max\" data-height=\"max\" data-toolbar=\"both\" data-toolbar-fixed=\"on\">Zakljucki-EISEP-Raziskave-o-skladnih-praksah-v-Sloveniji-2020<\/a><\/p>\t\t\t\t\t\t\t\t<\/div>\n\t\t\t\t<\/div>\n\t\t\t\t<div class=\"elementor-element elementor-element-fddfc15 elementor-align-center elementor-widget elementor-widget-button\" data-id=\"fddfc15\" data-element_type=\"widget\" data-widget_type=\"button.default\">\n\t\t\t\t<div class=\"elementor-widget-container\">\n\t\t\t\t\t\t\t\t\t<div class=\"elementor-button-wrapper\">\n\t\t\t\t\t<a class=\"elementor-button elementor-button-link elementor-size-sm\" href=\"https:\/\/www.eisep.si\/wp-content\/uploads\/2020\/07\/Zakljucki-EISEP-Raziskave-o-skladnih-praksah-v-Sloveniji-2020.pdf\" target=\"_blank\">\n\t\t\t\t\t\t<span class=\"elementor-button-content-wrapper\">\n\t\t\t\t\t\t<span class=\"elementor-button-icon\">\n\t\t\t\t<i aria-hidden=\"true\" class=\"fas fa-file-download\"><\/i>\t\t\t<\/span>\n\t\t\t\t\t\t\t\t\t<span class=\"elementor-button-text\">DOWNLOAD DOCUMENT<\/span>\n\t\t\t\t\t<\/span>\n\t\t\t\t\t<\/a>\n\t\t\t\t<\/div>\n\t\t\t\t\t\t\t\t<\/div>\n\t\t\t\t<\/div>\n\t\t\t\t\t<\/div>\n\t\t<\/div>\n\t\t\t\t\t<\/div>\n\t\t<\/section>\n\t\t\t\t<\/div>","protected":false},"excerpt":{"rendered":"<p>EISEP raziskave Dokument predstavlja mednarodno primerjavo\u00a0strukture prejemkov za kontrolne funkcije\u00a0\u2013 notranjo revizijo, upravljanje tveganj in skladnost poslovanja \u2013 v Nem\u010diji, Zdru\u017eenem kraljestvu in ZDA. Kompenzacijski paketi so sestavljeni iz\u00a0fiksne pla\u010de, [&hellip;]<\/p>\n","protected":false},"author":1,"featured_media":0,"parent":0,"menu_order":0,"comment_status":"closed","ping_status":"closed","template":"","meta":{"_monsterinsights_skip_tracking":false,"_monsterinsights_sitenote_active":false,"_monsterinsights_sitenote_note":"","_monsterinsights_sitenote_category":0,"footnotes":""},"class_list":["post-168","page","type-page","status-publish","hentry"],"yoast_head":"<!-- This site is optimized with the Yoast SEO plugin v27.5 - https:\/\/yoast.com\/product\/yoast-seo-wordpress\/ -->\n<title>EISEP raziskave - EISEP<\/title>\n<meta name=\"description\" content=\"EISEP raziskave prina\u0161ajo strokovna poro\u010dila in analize s podro\u010dja skladnost poslovanja, vklju\u010dno z ESG, umetno inteligenco ter dobrimi praksami iz mednarodnega okolja.\" \/>\n<meta name=\"robots\" content=\"index, follow, max-snippet:-1, max-image-preview:large, max-video-preview:-1\" \/>\n<link rel=\"canonical\" href=\"https:\/\/www.eisep.si\/en\/eisep-raziskave\/\" \/>\n<meta property=\"og:locale\" content=\"en_GB\" \/>\n<meta property=\"og:type\" content=\"article\" \/>\n<meta property=\"og:title\" content=\"EISEP raziskave - EISEP\" \/>\n<meta property=\"og:description\" content=\"EISEP raziskave prina\u0161ajo strokovna poro\u010dila in analize s podro\u010dja skladnost poslovanja, vklju\u010dno z ESG, umetno inteligenco ter dobrimi praksami iz mednarodnega okolja.\" \/>\n<meta property=\"og:url\" content=\"https:\/\/www.eisep.si\/en\/eisep-raziskave\/\" \/>\n<meta property=\"og:site_name\" content=\"EISEP\" \/>\n<meta property=\"article:modified_time\" content=\"2026-04-21T09:31:55+00:00\" \/>\n<meta name=\"twitter:card\" content=\"summary_large_image\" \/>\n<meta name=\"twitter:label1\" content=\"Estimated reading time\" \/>\n\t<meta name=\"twitter:data1\" content=\"3 minutes\" \/>\n<script type=\"application\/ld+json\" class=\"yoast-schema-graph\">{\"@context\":\"https:\\\/\\\/schema.org\",\"@graph\":[{\"@type\":\"WebPage\",\"@id\":\"https:\\\/\\\/www.eisep.si\\\/eisep-raziskave\\\/\",\"url\":\"https:\\\/\\\/www.eisep.si\\\/eisep-raziskave\\\/\",\"name\":\"EISEP raziskave - EISEP\",\"isPartOf\":{\"@id\":\"https:\\\/\\\/www.eisep.si\\\/#website\"},\"datePublished\":\"2020-07-29T18:57:33+00:00\",\"dateModified\":\"2026-04-21T09:31:55+00:00\",\"description\":\"EISEP raziskave prina\u0161ajo strokovna poro\u010dila in analize s podro\u010dja skladnost poslovanja, vklju\u010dno z ESG, umetno inteligenco ter dobrimi praksami iz mednarodnega okolja.\",\"breadcrumb\":{\"@id\":\"https:\\\/\\\/www.eisep.si\\\/eisep-raziskave\\\/#breadcrumb\"},\"inLanguage\":\"en-GB\",\"potentialAction\":[{\"@type\":\"ReadAction\",\"target\":[\"https:\\\/\\\/www.eisep.si\\\/eisep-raziskave\\\/\"]}]},{\"@type\":\"BreadcrumbList\",\"@id\":\"https:\\\/\\\/www.eisep.si\\\/eisep-raziskave\\\/#breadcrumb\",\"itemListElement\":[{\"@type\":\"ListItem\",\"position\":1,\"name\":\"Home\",\"item\":\"https:\\\/\\\/www.eisep.si\\\/\"},{\"@type\":\"ListItem\",\"position\":2,\"name\":\"EISEP raziskave\"}]},{\"@type\":\"WebSite\",\"@id\":\"https:\\\/\\\/www.eisep.si\\\/#website\",\"url\":\"https:\\\/\\\/www.eisep.si\\\/\",\"name\":\"EISEP\",\"description\":\"Evropski in\u0161titut za skladnost in etiko poslovanja\",\"publisher\":{\"@id\":\"https:\\\/\\\/www.eisep.si\\\/#organization\"},\"potentialAction\":[{\"@type\":\"SearchAction\",\"target\":{\"@type\":\"EntryPoint\",\"urlTemplate\":\"https:\\\/\\\/www.eisep.si\\\/?s={search_term_string}\"},\"query-input\":{\"@type\":\"PropertyValueSpecification\",\"valueRequired\":true,\"valueName\":\"search_term_string\"}}],\"inLanguage\":\"en-GB\"},{\"@type\":\"Organization\",\"@id\":\"https:\\\/\\\/www.eisep.si\\\/#organization\",\"name\":\"Evropski in\u0161titut za skladnost in etiko poslovanja\",\"url\":\"https:\\\/\\\/www.eisep.si\\\/\",\"logo\":{\"@type\":\"ImageObject\",\"inLanguage\":\"en-GB\",\"@id\":\"https:\\\/\\\/www.eisep.si\\\/#\\\/schema\\\/logo\\\/image\\\/\",\"url\":\"https:\\\/\\\/www.eisep.si\\\/wp-content\\\/uploads\\\/2020\\\/07\\\/eisep.png\",\"contentUrl\":\"https:\\\/\\\/www.eisep.si\\\/wp-content\\\/uploads\\\/2020\\\/07\\\/eisep.png\",\"width\":2582,\"height\":406,\"caption\":\"Evropski in\u0161titut za skladnost in etiko poslovanja\"},\"image\":{\"@id\":\"https:\\\/\\\/www.eisep.si\\\/#\\\/schema\\\/logo\\\/image\\\/\"}}]}<\/script>\n<!-- \/ Yoast SEO plugin. -->","yoast_head_json":{"title":"EISEP raziskave - EISEP","description":"EISEP raziskave prina\u0161ajo strokovna poro\u010dila in analize s podro\u010dja skladnost poslovanja, vklju\u010dno z ESG, umetno inteligenco ter dobrimi praksami iz mednarodnega okolja.","robots":{"index":"index","follow":"follow","max-snippet":"max-snippet:-1","max-image-preview":"max-image-preview:large","max-video-preview":"max-video-preview:-1"},"canonical":"https:\/\/www.eisep.si\/en\/eisep-raziskave\/","og_locale":"en_GB","og_type":"article","og_title":"EISEP raziskave - EISEP","og_description":"EISEP raziskave prina\u0161ajo strokovna poro\u010dila in analize s podro\u010dja skladnost poslovanja, vklju\u010dno z ESG, umetno inteligenco ter dobrimi praksami iz mednarodnega okolja.","og_url":"https:\/\/www.eisep.si\/en\/eisep-raziskave\/","og_site_name":"EISEP","article_modified_time":"2026-04-21T09:31:55+00:00","twitter_card":"summary_large_image","twitter_misc":{"Estimated reading time":"3 minutes"},"schema":{"@context":"https:\/\/schema.org","@graph":[{"@type":"WebPage","@id":"https:\/\/www.eisep.si\/eisep-raziskave\/","url":"https:\/\/www.eisep.si\/eisep-raziskave\/","name":"EISEP raziskave - EISEP","isPartOf":{"@id":"https:\/\/www.eisep.si\/#website"},"datePublished":"2020-07-29T18:57:33+00:00","dateModified":"2026-04-21T09:31:55+00:00","description":"EISEP raziskave prina\u0161ajo strokovna poro\u010dila in analize s podro\u010dja skladnost poslovanja, vklju\u010dno z ESG, umetno inteligenco ter dobrimi praksami iz mednarodnega okolja.","breadcrumb":{"@id":"https:\/\/www.eisep.si\/eisep-raziskave\/#breadcrumb"},"inLanguage":"en-GB","potentialAction":[{"@type":"ReadAction","target":["https:\/\/www.eisep.si\/eisep-raziskave\/"]}]},{"@type":"BreadcrumbList","@id":"https:\/\/www.eisep.si\/eisep-raziskave\/#breadcrumb","itemListElement":[{"@type":"ListItem","position":1,"name":"Home","item":"https:\/\/www.eisep.si\/"},{"@type":"ListItem","position":2,"name":"EISEP raziskave"}]},{"@type":"WebSite","@id":"https:\/\/www.eisep.si\/#website","url":"https:\/\/www.eisep.si\/","name":"EICE","description":"European Institute of Compliance and Ethics","publisher":{"@id":"https:\/\/www.eisep.si\/#organization"},"potentialAction":[{"@type":"SearchAction","target":{"@type":"EntryPoint","urlTemplate":"https:\/\/www.eisep.si\/?s={search_term_string}"},"query-input":{"@type":"PropertyValueSpecification","valueRequired":true,"valueName":"search_term_string"}}],"inLanguage":"en-GB"},{"@type":"Organization","@id":"https:\/\/www.eisep.si\/#organization","name":"European Institute of Compliance and Ethics","url":"https:\/\/www.eisep.si\/","logo":{"@type":"ImageObject","inLanguage":"en-GB","@id":"https:\/\/www.eisep.si\/#\/schema\/logo\/image\/","url":"https:\/\/www.eisep.si\/wp-content\/uploads\/2020\/07\/eisep.png","contentUrl":"https:\/\/www.eisep.si\/wp-content\/uploads\/2020\/07\/eisep.png","width":2582,"height":406,"caption":"Evropski in\u0161titut za skladnost in etiko poslovanja"},"image":{"@id":"https:\/\/www.eisep.si\/#\/schema\/logo\/image\/"}}]}},"_links":{"self":[{"href":"https:\/\/www.eisep.si\/en\/wp-json\/wp\/v2\/pages\/168","targetHints":{"allow":["GET"]}}],"collection":[{"href":"https:\/\/www.eisep.si\/en\/wp-json\/wp\/v2\/pages"}],"about":[{"href":"https:\/\/www.eisep.si\/en\/wp-json\/wp\/v2\/types\/page"}],"author":[{"embeddable":true,"href":"https:\/\/www.eisep.si\/en\/wp-json\/wp\/v2\/users\/1"}],"replies":[{"embeddable":true,"href":"https:\/\/www.eisep.si\/en\/wp-json\/wp\/v2\/comments?post=168"}],"version-history":[{"count":47,"href":"https:\/\/www.eisep.si\/en\/wp-json\/wp\/v2\/pages\/168\/revisions"}],"predecessor-version":[{"id":13587,"href":"https:\/\/www.eisep.si\/en\/wp-json\/wp\/v2\/pages\/168\/revisions\/13587"}],"wp:attachment":[{"href":"https:\/\/www.eisep.si\/en\/wp-json\/wp\/v2\/media?parent=168"}],"curies":[{"name":"wp","href":"https:\/\/api.w.org\/{rel}","templated":true}]}}