{"id":175,"date":"2020-07-29T19:07:27","date_gmt":"2020-07-29T19:07:27","guid":{"rendered":"https:\/\/stage2.eisep.si\/?page_id=175"},"modified":"2020-09-22T10:42:11","modified_gmt":"2020-09-22T10:42:11","slug":"clanstvo","status":"publish","type":"page","link":"https:\/\/www.eisep.si\/en\/clanstvo\/","title":{"rendered":"Membership"},"content":{"rendered":"<div data-elementor-type=\"wp-page\" data-elementor-id=\"175\" class=\"elementor elementor-175\" data-elementor-post-type=\"page\">\n\t\t\t\t\t\t<section class=\"elementor-section elementor-top-section elementor-element elementor-element-6f476b6d elementor-section-boxed elementor-section-height-default elementor-section-height-default\" data-id=\"6f476b6d\" data-element_type=\"section\">\n\t\t\t\t\t\t<div class=\"elementor-container elementor-column-gap-default\">\n\t\t\t\t\t<div class=\"elementor-column elementor-col-100 elementor-top-column elementor-element elementor-element-48ea725c\" data-id=\"48ea725c\" data-element_type=\"column\">\n\t\t\t<div class=\"elementor-widget-wrap elementor-element-populated\">\n\t\t\t\t\t\t<div class=\"elementor-element elementor-element-354827c8 elementor-widget elementor-widget-spacer\" data-id=\"354827c8\" data-element_type=\"widget\" data-widget_type=\"spacer.default\">\n\t\t\t\t<div class=\"elementor-widget-container\">\n\t\t\t\t\t\t\t<div class=\"elementor-spacer\">\n\t\t\t<div class=\"elementor-spacer-inner\"><\/div>\n\t\t<\/div>\n\t\t\t\t\t\t<\/div>\n\t\t\t\t<\/div>\n\t\t\t\t<div class=\"elementor-element elementor-element-26df19b8 elementor-widget elementor-widget-heading\" data-id=\"26df19b8\" data-element_type=\"widget\" data-widget_type=\"heading.default\">\n\t\t\t\t<div class=\"elementor-widget-container\">\n\t\t\t\t\t<h2 class=\"elementor-heading-title elementor-size-default\">MEMBERSHIP<\/h2>\t\t\t\t<\/div>\n\t\t\t\t<\/div>\n\t\t\t\t<div class=\"elementor-element elementor-element-3256500e elementor-widget-divider--view-line elementor-widget elementor-widget-divider\" data-id=\"3256500e\" data-element_type=\"widget\" data-widget_type=\"divider.default\">\n\t\t\t\t<div class=\"elementor-widget-container\">\n\t\t\t\t\t\t\t<div class=\"elementor-divider\">\n\t\t\t<span class=\"elementor-divider-separator\">\n\t\t\t\t\t\t<\/span>\n\t\t<\/div>\n\t\t\t\t\t\t<\/div>\n\t\t\t\t<\/div>\n\t\t\t\t\t<\/div>\n\t\t<\/div>\n\t\t\t\t\t<\/div>\n\t\t<\/section>\n\t\t\t\t<section class=\"elementor-section elementor-top-section elementor-element elementor-element-58e0f10 elementor-section-full_width elementor-section-height-min-height elementor-section-height-default elementor-section-items-middle\" data-id=\"58e0f10\" data-element_type=\"section\" data-settings=\"{&quot;background_background&quot;:&quot;classic&quot;}\">\n\t\t\t\t\t\t<div class=\"elementor-container elementor-column-gap-wider\">\n\t\t\t\t\t<div class=\"elementor-column elementor-col-50 elementor-top-column elementor-element elementor-element-3113506\" data-id=\"3113506\" data-element_type=\"column\">\n\t\t\t<div class=\"elementor-widget-wrap elementor-element-populated\">\n\t\t\t\t\t\t<div class=\"elementor-element elementor-element-ee4c736 elementor-widget elementor-widget-heading\" data-id=\"ee4c736\" data-element_type=\"widget\" data-widget_type=\"heading.default\">\n\t\t\t\t<div class=\"elementor-widget-container\">\n\t\t\t\t\t<h2 class=\"elementor-heading-title elementor-size-default\">Become a member of the EICE professional  community<\/h2>\t\t\t\t<\/div>\n\t\t\t\t<\/div>\n\t\t\t\t<div class=\"elementor-element elementor-element-6fdc9a9 elementor-widget elementor-widget-text-editor\" data-id=\"6fdc9a9\" data-element_type=\"widget\" data-widget_type=\"text-editor.default\">\n\t\t\t\t<div class=\"elementor-widget-container\">\n\t\t\t\t\t\t\t\t\t<p><strong>By joining EICE, each member also becomes a member of the ICA global professional community.<\/strong><\/p>\t\t\t\t\t\t\t\t<\/div>\n\t\t\t\t<\/div>\n\t\t\t\t\t<\/div>\n\t\t<\/div>\n\t\t\t\t<div class=\"elementor-column elementor-col-50 elementor-top-column elementor-element elementor-element-29f901c\" data-id=\"29f901c\" data-element_type=\"column\">\n\t\t\t<div class=\"elementor-widget-wrap elementor-element-populated\">\n\t\t\t\t\t\t<div class=\"elementor-element elementor-element-9164c72 elementor-align-center elementor-widget elementor-widget-button\" data-id=\"9164c72\" data-element_type=\"widget\" data-widget_type=\"button.default\">\n\t\t\t\t<div class=\"elementor-widget-container\">\n\t\t\t\t\t\t\t\t\t<div class=\"elementor-button-wrapper\">\n\t\t\t\t\t<a class=\"elementor-button elementor-button-link elementor-size-sm elementor-animation-pulse-grow\" href=\"https:\/\/www.eisep.si\/en\/clanstvo\/pristopna-izjava\/\">\n\t\t\t\t\t\t<span class=\"elementor-button-content-wrapper\">\n\t\t\t\t\t\t\t\t\t<span class=\"elementor-button-text\">Application form<\/span>\n\t\t\t\t\t<\/span>\n\t\t\t\t\t<\/a>\n\t\t\t\t<\/div>\n\t\t\t\t\t\t\t\t<\/div>\n\t\t\t\t<\/div>\n\t\t\t\t<div class=\"elementor-element elementor-element-04485f8 elementor-align-center elementor-widget elementor-widget-button\" data-id=\"04485f8\" data-element_type=\"widget\" data-widget_type=\"button.default\">\n\t\t\t\t<div class=\"elementor-widget-container\">\n\t\t\t\t\t\t\t\t\t<div class=\"elementor-button-wrapper\">\n\t\t\t\t\t<a class=\"elementor-button elementor-button-link elementor-size-sm elementor-animation-pulse-grow\" href=\"https:\/\/www.eisep.si\/en\/clanski-paket\/\">\n\t\t\t\t\t\t<span class=\"elementor-button-content-wrapper\">\n\t\t\t\t\t\t\t\t\t<span class=\"elementor-button-text\">Membership package<\/span>\n\t\t\t\t\t<\/span>\n\t\t\t\t\t<\/a>\n\t\t\t\t<\/div>\n\t\t\t\t\t\t\t\t<\/div>\n\t\t\t\t<\/div>\n\t\t\t\t\t<\/div>\n\t\t<\/div>\n\t\t\t\t\t<\/div>\n\t\t<\/section>\n\t\t\t\t<section class=\"elementor-section elementor-top-section elementor-element elementor-element-cbb1673 elementor-section-boxed elementor-section-height-default elementor-section-height-default\" data-id=\"cbb1673\" data-element_type=\"section\">\n\t\t\t\t\t\t<div class=\"elementor-container elementor-column-gap-default\">\n\t\t\t\t\t<div class=\"elementor-column elementor-col-100 elementor-top-column elementor-element elementor-element-33de07e\" data-id=\"33de07e\" data-element_type=\"column\">\n\t\t\t<div class=\"elementor-widget-wrap elementor-element-populated\">\n\t\t\t\t\t\t<div class=\"elementor-element elementor-element-7e9fdd0 elementor-widget elementor-widget-text-editor\" data-id=\"7e9fdd0\" data-element_type=\"widget\" data-widget_type=\"text-editor.default\">\n\t\t\t\t<div class=\"elementor-widget-container\">\n\t\t\t\t\t\t\t\t\t<p class=\"p1\">In 2018, EICE opened a new chapter in the development of the compliance professional community, as we entered into a strategic partnership with ICA (International Compliance Association), based in the UK.<\/p><p class=\"p1\">By joining EICE, each individual member or any professional who benefits from corporate membership, also becomes a member of the ICA global professional community,\u00a0<a href=\"https:\/\/www.int-comp.org\/membership\/membership-levels\/#Affiliate\"><span class=\"s1\">Affiliate level.<\/span><\/a>.<\/p>\t\t\t\t\t\t\t\t<\/div>\n\t\t\t\t<\/div>\n\t\t\t\t\t<\/div>\n\t\t<\/div>\n\t\t\t\t\t<\/div>\n\t\t<\/section>\n\t\t\t\t<section class=\"elementor-section elementor-top-section elementor-element elementor-element-e3e5c55 elementor-section-boxed elementor-section-height-default elementor-section-height-default\" data-id=\"e3e5c55\" data-element_type=\"section\">\n\t\t\t\t\t\t<div class=\"elementor-container elementor-column-gap-default\">\n\t\t\t\t\t<div class=\"elementor-column elementor-col-100 elementor-top-column elementor-element elementor-element-7a67a3c\" data-id=\"7a67a3c\" data-element_type=\"column\">\n\t\t\t<div class=\"elementor-widget-wrap elementor-element-populated\">\n\t\t\t\t\t\t<div class=\"elementor-element elementor-element-17ed411 elementor-widget elementor-widget-image\" data-id=\"17ed411\" data-element_type=\"widget\" data-widget_type=\"image.default\">\n\t\t\t\t<div class=\"elementor-widget-container\">\n\t\t\t\t\t\t\t\t\t\t\t\t\t\t\t\t<a href=\"https:\/\/int-comp.org\/\">\n\t\t\t\t\t\t\t<img fetchpriority=\"high\" decoding=\"async\" width=\"500\" height=\"175\" src=\"https:\/\/www.eisep.si\/wp-content\/uploads\/2020\/07\/ica_logo_primary_rgb.png\" class=\"attachment-large size-large wp-image-74\" alt=\"\" srcset=\"https:\/\/www.eisep.si\/wp-content\/uploads\/2020\/07\/ica_logo_primary_rgb.png 500w, https:\/\/www.eisep.si\/wp-content\/uploads\/2020\/07\/ica_logo_primary_rgb-300x105.png 300w\" sizes=\"(max-width: 500px) 100vw, 500px\" \/>\t\t\t\t\t\t\t\t<\/a>\n\t\t\t\t\t\t\t\t\t\t\t\t\t\t\t<\/div>\n\t\t\t\t<\/div>\n\t\t\t\t\t<\/div>\n\t\t<\/div>\n\t\t\t\t\t<\/div>\n\t\t<\/section>\n\t\t\t\t<section class=\"elementor-section elementor-top-section elementor-element elementor-element-f5b43b7 elementor-section-boxed elementor-section-height-default elementor-section-height-default\" data-id=\"f5b43b7\" data-element_type=\"section\">\n\t\t\t\t\t\t<div class=\"elementor-container elementor-column-gap-default\">\n\t\t\t\t\t<div class=\"elementor-column elementor-col-100 elementor-top-column elementor-element elementor-element-c6d06e8\" data-id=\"c6d06e8\" data-element_type=\"column\">\n\t\t\t<div class=\"elementor-widget-wrap elementor-element-populated\">\n\t\t\t\t\t\t<div class=\"elementor-element elementor-element-e68aa9a elementor-widget elementor-widget-text-editor\" data-id=\"e68aa9a\" data-element_type=\"widget\" data-widget_type=\"text-editor.default\">\n\t\t\t\t<div class=\"elementor-widget-container\">\n\t\t\t\t\t\t\t\t\t<p class=\"p1\">ICA is a world-leading regulatory compliance organization that awards global qualifications in compliance, risk management, governance, money laundering and financial crime prevention. It has issued 120,000 certificates in its history, and the ICA professional community includes professionals from 112 different countries from all over the world, who exchange experiences and opinions on a daily basis.<\/p><p class=\"p2\"><span class=\"s1\">EICE has also become a local partner\u00a0<a href=\"https:\/\/www.eisep.si\/en\/ica-certificiranje\/\">for certification programs<\/a>, awarded by ICA in collaboration with\u00a0<a href=\"https:\/\/www.mbs.ac.uk\/\">Alliance Manchester\u00a0Business School, University of Manchester<\/a>.<\/span><\/p><p class=\"p1\">Membership in the EICE professional community will now, even more than before,\u00a0<b>reflect your commitment to continuous professional development, commitment to the highest standards of the profession and your professional reputation.<\/b>\u00a0Organizations with such professionals gain even more credibility in ensuring compliance and business ethics.<\/p><p class=\"p1\">We are also indicating\u00a0<b>the recommendation that ICA members complete at least 10 hours of training per year (CDP - Continuing Professional Development)<i>ang<\/i>. CPD)),\u00a0<\/b>either by the ICA or through training organized by EICE or other relevant training recognized by the ICA.<\/p>\t\t\t\t\t\t\t\t<\/div>\n\t\t\t\t<\/div>\n\t\t\t\t\t<\/div>\n\t\t<\/div>\n\t\t\t\t\t<\/div>\n\t\t<\/section>\n\t\t\t\t<\/div>","protected":false},"excerpt":{"rendered":"<p>\u010cLANSTVO Postanite \u010dlan skupnosti EISEP Z v\u010dlanitvijo v EISEP vsak \u010dlan EISEP hkrati postane tudi \u010dlan globalne strokovne skupnosti ICA. Pristopna izjava \u010clanski paket EISEP je v letu 2018&nbsp;odprl novo [&hellip;]<\/p>\n","protected":false},"author":1,"featured_media":0,"parent":0,"menu_order":0,"comment_status":"closed","ping_status":"closed","template":"","meta":{"_monsterinsights_skip_tracking":false,"_monsterinsights_sitenote_active":false,"_monsterinsights_sitenote_note":"","_monsterinsights_sitenote_category":0,"footnotes":""},"class_list":["post-175","page","type-page","status-publish","hentry"],"yoast_head":"<!-- This site is optimized with the Yoast SEO plugin v27.5 - https:\/\/yoast.com\/product\/yoast-seo-wordpress\/ -->\n<title>Postanite \u010dlan strokovne skupnosti EISEP - EISEP<\/title>\n<meta name=\"description\" content=\"Z v\u010dlanitvijo v EISEP vsak \u010dlan, ki koristi ugodnosti korporativnega \u010dlanstva, hkrati postane tudi \u010dlan globalne strokovne skupnosti ICA.\" \/>\n<meta name=\"robots\" content=\"index, follow, max-snippet:-1, max-image-preview:large, max-video-preview:-1\" \/>\n<link rel=\"canonical\" href=\"https:\/\/www.eisep.si\/en\/clanstvo\/\" \/>\n<meta property=\"og:locale\" content=\"en_GB\" \/>\n<meta property=\"og:type\" content=\"article\" \/>\n<meta property=\"og:title\" content=\"Postanite \u010dlan strokovne skupnosti EISEP - EISEP\" \/>\n<meta property=\"og:description\" content=\"Z v\u010dlanitvijo v EISEP vsak \u010dlan, ki koristi ugodnosti korporativnega \u010dlanstva, hkrati postane tudi \u010dlan globalne strokovne skupnosti ICA.\" \/>\n<meta property=\"og:url\" content=\"https:\/\/www.eisep.si\/en\/clanstvo\/\" \/>\n<meta property=\"og:site_name\" content=\"EISEP\" \/>\n<meta property=\"article:modified_time\" content=\"2020-09-22T10:42:11+00:00\" \/>\n<meta property=\"og:image\" content=\"https:\/\/www.eisep.si\/wp-content\/uploads\/2020\/07\/ica_logo_primary_rgb.png\" \/>\n<meta name=\"twitter:card\" content=\"summary_large_image\" \/>\n<meta name=\"twitter:label1\" content=\"Estimated reading time\" \/>\n\t<meta name=\"twitter:data1\" content=\"1 minute\" \/>\n<script type=\"application\/ld+json\" class=\"yoast-schema-graph\">{\"@context\":\"https:\\\/\\\/schema.org\",\"@graph\":[{\"@type\":\"WebPage\",\"@id\":\"https:\\\/\\\/www.eisep.si\\\/clanstvo\\\/\",\"url\":\"https:\\\/\\\/www.eisep.si\\\/clanstvo\\\/\",\"name\":\"Postanite \u010dlan strokovne skupnosti EISEP - EISEP\",\"isPartOf\":{\"@id\":\"https:\\\/\\\/www.eisep.si\\\/#website\"},\"primaryImageOfPage\":{\"@id\":\"https:\\\/\\\/www.eisep.si\\\/clanstvo\\\/#primaryimage\"},\"image\":{\"@id\":\"https:\\\/\\\/www.eisep.si\\\/clanstvo\\\/#primaryimage\"},\"thumbnailUrl\":\"https:\\\/\\\/www.eisep.si\\\/wp-content\\\/uploads\\\/2020\\\/07\\\/ica_logo_primary_rgb.png\",\"datePublished\":\"2020-07-29T19:07:27+00:00\",\"dateModified\":\"2020-09-22T10:42:11+00:00\",\"description\":\"Z v\u010dlanitvijo v EISEP vsak \u010dlan, ki koristi ugodnosti korporativnega \u010dlanstva, hkrati postane tudi \u010dlan globalne strokovne skupnosti ICA.\",\"breadcrumb\":{\"@id\":\"https:\\\/\\\/www.eisep.si\\\/clanstvo\\\/#breadcrumb\"},\"inLanguage\":\"en-GB\",\"potentialAction\":[{\"@type\":\"ReadAction\",\"target\":[\"https:\\\/\\\/www.eisep.si\\\/clanstvo\\\/\"]}]},{\"@type\":\"ImageObject\",\"inLanguage\":\"en-GB\",\"@id\":\"https:\\\/\\\/www.eisep.si\\\/clanstvo\\\/#primaryimage\",\"url\":\"https:\\\/\\\/www.eisep.si\\\/wp-content\\\/uploads\\\/2020\\\/07\\\/ica_logo_primary_rgb.png\",\"contentUrl\":\"https:\\\/\\\/www.eisep.si\\\/wp-content\\\/uploads\\\/2020\\\/07\\\/ica_logo_primary_rgb.png\"},{\"@type\":\"BreadcrumbList\",\"@id\":\"https:\\\/\\\/www.eisep.si\\\/clanstvo\\\/#breadcrumb\",\"itemListElement\":[{\"@type\":\"ListItem\",\"position\":1,\"name\":\"Home\",\"item\":\"https:\\\/\\\/www.eisep.si\\\/\"},{\"@type\":\"ListItem\",\"position\":2,\"name\":\"\u010clanstvo\"}]},{\"@type\":\"WebSite\",\"@id\":\"https:\\\/\\\/www.eisep.si\\\/#website\",\"url\":\"https:\\\/\\\/www.eisep.si\\\/\",\"name\":\"EISEP\",\"description\":\"Evropski in\u0161titut za skladnost in etiko poslovanja\",\"publisher\":{\"@id\":\"https:\\\/\\\/www.eisep.si\\\/#organization\"},\"potentialAction\":[{\"@type\":\"SearchAction\",\"target\":{\"@type\":\"EntryPoint\",\"urlTemplate\":\"https:\\\/\\\/www.eisep.si\\\/?s={search_term_string}\"},\"query-input\":{\"@type\":\"PropertyValueSpecification\",\"valueRequired\":true,\"valueName\":\"search_term_string\"}}],\"inLanguage\":\"en-GB\"},{\"@type\":\"Organization\",\"@id\":\"https:\\\/\\\/www.eisep.si\\\/#organization\",\"name\":\"Evropski in\u0161titut za skladnost in etiko poslovanja\",\"url\":\"https:\\\/\\\/www.eisep.si\\\/\",\"logo\":{\"@type\":\"ImageObject\",\"inLanguage\":\"en-GB\",\"@id\":\"https:\\\/\\\/www.eisep.si\\\/#\\\/schema\\\/logo\\\/image\\\/\",\"url\":\"https:\\\/\\\/www.eisep.si\\\/wp-content\\\/uploads\\\/2020\\\/07\\\/eisep.png\",\"contentUrl\":\"https:\\\/\\\/www.eisep.si\\\/wp-content\\\/uploads\\\/2020\\\/07\\\/eisep.png\",\"width\":2582,\"height\":406,\"caption\":\"Evropski in\u0161titut za skladnost in etiko poslovanja\"},\"image\":{\"@id\":\"https:\\\/\\\/www.eisep.si\\\/#\\\/schema\\\/logo\\\/image\\\/\"}}]}<\/script>\n<!-- \/ Yoast SEO plugin. -->","yoast_head_json":{"title":"Postanite \u010dlan strokovne skupnosti EISEP - EISEP","description":"Z v\u010dlanitvijo v EISEP vsak \u010dlan, ki koristi ugodnosti korporativnega \u010dlanstva, hkrati postane tudi \u010dlan globalne strokovne skupnosti ICA.","robots":{"index":"index","follow":"follow","max-snippet":"max-snippet:-1","max-image-preview":"max-image-preview:large","max-video-preview":"max-video-preview:-1"},"canonical":"https:\/\/www.eisep.si\/en\/clanstvo\/","og_locale":"en_GB","og_type":"article","og_title":"Postanite \u010dlan strokovne skupnosti EISEP - EISEP","og_description":"Z v\u010dlanitvijo v EISEP vsak \u010dlan, ki koristi ugodnosti korporativnega \u010dlanstva, hkrati postane tudi \u010dlan globalne strokovne skupnosti ICA.","og_url":"https:\/\/www.eisep.si\/en\/clanstvo\/","og_site_name":"EISEP","article_modified_time":"2020-09-22T10:42:11+00:00","og_image":[{"url":"https:\/\/www.eisep.si\/wp-content\/uploads\/2020\/07\/ica_logo_primary_rgb.png","type":"","width":"","height":""}],"twitter_card":"summary_large_image","twitter_misc":{"Estimated reading time":"1 minute"},"schema":{"@context":"https:\/\/schema.org","@graph":[{"@type":"WebPage","@id":"https:\/\/www.eisep.si\/clanstvo\/","url":"https:\/\/www.eisep.si\/clanstvo\/","name":"Postanite \u010dlan strokovne skupnosti EISEP - EISEP","isPartOf":{"@id":"https:\/\/www.eisep.si\/#website"},"primaryImageOfPage":{"@id":"https:\/\/www.eisep.si\/clanstvo\/#primaryimage"},"image":{"@id":"https:\/\/www.eisep.si\/clanstvo\/#primaryimage"},"thumbnailUrl":"https:\/\/www.eisep.si\/wp-content\/uploads\/2020\/07\/ica_logo_primary_rgb.png","datePublished":"2020-07-29T19:07:27+00:00","dateModified":"2020-09-22T10:42:11+00:00","description":"Z v\u010dlanitvijo v EISEP vsak \u010dlan, ki koristi ugodnosti korporativnega \u010dlanstva, hkrati postane tudi \u010dlan globalne strokovne skupnosti ICA.","breadcrumb":{"@id":"https:\/\/www.eisep.si\/clanstvo\/#breadcrumb"},"inLanguage":"en-GB","potentialAction":[{"@type":"ReadAction","target":["https:\/\/www.eisep.si\/clanstvo\/"]}]},{"@type":"ImageObject","inLanguage":"en-GB","@id":"https:\/\/www.eisep.si\/clanstvo\/#primaryimage","url":"https:\/\/www.eisep.si\/wp-content\/uploads\/2020\/07\/ica_logo_primary_rgb.png","contentUrl":"https:\/\/www.eisep.si\/wp-content\/uploads\/2020\/07\/ica_logo_primary_rgb.png"},{"@type":"BreadcrumbList","@id":"https:\/\/www.eisep.si\/clanstvo\/#breadcrumb","itemListElement":[{"@type":"ListItem","position":1,"name":"Home","item":"https:\/\/www.eisep.si\/"},{"@type":"ListItem","position":2,"name":"\u010clanstvo"}]},{"@type":"WebSite","@id":"https:\/\/www.eisep.si\/#website","url":"https:\/\/www.eisep.si\/","name":"EICE","description":"European Institute of Compliance and Ethics","publisher":{"@id":"https:\/\/www.eisep.si\/#organization"},"potentialAction":[{"@type":"SearchAction","target":{"@type":"EntryPoint","urlTemplate":"https:\/\/www.eisep.si\/?s={search_term_string}"},"query-input":{"@type":"PropertyValueSpecification","valueRequired":true,"valueName":"search_term_string"}}],"inLanguage":"en-GB"},{"@type":"Organization","@id":"https:\/\/www.eisep.si\/#organization","name":"European Institute of Compliance and Ethics","url":"https:\/\/www.eisep.si\/","logo":{"@type":"ImageObject","inLanguage":"en-GB","@id":"https:\/\/www.eisep.si\/#\/schema\/logo\/image\/","url":"https:\/\/www.eisep.si\/wp-content\/uploads\/2020\/07\/eisep.png","contentUrl":"https:\/\/www.eisep.si\/wp-content\/uploads\/2020\/07\/eisep.png","width":2582,"height":406,"caption":"Evropski in\u0161titut za skladnost in etiko poslovanja"},"image":{"@id":"https:\/\/www.eisep.si\/#\/schema\/logo\/image\/"}}]}},"_links":{"self":[{"href":"https:\/\/www.eisep.si\/en\/wp-json\/wp\/v2\/pages\/175","targetHints":{"allow":["GET"]}}],"collection":[{"href":"https:\/\/www.eisep.si\/en\/wp-json\/wp\/v2\/pages"}],"about":[{"href":"https:\/\/www.eisep.si\/en\/wp-json\/wp\/v2\/types\/page"}],"author":[{"embeddable":true,"href":"https:\/\/www.eisep.si\/en\/wp-json\/wp\/v2\/users\/1"}],"replies":[{"embeddable":true,"href":"https:\/\/www.eisep.si\/en\/wp-json\/wp\/v2\/comments?post=175"}],"version-history":[{"count":5,"href":"https:\/\/www.eisep.si\/en\/wp-json\/wp\/v2\/pages\/175\/revisions"}],"predecessor-version":[{"id":5935,"href":"https:\/\/www.eisep.si\/en\/wp-json\/wp\/v2\/pages\/175\/revisions\/5935"}],"wp:attachment":[{"href":"https:\/\/www.eisep.si\/en\/wp-json\/wp\/v2\/media?parent=175"}],"curies":[{"name":"wp","href":"https:\/\/api.w.org\/{rel}","templated":true}]}}