{"id":244,"date":"2020-07-31T16:38:48","date_gmt":"2020-07-31T16:38:48","guid":{"rendered":"https:\/\/stage2.eisep.si\/?page_id=244"},"modified":"2026-04-21T11:36:03","modified_gmt":"2026-04-21T09:36:03","slug":"eisep-predloge-dokumentov","status":"publish","type":"page","link":"https:\/\/www.eisep.si\/en\/eisep-predloge-dokumentov\/","title":{"rendered":"EISEP predloge dokumentov"},"content":{"rendered":"\t\t<div data-elementor-type=\"wp-page\" data-elementor-id=\"244\" class=\"elementor elementor-244\" data-elementor-post-type=\"page\">\n\t\t\t\t\t\t<section class=\"elementor-section elementor-top-section elementor-element elementor-element-3517153c elementor-section-boxed elementor-section-height-default elementor-section-height-default\" data-id=\"3517153c\" data-element_type=\"section\">\n\t\t\t\t\t\t<div class=\"elementor-container elementor-column-gap-default\">\n\t\t\t\t\t<div class=\"elementor-column elementor-col-100 elementor-top-column elementor-element elementor-element-225fe7c6\" data-id=\"225fe7c6\" data-element_type=\"column\">\n\t\t\t<div class=\"elementor-widget-wrap elementor-element-populated\">\n\t\t\t\t\t\t<div class=\"elementor-element elementor-element-4fbf842a elementor-widget elementor-widget-heading\" data-id=\"4fbf842a\" data-element_type=\"widget\" data-widget_type=\"heading.default\">\n\t\t\t\t<div class=\"elementor-widget-container\">\n\t\t\t\t\t<h2 class=\"elementor-heading-title elementor-size-default\">EISEP PREDLOGE DOKUMENTOV<\/h2>\t\t\t\t<\/div>\n\t\t\t\t<\/div>\n\t\t\t\t<div class=\"elementor-element elementor-element-62419c0d elementor-widget-divider--view-line elementor-widget elementor-widget-divider\" data-id=\"62419c0d\" data-element_type=\"widget\" data-widget_type=\"divider.default\">\n\t\t\t\t<div class=\"elementor-widget-container\">\n\t\t\t\t\t\t\t<div class=\"elementor-divider\">\n\t\t\t<span class=\"elementor-divider-separator\">\n\t\t\t\t\t\t<\/span>\n\t\t<\/div>\n\t\t\t\t\t\t<\/div>\n\t\t\t\t<\/div>\n\t\t\t\t\t<\/div>\n\t\t<\/div>\n\t\t\t\t\t<\/div>\n\t\t<\/section>\n\t\t\t\t<section class=\"elementor-section elementor-top-section elementor-element elementor-element-8e37a52 elementor-section-boxed elementor-section-height-default elementor-section-height-default\" data-id=\"8e37a52\" data-element_type=\"section\">\n\t\t\t\t\t\t<div class=\"elementor-container elementor-column-gap-default\">\n\t\t\t\t\t<div class=\"elementor-column elementor-col-100 elementor-top-column elementor-element elementor-element-7898bb2\" data-id=\"7898bb2\" data-element_type=\"column\">\n\t\t\t<div class=\"elementor-widget-wrap elementor-element-populated\">\n\t\t\t\t\t\t<div class=\"elementor-element elementor-element-964686c elementor-widget elementor-widget-text-editor\" data-id=\"964686c\" data-element_type=\"widget\" data-widget_type=\"text-editor.default\">\n\t\t\t\t<div class=\"elementor-widget-container\">\n\t\t\t\t\t\t\t\t\t<p>EISEP podpira strokovno skupnost tudi tako, da pripravlja predloge dokumentov s podro\u010dja dela skladnosti in etike poslovanja, kot prakti\u010dni pripomo\u010dek. Ve\u010dina predlog vsebuje tudi vodila kako naj se individualizirano izpolni njihova vsebina.<\/p><p>Pri pripravi predlog upo\u0161tevamo uveljavljene mednarodne standarde, dobre prakse ter lastne empiri\u010dne izku\u0161nje iz sodelovanja tako z doma\u010do, kot tudi regijsko in mednarodno strokovno in poslovno skupnostjo.<\/p><p>Do sedaj smo pripravili naslednje predloge dokumentov:<\/p><ul><li><strong>Predloga Politike o skladnosti poslovanja,\u00a0<\/strong>ki vsebuje konkretne usmeritve glede polnjenja vam ukrojenih vsebin, hkrati pa je osnovno ogrodje zastavljeno tako, da vklju\u010duje usmeritve standarda ISO 19600:\u00a0<em>Compliance Management Systems \u2013 Guidelines;<\/em><\/li><li><strong>Predloga Kodeksa eti\u010dnega ravnanja\u00a0<\/strong>vklju\u010duje tista vsebinska podro\u010dja urejanja, ki so najpogosteje vsebovana v kodeksih iz dobrih praks. Hkrati pa vas prav tako usmerja kako vsebine zapolniti po va\u0161i meri;<\/li><li><strong>Predloga kriznega na\u010drta za primere incidentov s podro\u010dja korporativne skladnosti in etike\u00a0<\/strong>vas bo pri zapolnjevanju vsebin vodil po posameznih korakih, ki so klju\u010dni, da se organizacija kar najbolje v naprej pripravi na u\u010dinkovito odzivanje, ko gre nekaj narobe. Poleg tega po na koncu vklju\u010duje kontrolne sezname, ki vas bodo osredoto\u010dili na najpomembnej\u0161e;<\/li><li><strong>Metodolo\u0161ki vpra\u0161alnik za re\u0161evanje najte\u017ejih situacij pri delu na podro\u010dju skladnosti, skupaj z empiri\u010dno najpogostej\u0161imi tovrstnimi primeri.\u00a0<\/strong>Vpra\u0161alnik vam bo pomagal, da opredelite konkreten problem, nato pa se pripravite na njegovo re\u0161evanje s pomo\u010djo soo\u010denja z relevantnimi osebami. Izku\u0161nje ka\u017eejo, da se na ta na\u010din mo\u010dno zmanj\u0161a raven stresa, ki ga do\u017eivljamo pri delu na podro\u010dju skladnosti, ko se znajdemo v nekaterih ko\u010dljivih situacijah (npr. od nas se zahteva podpis dokumentov s katerimi se ne strinjamo, v kriti\u010dnih poslovnih dogovorih moramo sporo\u010diti nepriljubljeno mnenje, re\u0161ujemo primer v katerem je vpleteno vodstvo ipd.). Hkrati pa ta metoda bistveno pove\u010da verjetnost, da bomo konflikt uspeli spremeniti v konstruktivno sodelovanje. Poudarjamo, da gradiva v tej to\u010dki ne vsebujejo nobenih izdelanih re\u0161itev ali univerzalnih receptov, temve\u010d so zgolj vodilo kako pripraviti za va\u0161 primer najbolj\u0161o strategijo re\u0161evanja problema.<\/li><li><strong>Priro\u010dnik o izvajanju internih preiskav.\u00a0<\/strong>S to publikacijo \u017eelimo opredeliti strokovni standard na podro\u010dju primernega in profesionalno pri\u010dakovanega odzivanja v primeru kr\u0161itev skladnosti in integritete, po vzoru uveljavljenih mednarodnih standardov in dobrih praks ter izhajajo\u010d iz pravnih standardov, klju\u010dnih za ugotavljanje odgovornosti za prekr\u0161ke in kazniva dejanja pravnih oseb ter njihovih odgovornih oseb. Kot tak je zato lahko tudi pomemben vir organom upravljanja in nadzora, revizorjem, kot tudi regulatorjem, in\u0161pekcijskih slu\u017ebam, pravosodju ter drugim dr\u017eavnim organom pri izvajanju njihove nadzorne ali presojevalne funkcije. Izpolnite spodnji\u00a0<a href=\"#prosnja-za-prejem-prirocnika\">spletni\u00a0obrazec<\/a>, preko katerega lahko zainteresirani po\u0161ljete pro\u0161njo za prejem tega priro\u010dnika.<\/li><\/ul><p><u>Za \u010dlane velja posebna ugodnost<\/u>\u00a0glede naro\u010danja predlog. Ve\u010d o ugodnostih \u010dlanstva v strokovni skupnosti EISEP si preberite\u00a0<a href=\"https:\/\/eisep.si\/clanstvo\/\">tukaj<\/a><a href=\"https:\/\/eisep.si\/clanstvo\/individualni-clani\/\">.<\/a>\u00a0<\/p><p>Za ve\u010d informacij in za povpra\u0161evanje glede izbranih predlog, nas kontaktirajte na:\u00a0<a href=\"mailto:info@eisep.si\">info@eisep.si<\/a><\/p>\t\t\t\t\t\t\t\t<\/div>\n\t\t\t\t<\/div>\n\t\t\t\t\t<\/div>\n\t\t<\/div>\n\t\t\t\t\t<\/div>\n\t\t<\/section>\n\t\t\t\t<section class=\"elementor-section elementor-top-section elementor-element elementor-element-70aa3d3 elementor-hidden-desktop elementor-hidden-tablet elementor-hidden-mobile elementor-section-boxed elementor-section-height-default elementor-section-height-default\" data-id=\"70aa3d3\" data-element_type=\"section\" id=\"prosnja-za-prejem-prirocnika\">\n\t\t\t\t\t\t<div class=\"elementor-container elementor-column-gap-default\">\n\t\t\t\t\t<div class=\"elementor-column elementor-col-100 elementor-top-column elementor-element elementor-element-98a27ef\" data-id=\"98a27ef\" data-element_type=\"column\">\n\t\t\t<div class=\"elementor-widget-wrap elementor-element-populated\">\n\t\t\t\t\t\t<div class=\"elementor-element elementor-element-40aec15 text1 eael-wpforms-labels-yes eael-wpforms-form-button-custom elementor-widget elementor-widget-eael-wpforms\" data-id=\"40aec15\" data-element_type=\"widget\" id=\"text1\" data-widget_type=\"eael-wpforms.default\">\n\t\t\t\t<div class=\"elementor-widget-container\">\n\t\t\t\t\t            <div class=\"eael-contact-form eael-wpforms eael-wpforms-align-default\">\n                                <div class=\"wpforms-container wpforms-container-full\" id=\"wpforms-242\"><form id=\"wpforms-form-242\" class=\"wpforms-validate wpforms-form\" data-formid=\"242\" method=\"post\" enctype=\"multipart\/form-data\" action=\"\/en\/wp-json\/wp\/v2\/pages\/244\" data-token=\"22af0206523badf2cf05d3b50f3ae911\" data-token-time=\"1777981130\"><div class=\"wpforms-head-container\"><div class=\"wpforms-title\">Pro\u0161nja za prejem priro\u010dnika o izvajanju internih preiskav<\/div><\/div><noscript class=\"wpforms-error-noscript\">Please enable JavaScript in your browser to complete this form.<\/noscript><div class=\"wpforms-field-container\"><div id=\"wpforms-242-field_0-container\" class=\"wpforms-field wpforms-field-name\" data-field-id=\"0\"><label class=\"wpforms-field-label\">Ime in priimek <span class=\"wpforms-required-label\">*<\/span><\/label><div class=\"wpforms-field-row wpforms-field-medium\"><div class=\"wpforms-field-row-block wpforms-first wpforms-one-half\"><input type=\"text\" id=\"wpforms-242-field_0\" class=\"wpforms-field-name-first wpforms-field-required\" name=\"wpforms[fields][0][first]\" required><label for=\"wpforms-242-field_0\" class=\"wpforms-field-sublabel after\">First<\/label><\/div><div class=\"wpforms-field-row-block wpforms-one-half\"><input type=\"text\" id=\"wpforms-242-field_0-last\" class=\"wpforms-field-name-last wpforms-field-required\" name=\"wpforms[fields][0][last]\" required><label for=\"wpforms-242-field_0-last\" class=\"wpforms-field-sublabel after\">Last<\/label><\/div><\/div><\/div><div id=\"wpforms-242-field_1-container\" class=\"wpforms-field wpforms-field-email\" data-field-id=\"1\"><label class=\"wpforms-field-label\" for=\"wpforms-242-field_1\">E-naslov: <span class=\"wpforms-required-label\">*<\/span><\/label><input type=\"email\" id=\"wpforms-242-field_1\" class=\"wpforms-field-medium wpforms-field-required\" name=\"wpforms[fields][1]\" spellcheck=\"false\" required><\/div><div id=\"wpforms-242-field_3-container\" class=\"wpforms-field wpforms-field-checkbox\" data-field-id=\"3\"><label class=\"wpforms-field-label\">Strinjam se z obdelavo mojih zgoraj navedenih osebnih podatkov: <span class=\"wpforms-required-label\">*<\/span><\/label><ul id=\"wpforms-242-field_3\" class=\"wpforms-field-required\"><li class=\"choice-1 depth-1\"><input type=\"checkbox\" id=\"wpforms-242-field_3_1\" name=\"wpforms[fields][3][]\" value=\"Da\" required ><label class=\"wpforms-field-label-inline\" for=\"wpforms-242-field_3_1\">Da<\/label><\/li><\/ul><\/div><\/div><!-- .wpforms-field-container --><div class=\"wpforms-field wpforms-field-hp\"><label for=\"wpforms-242-field-hp\" class=\"wpforms-field-label\">Email<\/label><input type=\"text\" name=\"wpforms[hp]\" id=\"wpforms-242-field-hp\" class=\"wpforms-field-medium\"><\/div><div class=\"wpforms-submit-container\" ><input type=\"hidden\" name=\"wpforms[id]\" value=\"242\"><input type=\"hidden\" name=\"page_title\" value=\"\"><input type=\"hidden\" name=\"page_url\" value=\"https:\/\/www.eisep.si\/en\/wp-json\/wp\/v2\/pages\/244\"><input type=\"hidden\" name=\"url_referer\" value=\"\"><button type=\"submit\" name=\"wpforms[submit]\" id=\"wpforms-submit-242\" class=\"wpforms-submit\" data-alt-text=\"Sending...\" data-submit-text=\"Po\u0161lji\" aria-live=\"assertive\" value=\"wpforms-submit\">Po\u0161lji<\/button><\/div><\/form><\/div>  <!-- .wpforms-container -->            <\/div>\n\t\t\t\t<\/div>\n\t\t\t\t<\/div>\n\t\t\t\t\t<\/div>\n\t\t<\/div>\n\t\t\t\t\t<\/div>\n\t\t<\/section>\n\t\t\t\t<\/div>\n\t\t","protected":false},"excerpt":{"rendered":"<p>EISEP PREDLOGE DOKUMENTOV EISEP podpira strokovno skupnost tudi tako, da pripravlja predloge dokumentov s podro\u010dja dela skladnosti in etike poslovanja, kot prakti\u010dni pripomo\u010dek. Ve\u010dina predlog vsebuje tudi vodila kako naj [&hellip;]<\/p>\n","protected":false},"author":1,"featured_media":0,"parent":0,"menu_order":0,"comment_status":"closed","ping_status":"closed","template":"","meta":{"_monsterinsights_skip_tracking":false,"_monsterinsights_sitenote_active":false,"_monsterinsights_sitenote_note":"","_monsterinsights_sitenote_category":0,"footnotes":""},"class_list":["post-244","page","type-page","status-publish","hentry"],"yoast_head":"<!-- This site is optimized with the Yoast SEO plugin v27.5 - https:\/\/yoast.com\/product\/yoast-seo-wordpress\/ -->\n<title>EISEP predloge dokumentov - EISEP<\/title>\n<meta name=\"description\" content=\"EISEP predloge dokumentov za skladnost poslovanja vklju\u010dujejo kodeks etike, politike in vzorce za u\u010dinkovito skladnost poslovanja v organizacijah.\" \/>\n<meta name=\"robots\" content=\"index, follow, max-snippet:-1, max-image-preview:large, max-video-preview:-1\" \/>\n<link rel=\"canonical\" href=\"https:\/\/www.eisep.si\/en\/eisep-predloge-dokumentov\/\" \/>\n<meta property=\"og:locale\" content=\"en_GB\" \/>\n<meta property=\"og:type\" content=\"article\" \/>\n<meta property=\"og:title\" content=\"EISEP predloge dokumentov - EISEP\" \/>\n<meta property=\"og:description\" content=\"EISEP predloge dokumentov za skladnost poslovanja vklju\u010dujejo kodeks etike, politike in vzorce za u\u010dinkovito skladnost poslovanja v organizacijah.\" \/>\n<meta property=\"og:url\" content=\"https:\/\/www.eisep.si\/en\/eisep-predloge-dokumentov\/\" \/>\n<meta property=\"og:site_name\" content=\"EISEP\" \/>\n<meta property=\"article:modified_time\" content=\"2026-04-21T09:36:03+00:00\" \/>\n<meta name=\"twitter:card\" content=\"summary_large_image\" \/>\n<meta name=\"twitter:label1\" content=\"Estimated reading time\" \/>\n\t<meta name=\"twitter:data1\" content=\"3 minutes\" \/>\n<script type=\"application\/ld+json\" class=\"yoast-schema-graph\">{\"@context\":\"https:\\\/\\\/schema.org\",\"@graph\":[{\"@type\":\"WebPage\",\"@id\":\"https:\\\/\\\/www.eisep.si\\\/eisep-predloge-dokumentov\\\/\",\"url\":\"https:\\\/\\\/www.eisep.si\\\/eisep-predloge-dokumentov\\\/\",\"name\":\"EISEP predloge dokumentov - EISEP\",\"isPartOf\":{\"@id\":\"https:\\\/\\\/www.eisep.si\\\/#website\"},\"datePublished\":\"2020-07-31T16:38:48+00:00\",\"dateModified\":\"2026-04-21T09:36:03+00:00\",\"description\":\"EISEP predloge dokumentov za skladnost poslovanja vklju\u010dujejo kodeks etike, politike in vzorce za u\u010dinkovito skladnost poslovanja v organizacijah.\",\"breadcrumb\":{\"@id\":\"https:\\\/\\\/www.eisep.si\\\/eisep-predloge-dokumentov\\\/#breadcrumb\"},\"inLanguage\":\"en-GB\",\"potentialAction\":[{\"@type\":\"ReadAction\",\"target\":[\"https:\\\/\\\/www.eisep.si\\\/eisep-predloge-dokumentov\\\/\"]}]},{\"@type\":\"BreadcrumbList\",\"@id\":\"https:\\\/\\\/www.eisep.si\\\/eisep-predloge-dokumentov\\\/#breadcrumb\",\"itemListElement\":[{\"@type\":\"ListItem\",\"position\":1,\"name\":\"Home\",\"item\":\"https:\\\/\\\/www.eisep.si\\\/\"},{\"@type\":\"ListItem\",\"position\":2,\"name\":\"EISEP predloge dokumentov\"}]},{\"@type\":\"WebSite\",\"@id\":\"https:\\\/\\\/www.eisep.si\\\/#website\",\"url\":\"https:\\\/\\\/www.eisep.si\\\/\",\"name\":\"EISEP\",\"description\":\"Evropski in\u0161titut za skladnost in etiko poslovanja\",\"publisher\":{\"@id\":\"https:\\\/\\\/www.eisep.si\\\/#organization\"},\"potentialAction\":[{\"@type\":\"SearchAction\",\"target\":{\"@type\":\"EntryPoint\",\"urlTemplate\":\"https:\\\/\\\/www.eisep.si\\\/?s={search_term_string}\"},\"query-input\":{\"@type\":\"PropertyValueSpecification\",\"valueRequired\":true,\"valueName\":\"search_term_string\"}}],\"inLanguage\":\"en-GB\"},{\"@type\":\"Organization\",\"@id\":\"https:\\\/\\\/www.eisep.si\\\/#organization\",\"name\":\"Evropski in\u0161titut za skladnost in etiko poslovanja\",\"url\":\"https:\\\/\\\/www.eisep.si\\\/\",\"logo\":{\"@type\":\"ImageObject\",\"inLanguage\":\"en-GB\",\"@id\":\"https:\\\/\\\/www.eisep.si\\\/#\\\/schema\\\/logo\\\/image\\\/\",\"url\":\"https:\\\/\\\/www.eisep.si\\\/wp-content\\\/uploads\\\/2020\\\/07\\\/eisep.png\",\"contentUrl\":\"https:\\\/\\\/www.eisep.si\\\/wp-content\\\/uploads\\\/2020\\\/07\\\/eisep.png\",\"width\":2582,\"height\":406,\"caption\":\"Evropski in\u0161titut za skladnost in etiko poslovanja\"},\"image\":{\"@id\":\"https:\\\/\\\/www.eisep.si\\\/#\\\/schema\\\/logo\\\/image\\\/\"}}]}<\/script>\n<!-- \/ Yoast SEO plugin. -->","yoast_head_json":{"title":"EISEP predloge dokumentov - EISEP","description":"EISEP predloge dokumentov za skladnost poslovanja vklju\u010dujejo kodeks etike, politike in vzorce za u\u010dinkovito skladnost poslovanja v organizacijah.","robots":{"index":"index","follow":"follow","max-snippet":"max-snippet:-1","max-image-preview":"max-image-preview:large","max-video-preview":"max-video-preview:-1"},"canonical":"https:\/\/www.eisep.si\/en\/eisep-predloge-dokumentov\/","og_locale":"en_GB","og_type":"article","og_title":"EISEP predloge dokumentov - EISEP","og_description":"EISEP predloge dokumentov za skladnost poslovanja vklju\u010dujejo kodeks etike, politike in vzorce za u\u010dinkovito skladnost poslovanja v organizacijah.","og_url":"https:\/\/www.eisep.si\/en\/eisep-predloge-dokumentov\/","og_site_name":"EISEP","article_modified_time":"2026-04-21T09:36:03+00:00","twitter_card":"summary_large_image","twitter_misc":{"Estimated reading time":"3 minutes"},"schema":{"@context":"https:\/\/schema.org","@graph":[{"@type":"WebPage","@id":"https:\/\/www.eisep.si\/eisep-predloge-dokumentov\/","url":"https:\/\/www.eisep.si\/eisep-predloge-dokumentov\/","name":"EISEP predloge dokumentov - EISEP","isPartOf":{"@id":"https:\/\/www.eisep.si\/#website"},"datePublished":"2020-07-31T16:38:48+00:00","dateModified":"2026-04-21T09:36:03+00:00","description":"EISEP predloge dokumentov za skladnost poslovanja vklju\u010dujejo kodeks etike, politike in vzorce za u\u010dinkovito skladnost poslovanja v organizacijah.","breadcrumb":{"@id":"https:\/\/www.eisep.si\/eisep-predloge-dokumentov\/#breadcrumb"},"inLanguage":"en-GB","potentialAction":[{"@type":"ReadAction","target":["https:\/\/www.eisep.si\/eisep-predloge-dokumentov\/"]}]},{"@type":"BreadcrumbList","@id":"https:\/\/www.eisep.si\/eisep-predloge-dokumentov\/#breadcrumb","itemListElement":[{"@type":"ListItem","position":1,"name":"Home","item":"https:\/\/www.eisep.si\/"},{"@type":"ListItem","position":2,"name":"EISEP predloge dokumentov"}]},{"@type":"WebSite","@id":"https:\/\/www.eisep.si\/#website","url":"https:\/\/www.eisep.si\/","name":"EICE","description":"European Institute of Compliance and Ethics","publisher":{"@id":"https:\/\/www.eisep.si\/#organization"},"potentialAction":[{"@type":"SearchAction","target":{"@type":"EntryPoint","urlTemplate":"https:\/\/www.eisep.si\/?s={search_term_string}"},"query-input":{"@type":"PropertyValueSpecification","valueRequired":true,"valueName":"search_term_string"}}],"inLanguage":"en-GB"},{"@type":"Organization","@id":"https:\/\/www.eisep.si\/#organization","name":"European Institute of Compliance and Ethics","url":"https:\/\/www.eisep.si\/","logo":{"@type":"ImageObject","inLanguage":"en-GB","@id":"https:\/\/www.eisep.si\/#\/schema\/logo\/image\/","url":"https:\/\/www.eisep.si\/wp-content\/uploads\/2020\/07\/eisep.png","contentUrl":"https:\/\/www.eisep.si\/wp-content\/uploads\/2020\/07\/eisep.png","width":2582,"height":406,"caption":"Evropski in\u0161titut za skladnost in etiko poslovanja"},"image":{"@id":"https:\/\/www.eisep.si\/#\/schema\/logo\/image\/"}}]}},"_links":{"self":[{"href":"https:\/\/www.eisep.si\/en\/wp-json\/wp\/v2\/pages\/244","targetHints":{"allow":["GET"]}}],"collection":[{"href":"https:\/\/www.eisep.si\/en\/wp-json\/wp\/v2\/pages"}],"about":[{"href":"https:\/\/www.eisep.si\/en\/wp-json\/wp\/v2\/types\/page"}],"author":[{"embeddable":true,"href":"https:\/\/www.eisep.si\/en\/wp-json\/wp\/v2\/users\/1"}],"replies":[{"embeddable":true,"href":"https:\/\/www.eisep.si\/en\/wp-json\/wp\/v2\/comments?post=244"}],"version-history":[{"count":11,"href":"https:\/\/www.eisep.si\/en\/wp-json\/wp\/v2\/pages\/244\/revisions"}],"predecessor-version":[{"id":10118,"href":"https:\/\/www.eisep.si\/en\/wp-json\/wp\/v2\/pages\/244\/revisions\/10118"}],"wp:attachment":[{"href":"https:\/\/www.eisep.si\/en\/wp-json\/wp\/v2\/media?parent=244"}],"curies":[{"name":"wp","href":"https:\/\/api.w.org\/{rel}","templated":true}]}}