{"id":5387,"date":"2020-08-04T10:24:08","date_gmt":"2020-08-04T10:24:08","guid":{"rendered":"https:\/\/stage2.eisep.si\/?page_id=5387"},"modified":"2026-04-21T11:33:15","modified_gmt":"2026-04-21T09:33:15","slug":"pripomocki-pri-delu","status":"publish","type":"page","link":"https:\/\/www.eisep.si\/en\/pripomocki-pri-delu\/","title":{"rendered":"Pripomo\u010dki pri delu in viri"},"content":{"rendered":"<div data-elementor-type=\"wp-page\" data-elementor-id=\"5387\" class=\"elementor elementor-5387\" data-elementor-post-type=\"page\">\n\t\t\t\t\t\t<section class=\"elementor-section elementor-top-section elementor-element elementor-element-d61d93c elementor-section-boxed elementor-section-height-default elementor-section-height-default\" data-id=\"d61d93c\" data-element_type=\"section\">\n\t\t\t\t\t\t<div class=\"elementor-container elementor-column-gap-default\">\n\t\t\t\t\t<div class=\"elementor-column elementor-col-100 elementor-top-column elementor-element elementor-element-48e47cf1\" data-id=\"48e47cf1\" data-element_type=\"column\">\n\t\t\t<div class=\"elementor-widget-wrap elementor-element-populated\">\n\t\t\t\t\t\t<div class=\"elementor-element elementor-element-3506c1c8 elementor-widget elementor-widget-heading\" data-id=\"3506c1c8\" data-element_type=\"widget\" data-widget_type=\"heading.default\">\n\t\t\t\t<div class=\"elementor-widget-container\">\n\t\t\t\t\t<h2 class=\"elementor-heading-title elementor-size-default\">WORK TOOLS AND RESOURCES<\/h2>\t\t\t\t<\/div>\n\t\t\t\t<\/div>\n\t\t\t\t<div class=\"elementor-element elementor-element-1003abc5 elementor-widget-divider--view-line elementor-widget elementor-widget-divider\" data-id=\"1003abc5\" data-element_type=\"widget\" data-widget_type=\"divider.default\">\n\t\t\t\t<div class=\"elementor-widget-container\">\n\t\t\t\t\t\t\t<div class=\"elementor-divider\">\n\t\t\t<span class=\"elementor-divider-separator\">\n\t\t\t\t\t\t<\/span>\n\t\t<\/div>\n\t\t\t\t\t\t<\/div>\n\t\t\t\t<\/div>\n\t\t\t\t\t<\/div>\n\t\t<\/div>\n\t\t\t\t\t<\/div>\n\t\t<\/section>\n\t\t\t\t<section class=\"elementor-section elementor-top-section elementor-element elementor-element-ab7b388 elementor-section-boxed elementor-section-height-default elementor-section-height-default\" data-id=\"ab7b388\" data-element_type=\"section\">\n\t\t\t\t\t\t<div class=\"elementor-container elementor-column-gap-default\">\n\t\t\t\t\t<div class=\"elementor-column elementor-col-100 elementor-top-column elementor-element elementor-element-f6c0de4\" data-id=\"f6c0de4\" data-element_type=\"column\">\n\t\t\t<div class=\"elementor-widget-wrap elementor-element-populated\">\n\t\t\t\t\t\t<div class=\"elementor-element elementor-element-4b78842 elementor-widget elementor-widget-text-editor\" data-id=\"4b78842\" data-element_type=\"widget\" data-widget_type=\"text-editor.default\">\n\t\t\t\t<div class=\"elementor-widget-container\">\n\t\t\t\t\t\t\t\t\t<p class=\"p1\">Here you can find professional articles, presentations and other contributions on topics in the field of compliance and ethics contributed and shared by EICE, members of its professional community and other esteemed authors. All resources can be seamlessly downloaded and used in your work. Thank you for always citing the source and author of the content used.<\/p>\t\t\t\t\t\t\t\t<\/div>\n\t\t\t\t<\/div>\n\t\t\t\t\t<\/div>\n\t\t<\/div>\n\t\t\t\t\t<\/div>\n\t\t<\/section>\n\t\t\t\t<section class=\"elementor-section elementor-top-section elementor-element elementor-element-d6221c2 elementor-section-boxed elementor-section-height-default elementor-section-height-default\" data-id=\"d6221c2\" data-element_type=\"section\">\n\t\t\t\t\t\t<div class=\"elementor-container elementor-column-gap-default\">\n\t\t\t\t\t<div class=\"elementor-column elementor-col-100 elementor-top-column elementor-element elementor-element-3f85edf\" data-id=\"3f85edf\" data-element_type=\"column\">\n\t\t\t<div class=\"elementor-widget-wrap elementor-element-populated\">\n\t\t\t\t\t\t<div class=\"elementor-element elementor-element-1cd03de elementor-widget elementor-widget-text-editor\" data-id=\"1cd03de\" data-element_type=\"widget\" data-widget_type=\"text-editor.default\">\n\t\t\t\t<div class=\"elementor-widget-container\">\n\t\t\t\t\t\t\t\t\t<p>Poro\u010dilo <a href=\"https:\/\/www.transparency.org\/en\/\">Transparency International<\/a> o globalnem indeksu korupcije v javnem sektorju 2025 &#8211; <a href=\"https:\/\/www.transparency.org\/en\/cpi\/2025\">Corruption Perceptions Index (CPI 2025)<\/a>, 10. februar 2026<\/p><p><a href=\"https:\/\/www.int-comp.org\/insight\/tips-for-defending-your-business-against-staff-fraud\/\">Tips for defending your business against staff fraud<\/a>, Bussines Fraud Alliance, ICA Insight, December 2025<\/p><p>Patrick Welles, <a href=\"https:\/\/www.eisep.si\/wp-content\/uploads\/2025\/12\/cep-2025-11-wellens-1.pdf\">Flattened Organisational models: A benefit or Curse for Compliance<\/a>, CEP &#8211; Compliance &amp; Ethics Professional Magazine, November 2025<\/p><p>Skladnost poslovanja &#8211; <a href=\"https:\/\/www.eisep.si\/wp-content\/uploads\/2025\/11\/Nacrt-izobrazevanja_Skladnost_2026_-EISEP-Primer.pdf\">Primer Letnega na\u010drta izobra\u017eevanj za Skladnost 2026<\/a> \u2013 pripomo\u010dek za la\u017eje na\u010drtovanje izobra\u017eevanj s podro\u010dja skladnosti poslovanja in korporativne integritete. Dokument lahko prilagodite potrebam va\u0161e organizacije, EISEP, November 2025<\/p><p><a href=\"https:\/\/www.enfco.eu\/app\/uploads\/2025\/09\/ENFCO-Whitepaper-Strategic-Positioning-of-Compliance.pdf\">Strategic Positioning of Compliance<\/a>, The evolving purpose, scope and success factors of Compliance: why Compliance must be independent from Legal Function, ENFCO Whitepaper, September 2025<\/p><p><a href=\"https:\/\/ethicalboard.foleon.com\/issue-24\/ebissue242021\/gabe-shawn-varges-hcm-international\/\" target=\"_blank\" rel=\"noopener\" data-saferedirecturl=\"https:\/\/www.google.com\/url?q=https:\/\/ethicalboard.foleon.com\/issue-24\/ebissue242021\/gabe-shawn-varges-hcm-international\/&amp;source=gmail&amp;ust=1647502365385000&amp;usg=AOvVaw0iIwsBO5kk3X1oYcvGheMY\">Gabe Shawn Varges | HCM International &#8211; EB_ISSUE#24_2021 (foleon.com)<\/a>,\u00a0Board Governance: ENGAGING WITH THE CHIEF COMPLIANCE OFFICER,\u00a0Gabe Shawn Varges, Senior Partner, HCM International and Chairman of the GECN Group<\/p><p class=\"p1\"><span class=\"s1\"><a href=\"http:\/\/svetkapitala.delo.si\/ikonomija\/eticno-poslovanje-prinasa-uspehe\">Dreven\u0161ek S: Eti\u010dno poslovanje prina\u0161a uspehe<\/a><\/span>, Svet kapitala, supplement to the newspaper Delo, 13.01.2017, added 27.01.2017<\/p><p class=\"p2\"><a href=\"https:\/\/www.eisep.si\/wp-content\/uploads\/2020\/07\/KPKnewsletter-_37.pdf_clanek-A-Bergant.pdf\"><i>Bergant A.: Vloga dr\u017eavnih organov pri krepitvi programov skladnosti poslovanja v podjetjih<\/i><\/a><span class=\"s2\">, KPK Vestnik, no. 37, november 2016, added 13.12.2016<\/span><\/p><p class=\"p3\"><span class=\"s1\"><a href=\"https:\/\/www.eisep.si\/wp-content\/uploads\/2020\/07\/2014-best-practices-ethics-comm-report.pdf\">2014 Ethics Communications Best Practices Report<\/a><\/span>, Ethisphere report, added 21.01.2016<\/p><p class=\"p2\"><a href=\"https:\/\/www.eisep.si\/wp-content\/uploads\/2020\/07\/AUDITING-COMPLIANCE-MEASURING-EFFECTIVENESS.pdf\"><i>Auditing Compliance \u2013 Measuring Effectiveness<\/i><\/a><span class=\"s2\">, added 21.01.2016<\/span><\/p><p class=\"p4\"><a href=\"https:\/\/www.eisep.si\/wp-content\/uploads\/2020\/07\/BERGANT-JANCAR-skladnost-poslovanja_pregledan.pdf\"><i>Bergant, A., Jan\u010dar J.: Skladnost poslovanja kot funkcija v sistemu korporativnega upravljanja v Sloveniji<\/i><\/a><span class=\"s2\">, Legal Practice, mar. 2015<\/span><\/p><p class=\"p1\"><span class=\"s1\"><a href=\"https:\/\/www.eisep.si\/wp-content\/uploads\/2020\/07\/scce-cep-2014-06-Bergant.pdf\"><i>Intervju z Andrijano Bergant<\/i><\/a><\/span>\u00a0in Compliance &amp; Ethics Professional, Jun. 2014, p. 14<i><br \/><\/i><\/p><p class=\"p4\"><a href=\"https:\/\/www.eisep.si\/wp-content\/uploads\/2020\/07\/ABonimeBlanc-The-GlobalEthicist-QA-August-2014-EC-Competitive-Advantage.pdf\">Dr. Bonime-Blanc, Andrea: Ask the GlobalEthicist<\/a><span class=\"s2\">, Ethical Corporation, aug. 2014, p. 40<\/span><\/p><p class=\"p4\"><a href=\"https:\/\/www.eisep.si\/wp-content\/uploads\/2020\/07\/ABonimeBlanc-GlobalEthicist-Banks-Reputation-Risk-March-2014.pdf\"><i>Dr. Bonime-Blanc, Andrea: Do\u00a0banks care about reputation risk?<\/i><\/a><span class=\"s2\">,\u00a0Ethical Corporation, mar. 2014, p. 36<\/span><\/p><p class=\"p4\"><a href=\"https:\/\/www.eisep.si\/wp-content\/uploads\/2020\/07\/ABonimeBlanc-GlobalEthicist-Two-Biggest-Risks-February-2014-copy.pdf\"><i>Dr. Bonime-Blanc, Andrea: The biggest risks nobody talks about<\/i><\/a><span class=\"s2\">, Ethical Corporation, feb. 2014, p. 32<\/span><\/p><p class=\"p4\"><a href=\"https:\/\/www.eisep.si\/wp-content\/uploads\/2020\/07\/C\u030clanek.pdf\"><i>Jan\u010dar, Jerica: Obvladovanje tveganja notranjih\u00a0zlorab v lizin\u0161kih dru\u017ebah<\/i><\/a><span class=\"s2\">, Ban\u010dni vestnik, apr. 2014, p. 46<\/span><\/p><p class=\"p2\"><a href=\"https:\/\/www.eisep.si\/wp-content\/uploads\/2020\/07\/Skladne-Prakse_Gabe-Shawn-Varges-Compliance-and-the-Corona-Virus_Mar2020.pdf\"><i>Shawn Varges, Gabe: \u0160tirje prakti\u010dni nasveti za compliance funkcijo v \u010dasu krize<\/i><\/a><span class=\"s2\"><i>,<\/i>\u00a0COMPLIANCE AND THE CORONA VIRUS<\/span><\/p><p class=\"p2\"><a href=\"https:\/\/www.eisep.si\/wp-content\/uploads\/2020\/07\/Etika-v-casu-kriznih-razmer.pdf\"><i>Bergant, A.: Etika v \u010dasu kriznih razmer<\/i><\/a><\/p>\t\t\t\t\t\t\t\t<\/div>\n\t\t\t\t<\/div>\n\t\t\t\t\t<\/div>\n\t\t<\/div>\n\t\t\t\t\t<\/div>\n\t\t<\/section>\n\t\t\t\t<\/div>","protected":false},"excerpt":{"rendered":"<p>PRIPOMO\u010cKI PRI DELU IN VIRI Na tem mestu lahko najdete strokovne \u010dlanke, prezentacije in druge prispevke o temah iz podro\u010dja skladnosti in etike poslovanja, ki jih prispevajo in delijo\u00a0EISEP, \u010dlani [&hellip;]<\/p>\n","protected":false},"author":1,"featured_media":0,"parent":0,"menu_order":0,"comment_status":"closed","ping_status":"closed","template":"","meta":{"_monsterinsights_skip_tracking":false,"_monsterinsights_sitenote_active":false,"_monsterinsights_sitenote_note":"","_monsterinsights_sitenote_category":0,"footnotes":""},"class_list":["post-5387","page","type-page","status-publish","hentry"],"yoast_head":"<!-- This site is optimized with the Yoast SEO plugin v27.5 - https:\/\/yoast.com\/product\/yoast-seo-wordpress\/ -->\n<title>Pripomo\u010dki pri delu in viri - EISEP<\/title>\n<meta name=\"description\" content=\"Pripomo\u010dki pri delu EISEP vklju\u010dujejo strokovne \u010dlanke, obrazce, poro\u010dila in orodja za u\u010dinkovito skladnost poslovanja ter korporativno integriteto.\" \/>\n<meta name=\"robots\" content=\"index, follow, max-snippet:-1, max-image-preview:large, max-video-preview:-1\" \/>\n<link rel=\"canonical\" href=\"https:\/\/www.eisep.si\/en\/pripomocki-pri-delu\/\" \/>\n<meta property=\"og:locale\" content=\"en_GB\" \/>\n<meta property=\"og:type\" content=\"article\" \/>\n<meta property=\"og:title\" content=\"Pripomo\u010dki pri delu in viri - EISEP\" \/>\n<meta property=\"og:description\" content=\"Pripomo\u010dki pri delu EISEP vklju\u010dujejo strokovne \u010dlanke, obrazce, poro\u010dila in orodja za u\u010dinkovito skladnost poslovanja ter korporativno integriteto.\" \/>\n<meta property=\"og:url\" content=\"https:\/\/www.eisep.si\/en\/pripomocki-pri-delu\/\" \/>\n<meta property=\"og:site_name\" content=\"EISEP\" \/>\n<meta property=\"article:modified_time\" content=\"2026-04-21T09:33:15+00:00\" \/>\n<meta name=\"twitter:card\" content=\"summary_large_image\" \/>\n<meta name=\"twitter:label1\" content=\"Estimated reading time\" \/>\n\t<meta name=\"twitter:data1\" content=\"2 minutes\" \/>\n<script type=\"application\/ld+json\" class=\"yoast-schema-graph\">{\"@context\":\"https:\\\/\\\/schema.org\",\"@graph\":[{\"@type\":\"WebPage\",\"@id\":\"https:\\\/\\\/www.eisep.si\\\/pripomocki-pri-delu\\\/\",\"url\":\"https:\\\/\\\/www.eisep.si\\\/pripomocki-pri-delu\\\/\",\"name\":\"Pripomo\u010dki pri delu in viri - EISEP\",\"isPartOf\":{\"@id\":\"https:\\\/\\\/www.eisep.si\\\/#website\"},\"datePublished\":\"2020-08-04T10:24:08+00:00\",\"dateModified\":\"2026-04-21T09:33:15+00:00\",\"description\":\"Pripomo\u010dki pri delu EISEP vklju\u010dujejo strokovne \u010dlanke, obrazce, poro\u010dila in orodja za u\u010dinkovito skladnost poslovanja ter korporativno integriteto.\",\"breadcrumb\":{\"@id\":\"https:\\\/\\\/www.eisep.si\\\/pripomocki-pri-delu\\\/#breadcrumb\"},\"inLanguage\":\"en-GB\",\"potentialAction\":[{\"@type\":\"ReadAction\",\"target\":[\"https:\\\/\\\/www.eisep.si\\\/pripomocki-pri-delu\\\/\"]}]},{\"@type\":\"BreadcrumbList\",\"@id\":\"https:\\\/\\\/www.eisep.si\\\/pripomocki-pri-delu\\\/#breadcrumb\",\"itemListElement\":[{\"@type\":\"ListItem\",\"position\":1,\"name\":\"Home\",\"item\":\"https:\\\/\\\/www.eisep.si\\\/\"},{\"@type\":\"ListItem\",\"position\":2,\"name\":\"Pripomo\u010dki pri delu in viri\"}]},{\"@type\":\"WebSite\",\"@id\":\"https:\\\/\\\/www.eisep.si\\\/#website\",\"url\":\"https:\\\/\\\/www.eisep.si\\\/\",\"name\":\"EISEP\",\"description\":\"Evropski in\u0161titut za skladnost in etiko poslovanja\",\"publisher\":{\"@id\":\"https:\\\/\\\/www.eisep.si\\\/#organization\"},\"potentialAction\":[{\"@type\":\"SearchAction\",\"target\":{\"@type\":\"EntryPoint\",\"urlTemplate\":\"https:\\\/\\\/www.eisep.si\\\/?s={search_term_string}\"},\"query-input\":{\"@type\":\"PropertyValueSpecification\",\"valueRequired\":true,\"valueName\":\"search_term_string\"}}],\"inLanguage\":\"en-GB\"},{\"@type\":\"Organization\",\"@id\":\"https:\\\/\\\/www.eisep.si\\\/#organization\",\"name\":\"Evropski in\u0161titut za skladnost in etiko poslovanja\",\"url\":\"https:\\\/\\\/www.eisep.si\\\/\",\"logo\":{\"@type\":\"ImageObject\",\"inLanguage\":\"en-GB\",\"@id\":\"https:\\\/\\\/www.eisep.si\\\/#\\\/schema\\\/logo\\\/image\\\/\",\"url\":\"https:\\\/\\\/www.eisep.si\\\/wp-content\\\/uploads\\\/2020\\\/07\\\/eisep.png\",\"contentUrl\":\"https:\\\/\\\/www.eisep.si\\\/wp-content\\\/uploads\\\/2020\\\/07\\\/eisep.png\",\"width\":2582,\"height\":406,\"caption\":\"Evropski in\u0161titut za skladnost in etiko poslovanja\"},\"image\":{\"@id\":\"https:\\\/\\\/www.eisep.si\\\/#\\\/schema\\\/logo\\\/image\\\/\"}}]}<\/script>\n<!-- \/ Yoast SEO plugin. -->","yoast_head_json":{"title":"Pripomo\u010dki pri delu in viri - EISEP","description":"Pripomo\u010dki pri delu EISEP vklju\u010dujejo strokovne \u010dlanke, obrazce, poro\u010dila in orodja za u\u010dinkovito skladnost poslovanja ter korporativno integriteto.","robots":{"index":"index","follow":"follow","max-snippet":"max-snippet:-1","max-image-preview":"max-image-preview:large","max-video-preview":"max-video-preview:-1"},"canonical":"https:\/\/www.eisep.si\/en\/pripomocki-pri-delu\/","og_locale":"en_GB","og_type":"article","og_title":"Pripomo\u010dki pri delu in viri - EISEP","og_description":"Pripomo\u010dki pri delu EISEP vklju\u010dujejo strokovne \u010dlanke, obrazce, poro\u010dila in orodja za u\u010dinkovito skladnost poslovanja ter korporativno integriteto.","og_url":"https:\/\/www.eisep.si\/en\/pripomocki-pri-delu\/","og_site_name":"EISEP","article_modified_time":"2026-04-21T09:33:15+00:00","twitter_card":"summary_large_image","twitter_misc":{"Estimated reading time":"2 minutes"},"schema":{"@context":"https:\/\/schema.org","@graph":[{"@type":"WebPage","@id":"https:\/\/www.eisep.si\/pripomocki-pri-delu\/","url":"https:\/\/www.eisep.si\/pripomocki-pri-delu\/","name":"Pripomo\u010dki pri delu in viri - EISEP","isPartOf":{"@id":"https:\/\/www.eisep.si\/#website"},"datePublished":"2020-08-04T10:24:08+00:00","dateModified":"2026-04-21T09:33:15+00:00","description":"Pripomo\u010dki pri delu EISEP vklju\u010dujejo strokovne \u010dlanke, obrazce, poro\u010dila in orodja za u\u010dinkovito skladnost poslovanja ter korporativno integriteto.","breadcrumb":{"@id":"https:\/\/www.eisep.si\/pripomocki-pri-delu\/#breadcrumb"},"inLanguage":"en-GB","potentialAction":[{"@type":"ReadAction","target":["https:\/\/www.eisep.si\/pripomocki-pri-delu\/"]}]},{"@type":"BreadcrumbList","@id":"https:\/\/www.eisep.si\/pripomocki-pri-delu\/#breadcrumb","itemListElement":[{"@type":"ListItem","position":1,"name":"Home","item":"https:\/\/www.eisep.si\/"},{"@type":"ListItem","position":2,"name":"Pripomo\u010dki pri delu in viri"}]},{"@type":"WebSite","@id":"https:\/\/www.eisep.si\/#website","url":"https:\/\/www.eisep.si\/","name":"EICE","description":"European Institute of Compliance and Ethics","publisher":{"@id":"https:\/\/www.eisep.si\/#organization"},"potentialAction":[{"@type":"SearchAction","target":{"@type":"EntryPoint","urlTemplate":"https:\/\/www.eisep.si\/?s={search_term_string}"},"query-input":{"@type":"PropertyValueSpecification","valueRequired":true,"valueName":"search_term_string"}}],"inLanguage":"en-GB"},{"@type":"Organization","@id":"https:\/\/www.eisep.si\/#organization","name":"European Institute of Compliance and Ethics","url":"https:\/\/www.eisep.si\/","logo":{"@type":"ImageObject","inLanguage":"en-GB","@id":"https:\/\/www.eisep.si\/#\/schema\/logo\/image\/","url":"https:\/\/www.eisep.si\/wp-content\/uploads\/2020\/07\/eisep.png","contentUrl":"https:\/\/www.eisep.si\/wp-content\/uploads\/2020\/07\/eisep.png","width":2582,"height":406,"caption":"Evropski in\u0161titut za skladnost in etiko poslovanja"},"image":{"@id":"https:\/\/www.eisep.si\/#\/schema\/logo\/image\/"}}]}},"_links":{"self":[{"href":"https:\/\/www.eisep.si\/en\/wp-json\/wp\/v2\/pages\/5387","targetHints":{"allow":["GET"]}}],"collection":[{"href":"https:\/\/www.eisep.si\/en\/wp-json\/wp\/v2\/pages"}],"about":[{"href":"https:\/\/www.eisep.si\/en\/wp-json\/wp\/v2\/types\/page"}],"author":[{"embeddable":true,"href":"https:\/\/www.eisep.si\/en\/wp-json\/wp\/v2\/users\/1"}],"replies":[{"embeddable":true,"href":"https:\/\/www.eisep.si\/en\/wp-json\/wp\/v2\/comments?post=5387"}],"version-history":[{"count":37,"href":"https:\/\/www.eisep.si\/en\/wp-json\/wp\/v2\/pages\/5387\/revisions"}],"predecessor-version":[{"id":13286,"href":"https:\/\/www.eisep.si\/en\/wp-json\/wp\/v2\/pages\/5387\/revisions\/13286"}],"wp:attachment":[{"href":"https:\/\/www.eisep.si\/en\/wp-json\/wp\/v2\/media?parent=5387"}],"curies":[{"name":"wp","href":"https:\/\/api.w.org\/{rel}","templated":true}]}}