{"id":5951,"date":"2020-10-01T07:43:56","date_gmt":"2020-10-01T07:43:56","guid":{"rendered":"https:\/\/www.eisep.si\/?page_id=5951"},"modified":"2020-10-05T10:43:09","modified_gmt":"2020-10-05T10:43:09","slug":"vodenje-projektov-uskladitve","status":"publish","type":"page","link":"https:\/\/www.eisep.si\/en\/vodenje-projektov-uskladitve\/","title":{"rendered":"Managing reconciliation projects"},"content":{"rendered":"<div data-elementor-type=\"wp-page\" data-elementor-id=\"5951\" class=\"elementor elementor-5951\" data-elementor-post-type=\"page\">\n\t\t\t\t\t\t<section class=\"elementor-section elementor-top-section elementor-element elementor-element-483da856 elementor-section-boxed elementor-section-height-default elementor-section-height-default\" data-id=\"483da856\" data-element_type=\"section\">\n\t\t\t\t\t\t<div class=\"elementor-container elementor-column-gap-default\">\n\t\t\t\t\t<div class=\"elementor-column elementor-col-100 elementor-top-column elementor-element elementor-element-5d346546\" data-id=\"5d346546\" data-element_type=\"column\">\n\t\t\t<div class=\"elementor-widget-wrap elementor-element-populated\">\n\t\t\t\t\t\t<div class=\"elementor-element elementor-element-61c213e5 elementor-widget elementor-widget-spacer\" data-id=\"61c213e5\" data-element_type=\"widget\" data-widget_type=\"spacer.default\">\n\t\t\t\t<div class=\"elementor-widget-container\">\n\t\t\t\t\t\t\t<div class=\"elementor-spacer\">\n\t\t\t<div class=\"elementor-spacer-inner\"><\/div>\n\t\t<\/div>\n\t\t\t\t\t\t<\/div>\n\t\t\t\t<\/div>\n\t\t\t\t<div class=\"elementor-element elementor-element-224bf431 elementor-widget elementor-widget-heading\" data-id=\"224bf431\" data-element_type=\"widget\" data-widget_type=\"heading.default\">\n\t\t\t\t<div class=\"elementor-widget-container\">\n\t\t\t\t\t<h2 class=\"elementor-heading-title elementor-size-default\">MANAGING COMPLIANCE<\/h2>\t\t\t\t<\/div>\n\t\t\t\t<\/div>\n\t\t\t\t<div class=\"elementor-element elementor-element-769d8bcc elementor-widget-divider--view-line elementor-widget elementor-widget-divider\" data-id=\"769d8bcc\" data-element_type=\"widget\" data-widget_type=\"divider.default\">\n\t\t\t\t<div class=\"elementor-widget-container\">\n\t\t\t\t\t\t\t<div class=\"elementor-divider\">\n\t\t\t<span class=\"elementor-divider-separator\">\n\t\t\t\t\t\t<\/span>\n\t\t<\/div>\n\t\t\t\t\t\t<\/div>\n\t\t\t\t<\/div>\n\t\t\t\t\t<\/div>\n\t\t<\/div>\n\t\t\t\t\t<\/div>\n\t\t<\/section>\n\t\t\t\t<section class=\"elementor-section elementor-top-section elementor-element elementor-element-2be6667 elementor-section-boxed elementor-section-height-default elementor-section-height-default\" data-id=\"2be6667\" data-element_type=\"section\">\n\t\t\t\t\t\t<div class=\"elementor-container elementor-column-gap-default\">\n\t\t\t\t\t<div class=\"elementor-column elementor-col-100 elementor-top-column elementor-element elementor-element-8e8b7f0\" data-id=\"8e8b7f0\" data-element_type=\"column\">\n\t\t\t<div class=\"elementor-widget-wrap elementor-element-populated\">\n\t\t\t\t\t\t<div class=\"elementor-element elementor-element-f14794a elementor-widget elementor-widget-spacer\" data-id=\"f14794a\" data-element_type=\"widget\" data-widget_type=\"spacer.default\">\n\t\t\t\t<div class=\"elementor-widget-container\">\n\t\t\t\t\t\t\t<div class=\"elementor-spacer\">\n\t\t\t<div class=\"elementor-spacer-inner\"><\/div>\n\t\t<\/div>\n\t\t\t\t\t\t<\/div>\n\t\t\t\t<\/div>\n\t\t\t\t\t<\/div>\n\t\t<\/div>\n\t\t\t\t\t<\/div>\n\t\t<\/section>\n\t\t\t\t<section class=\"elementor-section elementor-top-section elementor-element elementor-element-f151711 elementor-section-boxed elementor-section-height-default elementor-section-height-default\" data-id=\"f151711\" data-element_type=\"section\">\n\t\t\t\t\t\t<div class=\"elementor-container elementor-column-gap-default\">\n\t\t\t\t\t<div class=\"elementor-column elementor-col-100 elementor-top-column elementor-element elementor-element-8a94d11\" data-id=\"8a94d11\" data-element_type=\"column\">\n\t\t\t<div class=\"elementor-widget-wrap elementor-element-populated\">\n\t\t\t\t\t\t<div class=\"elementor-element elementor-element-79ff240 elementor-widget elementor-widget-text-editor\" data-id=\"79ff240\" data-element_type=\"widget\" data-widget_type=\"text-editor.default\">\n\t\t\t\t<div class=\"elementor-widget-container\">\n\t\t\t\t\t\t\t\t\t<p>In our experience the following typical needs arise for the establishment of requirements in the field of compliance and business integrity, for which we also have developed and practically tested approaches with which we would be happy to support your company:<\/p>\t\t\t\t\t\t\t\t<\/div>\n\t\t\t\t<\/div>\n\t\t\t\t\t<\/div>\n\t\t<\/div>\n\t\t\t\t\t<\/div>\n\t\t<\/section>\n\t\t\t\t<section class=\"elementor-section elementor-top-section elementor-element elementor-element-1aef8bd elementor-section-boxed elementor-section-height-default elementor-section-height-default\" data-id=\"1aef8bd\" data-element_type=\"section\" data-settings=\"{&quot;background_background&quot;:&quot;classic&quot;}\">\n\t\t\t\t\t\t<div class=\"elementor-container elementor-column-gap-default\">\n\t\t\t\t\t<div class=\"elementor-column elementor-col-100 elementor-top-column elementor-element elementor-element-912207e\" data-id=\"912207e\" data-element_type=\"column\">\n\t\t\t<div class=\"elementor-widget-wrap elementor-element-populated\">\n\t\t\t\t\t\t<div class=\"elementor-element elementor-element-dd55eaa elementor-widget elementor-widget-text-editor\" data-id=\"dd55eaa\" data-element_type=\"widget\" data-widget_type=\"text-editor.default\">\n\t\t\t\t<div class=\"elementor-widget-container\">\n\t\t\t\t\t\t\t\t\t<ul><li><b><img decoding=\"async\" class=\"alignleft wp-image-5974\" src=\"https:\/\/www.eisep.si\/wp-content\/uploads\/2020\/07\/compliance-300x300.png\" alt=\"\" width=\"42\" height=\"42\" srcset=\"https:\/\/www.eisep.si\/wp-content\/uploads\/2020\/07\/compliance-300x300.png 300w, https:\/\/www.eisep.si\/wp-content\/uploads\/2020\/07\/compliance-150x150.png 150w, https:\/\/www.eisep.si\/wp-content\/uploads\/2020\/07\/compliance.png 512w\" sizes=\"(max-width: 42px) 100vw, 42px\" \/>Establishment of a comprehensive, formalized program of compliance and business ethics<\/b>, that meets the expectations of regulators, international business partners, international institutions and other stakeholders. The main principle we follow here, taking into account established international standards and practices in this field, is to follow the existing organization of your business processes and proportionality to risks, according to your activity, geographical presence, business model, products and value chain.<p>Experience convincingly teaches us that only a compliance and ethics program that takes into account the characteristics and culture of your organization and is integrated into your business processes in an understandable and proportionate way can work effectively to achieve the ultimate goal: to operate in harmony and ethics. You also achieve economic and other business benefits (ethical premiums), due to the improved reputation of a safe, credible and trustworthy organization, from the inside out.<\/p><\/li><\/ul><p><img fetchpriority=\"high\" decoding=\"async\" class=\"aligncenter wp-image-5955\" src=\"https:\/\/www.eisep.si\/wp-content\/uploads\/2020\/07\/5STARS-5graph-1024x611.png\" alt=\"\" width=\"800\" height=\"478\" srcset=\"https:\/\/www.eisep.si\/wp-content\/uploads\/2020\/07\/5STARS-5graph-1024x611.png 1024w, https:\/\/www.eisep.si\/wp-content\/uploads\/2020\/07\/5STARS-5graph-300x179.png 300w, https:\/\/www.eisep.si\/wp-content\/uploads\/2020\/07\/5STARS-5graph-768x459.png 768w, https:\/\/www.eisep.si\/wp-content\/uploads\/2020\/07\/5STARS-5graph-1536x917.png 1536w, https:\/\/www.eisep.si\/wp-content\/uploads\/2020\/07\/5STARS-5graph-2048x1223.png 2048w\" sizes=\"(max-width: 800px) 100vw, 800px\" \/><\/p><ul><li><strong><img decoding=\"async\" class=\"alignleft wp-image-5953\" src=\"https:\/\/www.eisep.si\/wp-content\/uploads\/2020\/07\/balance-300x300.png\" alt=\"\" width=\"42\" height=\"42\" srcset=\"https:\/\/www.eisep.si\/wp-content\/uploads\/2020\/07\/balance-300x300.png 300w, https:\/\/www.eisep.si\/wp-content\/uploads\/2020\/07\/balance-150x150.png 150w, https:\/\/www.eisep.si\/wp-content\/uploads\/2020\/07\/balance.png 512w\" sizes=\"(max-width: 42px) 100vw, 42px\" \/>Establishment of a specific element or specific area of the compliance program<\/strong>, such as: compliance system for external contractors, suppliers and agents, compliance risk assessment system and business ethics, conflict of interest and corruption prevention system, establishment of compliance with specific sectoral legislation or changes in sectoral legislation (regulatory compliance, eg prevention of money laundering and terrorist financing, changes in sectoral regulations, EU regulations, etc.). In the process of preparing the organization for new legislation or we use an<span style=\"text-decoration: underline;\"> imaginative process of 5 steps of adaptation to regulatory changes, among which we attach special importance to assessing the effects of these changes on the company and creating an appropriate action plan for all relevant areas of business.<\/span>, med katerimi dajemo poseben pomen oceni u\u010dinkov teh sprememb na podjetje ter izdelavi primernega akcijskega na\u010drta za vsa relevantna podro\u010dja poslovanja.<\/li><\/ul><ul><li><strong><img loading=\"lazy\" decoding=\"async\" class=\"alignleft wp-image-5954\" src=\"https:\/\/www.eisep.si\/wp-content\/uploads\/2020\/07\/file.png\" alt=\"\" width=\"42\" height=\"42\" srcset=\"https:\/\/www.eisep.si\/wp-content\/uploads\/2020\/07\/file.png 512w, https:\/\/www.eisep.si\/wp-content\/uploads\/2020\/07\/file-300x300.png 300w, https:\/\/www.eisep.si\/wp-content\/uploads\/2020\/07\/file-150x150.png 150w\" sizes=\"(max-width: 42px) 100vw, 42px\" \/>Compliance with the requirements of  regulators and institutions<\/strong>, including international bodies or institutions, for cases of negative findings in supervisory procedures, legal violations or violations related to international business, blacklisting of international financial institutions (WBG, EIB), etc.<\/li><\/ul>\t\t\t\t\t\t\t\t<\/div>\n\t\t\t\t<\/div>\n\t\t\t\t\t<\/div>\n\t\t<\/div>\n\t\t\t\t\t<\/div>\n\t\t<\/section>\n\t\t\t\t<\/div>","protected":false},"excerpt":{"rendered":"<p>VODENJE PROJEKTOV USKLADITVE V bogati zakladnici izku\u0161enj na\u0161ih strokovnjakov se pojavljajo naslednje zna\u010dilne potrebe za vzpostavitev zahtev s podro\u010dja skladnosti in integritete poslovanja, glede katerih imamo tudi izdelane in prakti\u010dno [&hellip;]<\/p>\n","protected":false},"author":1,"featured_media":0,"parent":0,"menu_order":0,"comment_status":"closed","ping_status":"closed","template":"","meta":{"_monsterinsights_skip_tracking":false,"_monsterinsights_sitenote_active":false,"_monsterinsights_sitenote_note":"","_monsterinsights_sitenote_category":0,"footnotes":""},"class_list":["post-5951","page","type-page","status-publish","hentry"],"yoast_head":"<!-- This site is optimized with the Yoast SEO plugin v27.4 - https:\/\/yoast.com\/product\/yoast-seo-wordpress\/ -->\n<title>Vodenje projektov uskladitve - EISEP<\/title>\n<meta name=\"robots\" content=\"index, follow, max-snippet:-1, max-image-preview:large, max-video-preview:-1\" \/>\n<link rel=\"canonical\" href=\"https:\/\/www.eisep.si\/en\/vodenje-projektov-uskladitve\/\" \/>\n<meta property=\"og:locale\" content=\"en_GB\" \/>\n<meta property=\"og:type\" content=\"article\" \/>\n<meta property=\"og:title\" content=\"Vodenje projektov uskladitve - EISEP\" \/>\n<meta property=\"og:description\" content=\"VODENJE PROJEKTOV USKLADITVE V bogati zakladnici izku\u0161enj na\u0161ih strokovnjakov se pojavljajo naslednje zna\u010dilne potrebe za vzpostavitev zahtev s podro\u010dja skladnosti in integritete poslovanja, glede katerih imamo tudi izdelane in prakti\u010dno [&hellip;]\" \/>\n<meta property=\"og:url\" content=\"https:\/\/www.eisep.si\/en\/vodenje-projektov-uskladitve\/\" \/>\n<meta property=\"og:site_name\" content=\"EISEP\" \/>\n<meta property=\"article:modified_time\" content=\"2020-10-05T10:43:09+00:00\" \/>\n<meta property=\"og:image\" content=\"https:\/\/www.eisep.si\/wp-content\/uploads\/2020\/07\/compliance-300x300.png\" \/>\n<meta name=\"twitter:card\" content=\"summary_large_image\" \/>\n<meta name=\"twitter:label1\" content=\"Estimated reading time\" \/>\n\t<meta name=\"twitter:data1\" content=\"2 minutes\" \/>\n<script type=\"application\/ld+json\" class=\"yoast-schema-graph\">{\"@context\":\"https:\\\/\\\/schema.org\",\"@graph\":[{\"@type\":\"WebPage\",\"@id\":\"https:\\\/\\\/www.eisep.si\\\/vodenje-projektov-uskladitve\\\/\",\"url\":\"https:\\\/\\\/www.eisep.si\\\/vodenje-projektov-uskladitve\\\/\",\"name\":\"Vodenje projektov uskladitve - EISEP\",\"isPartOf\":{\"@id\":\"https:\\\/\\\/www.eisep.si\\\/#website\"},\"primaryImageOfPage\":{\"@id\":\"https:\\\/\\\/www.eisep.si\\\/vodenje-projektov-uskladitve\\\/#primaryimage\"},\"image\":{\"@id\":\"https:\\\/\\\/www.eisep.si\\\/vodenje-projektov-uskladitve\\\/#primaryimage\"},\"thumbnailUrl\":\"https:\\\/\\\/www.eisep.si\\\/wp-content\\\/uploads\\\/2020\\\/07\\\/compliance-300x300.png\",\"datePublished\":\"2020-10-01T07:43:56+00:00\",\"dateModified\":\"2020-10-05T10:43:09+00:00\",\"breadcrumb\":{\"@id\":\"https:\\\/\\\/www.eisep.si\\\/vodenje-projektov-uskladitve\\\/#breadcrumb\"},\"inLanguage\":\"en-GB\",\"potentialAction\":[{\"@type\":\"ReadAction\",\"target\":[\"https:\\\/\\\/www.eisep.si\\\/vodenje-projektov-uskladitve\\\/\"]}]},{\"@type\":\"ImageObject\",\"inLanguage\":\"en-GB\",\"@id\":\"https:\\\/\\\/www.eisep.si\\\/vodenje-projektov-uskladitve\\\/#primaryimage\",\"url\":\"https:\\\/\\\/www.eisep.si\\\/wp-content\\\/uploads\\\/2020\\\/07\\\/compliance-300x300.png\",\"contentUrl\":\"https:\\\/\\\/www.eisep.si\\\/wp-content\\\/uploads\\\/2020\\\/07\\\/compliance-300x300.png\"},{\"@type\":\"BreadcrumbList\",\"@id\":\"https:\\\/\\\/www.eisep.si\\\/vodenje-projektov-uskladitve\\\/#breadcrumb\",\"itemListElement\":[{\"@type\":\"ListItem\",\"position\":1,\"name\":\"Home\",\"item\":\"https:\\\/\\\/www.eisep.si\\\/\"},{\"@type\":\"ListItem\",\"position\":2,\"name\":\"Vodenje projektov uskladitve\"}]},{\"@type\":\"WebSite\",\"@id\":\"https:\\\/\\\/www.eisep.si\\\/#website\",\"url\":\"https:\\\/\\\/www.eisep.si\\\/\",\"name\":\"EISEP\",\"description\":\"Evropski in\u0161titut za skladnost in etiko poslovanja\",\"publisher\":{\"@id\":\"https:\\\/\\\/www.eisep.si\\\/#organization\"},\"potentialAction\":[{\"@type\":\"SearchAction\",\"target\":{\"@type\":\"EntryPoint\",\"urlTemplate\":\"https:\\\/\\\/www.eisep.si\\\/?s={search_term_string}\"},\"query-input\":{\"@type\":\"PropertyValueSpecification\",\"valueRequired\":true,\"valueName\":\"search_term_string\"}}],\"inLanguage\":\"en-GB\"},{\"@type\":\"Organization\",\"@id\":\"https:\\\/\\\/www.eisep.si\\\/#organization\",\"name\":\"Evropski in\u0161titut za skladnost in etiko poslovanja\",\"url\":\"https:\\\/\\\/www.eisep.si\\\/\",\"logo\":{\"@type\":\"ImageObject\",\"inLanguage\":\"en-GB\",\"@id\":\"https:\\\/\\\/www.eisep.si\\\/#\\\/schema\\\/logo\\\/image\\\/\",\"url\":\"https:\\\/\\\/www.eisep.si\\\/wp-content\\\/uploads\\\/2020\\\/07\\\/eisep.png\",\"contentUrl\":\"https:\\\/\\\/www.eisep.si\\\/wp-content\\\/uploads\\\/2020\\\/07\\\/eisep.png\",\"width\":2582,\"height\":406,\"caption\":\"Evropski in\u0161titut za skladnost in etiko poslovanja\"},\"image\":{\"@id\":\"https:\\\/\\\/www.eisep.si\\\/#\\\/schema\\\/logo\\\/image\\\/\"}}]}<\/script>\n<!-- \/ Yoast SEO plugin. -->","yoast_head_json":{"title":"Vodenje projektov uskladitve - EISEP","robots":{"index":"index","follow":"follow","max-snippet":"max-snippet:-1","max-image-preview":"max-image-preview:large","max-video-preview":"max-video-preview:-1"},"canonical":"https:\/\/www.eisep.si\/en\/vodenje-projektov-uskladitve\/","og_locale":"en_GB","og_type":"article","og_title":"Vodenje projektov uskladitve - EISEP","og_description":"VODENJE PROJEKTOV USKLADITVE V bogati zakladnici izku\u0161enj na\u0161ih strokovnjakov se pojavljajo naslednje zna\u010dilne potrebe za vzpostavitev zahtev s podro\u010dja skladnosti in integritete poslovanja, glede katerih imamo tudi izdelane in prakti\u010dno [&hellip;]","og_url":"https:\/\/www.eisep.si\/en\/vodenje-projektov-uskladitve\/","og_site_name":"EISEP","article_modified_time":"2020-10-05T10:43:09+00:00","og_image":[{"url":"https:\/\/www.eisep.si\/wp-content\/uploads\/2020\/07\/compliance-300x300.png","type":"","width":"","height":""}],"twitter_card":"summary_large_image","twitter_misc":{"Estimated reading time":"2 minutes"},"schema":{"@context":"https:\/\/schema.org","@graph":[{"@type":"WebPage","@id":"https:\/\/www.eisep.si\/vodenje-projektov-uskladitve\/","url":"https:\/\/www.eisep.si\/vodenje-projektov-uskladitve\/","name":"Vodenje projektov uskladitve - EISEP","isPartOf":{"@id":"https:\/\/www.eisep.si\/#website"},"primaryImageOfPage":{"@id":"https:\/\/www.eisep.si\/vodenje-projektov-uskladitve\/#primaryimage"},"image":{"@id":"https:\/\/www.eisep.si\/vodenje-projektov-uskladitve\/#primaryimage"},"thumbnailUrl":"https:\/\/www.eisep.si\/wp-content\/uploads\/2020\/07\/compliance-300x300.png","datePublished":"2020-10-01T07:43:56+00:00","dateModified":"2020-10-05T10:43:09+00:00","breadcrumb":{"@id":"https:\/\/www.eisep.si\/vodenje-projektov-uskladitve\/#breadcrumb"},"inLanguage":"en-GB","potentialAction":[{"@type":"ReadAction","target":["https:\/\/www.eisep.si\/vodenje-projektov-uskladitve\/"]}]},{"@type":"ImageObject","inLanguage":"en-GB","@id":"https:\/\/www.eisep.si\/vodenje-projektov-uskladitve\/#primaryimage","url":"https:\/\/www.eisep.si\/wp-content\/uploads\/2020\/07\/compliance-300x300.png","contentUrl":"https:\/\/www.eisep.si\/wp-content\/uploads\/2020\/07\/compliance-300x300.png"},{"@type":"BreadcrumbList","@id":"https:\/\/www.eisep.si\/vodenje-projektov-uskladitve\/#breadcrumb","itemListElement":[{"@type":"ListItem","position":1,"name":"Home","item":"https:\/\/www.eisep.si\/"},{"@type":"ListItem","position":2,"name":"Vodenje projektov uskladitve"}]},{"@type":"WebSite","@id":"https:\/\/www.eisep.si\/#website","url":"https:\/\/www.eisep.si\/","name":"EICE","description":"European Institute of Compliance and Ethics","publisher":{"@id":"https:\/\/www.eisep.si\/#organization"},"potentialAction":[{"@type":"SearchAction","target":{"@type":"EntryPoint","urlTemplate":"https:\/\/www.eisep.si\/?s={search_term_string}"},"query-input":{"@type":"PropertyValueSpecification","valueRequired":true,"valueName":"search_term_string"}}],"inLanguage":"en-GB"},{"@type":"Organization","@id":"https:\/\/www.eisep.si\/#organization","name":"European Institute of Compliance and Ethics","url":"https:\/\/www.eisep.si\/","logo":{"@type":"ImageObject","inLanguage":"en-GB","@id":"https:\/\/www.eisep.si\/#\/schema\/logo\/image\/","url":"https:\/\/www.eisep.si\/wp-content\/uploads\/2020\/07\/eisep.png","contentUrl":"https:\/\/www.eisep.si\/wp-content\/uploads\/2020\/07\/eisep.png","width":2582,"height":406,"caption":"Evropski in\u0161titut za skladnost in etiko poslovanja"},"image":{"@id":"https:\/\/www.eisep.si\/#\/schema\/logo\/image\/"}}]}},"_links":{"self":[{"href":"https:\/\/www.eisep.si\/en\/wp-json\/wp\/v2\/pages\/5951","targetHints":{"allow":["GET"]}}],"collection":[{"href":"https:\/\/www.eisep.si\/en\/wp-json\/wp\/v2\/pages"}],"about":[{"href":"https:\/\/www.eisep.si\/en\/wp-json\/wp\/v2\/types\/page"}],"author":[{"embeddable":true,"href":"https:\/\/www.eisep.si\/en\/wp-json\/wp\/v2\/users\/1"}],"replies":[{"embeddable":true,"href":"https:\/\/www.eisep.si\/en\/wp-json\/wp\/v2\/comments?post=5951"}],"version-history":[{"count":5,"href":"https:\/\/www.eisep.si\/en\/wp-json\/wp\/v2\/pages\/5951\/revisions"}],"predecessor-version":[{"id":5976,"href":"https:\/\/www.eisep.si\/en\/wp-json\/wp\/v2\/pages\/5951\/revisions\/5976"}],"wp:attachment":[{"href":"https:\/\/www.eisep.si\/en\/wp-json\/wp\/v2\/media?parent=5951"}],"curies":[{"name":"wp","href":"https:\/\/api.w.org\/{rel}","templated":true}]}}