{"id":5970,"date":"2020-10-03T08:39:13","date_gmt":"2020-10-03T08:39:13","guid":{"rendered":"https:\/\/www.eisep.si\/?page_id=5970"},"modified":"2020-10-03T08:42:59","modified_gmt":"2020-10-03T08:42:59","slug":"svetovanje-vodstvu-organizacij","status":"publish","type":"page","link":"https:\/\/www.eisep.si\/en\/svetovanje-vodstvu-organizacij\/","title":{"rendered":"Advice to the management of organisations"},"content":{"rendered":"<div data-elementor-type=\"wp-page\" data-elementor-id=\"5970\" class=\"elementor elementor-5970\" data-elementor-post-type=\"page\">\n\t\t\t\t\t\t<section class=\"elementor-section elementor-top-section elementor-element elementor-element-22857777 elementor-section-boxed elementor-section-height-default elementor-section-height-default\" data-id=\"22857777\" data-element_type=\"section\">\n\t\t\t\t\t\t<div class=\"elementor-container elementor-column-gap-default\">\n\t\t\t\t\t<div class=\"elementor-column elementor-col-100 elementor-top-column elementor-element elementor-element-3fa958c6\" data-id=\"3fa958c6\" data-element_type=\"column\">\n\t\t\t<div class=\"elementor-widget-wrap elementor-element-populated\">\n\t\t\t\t\t\t<div class=\"elementor-element elementor-element-3a400ea9 elementor-widget elementor-widget-spacer\" data-id=\"3a400ea9\" data-element_type=\"widget\" data-widget_type=\"spacer.default\">\n\t\t\t\t<div class=\"elementor-widget-container\">\n\t\t\t\t\t\t\t<div class=\"elementor-spacer\">\n\t\t\t<div class=\"elementor-spacer-inner\"><\/div>\n\t\t<\/div>\n\t\t\t\t\t\t<\/div>\n\t\t\t\t<\/div>\n\t\t\t\t<div class=\"elementor-element elementor-element-268d81cd elementor-widget elementor-widget-heading\" data-id=\"268d81cd\" data-element_type=\"widget\" data-widget_type=\"heading.default\">\n\t\t\t\t<div class=\"elementor-widget-container\">\n\t\t\t\t\t<h2 class=\"elementor-heading-title elementor-size-default\">MANAGEMENT CONSULTATION<\/h2>\t\t\t\t<\/div>\n\t\t\t\t<\/div>\n\t\t\t\t<div class=\"elementor-element elementor-element-3f550074 elementor-widget-divider--view-line elementor-widget elementor-widget-divider\" data-id=\"3f550074\" data-element_type=\"widget\" data-widget_type=\"divider.default\">\n\t\t\t\t<div class=\"elementor-widget-container\">\n\t\t\t\t\t\t\t<div class=\"elementor-divider\">\n\t\t\t<span class=\"elementor-divider-separator\">\n\t\t\t\t\t\t<\/span>\n\t\t<\/div>\n\t\t\t\t\t\t<\/div>\n\t\t\t\t<\/div>\n\t\t\t\t\t<\/div>\n\t\t<\/div>\n\t\t\t\t\t<\/div>\n\t\t<\/section>\n\t\t\t\t<section class=\"elementor-section elementor-top-section elementor-element elementor-element-d4aef97 elementor-section-full_width elementor-section-height-default elementor-section-height-default\" data-id=\"d4aef97\" data-element_type=\"section\">\n\t\t\t\t\t\t<div class=\"elementor-container elementor-column-gap-no\">\n\t\t\t\t\t<div class=\"elementor-column elementor-col-100 elementor-top-column elementor-element elementor-element-ab44949\" data-id=\"ab44949\" data-element_type=\"column\">\n\t\t\t<div class=\"elementor-widget-wrap elementor-element-populated\">\n\t\t\t\t\t\t<div class=\"elementor-element elementor-element-135914d elementor-widget elementor-widget-image\" data-id=\"135914d\" data-element_type=\"widget\" data-widget_type=\"image.default\">\n\t\t\t\t<div class=\"elementor-widget-container\">\n\t\t\t\t\t\t\t\t\t\t\t\t\t\t\t<img fetchpriority=\"high\" decoding=\"async\" width=\"800\" height=\"534\" src=\"https:\/\/www.eisep.si\/wp-content\/uploads\/2020\/04\/IMG_6059-1024x683.jpg\" class=\"attachment-large size-large wp-image-5791\" alt=\"\" srcset=\"https:\/\/www.eisep.si\/wp-content\/uploads\/2020\/04\/IMG_6059-1024x683.jpg 1024w, https:\/\/www.eisep.si\/wp-content\/uploads\/2020\/04\/IMG_6059-300x200.jpg 300w, https:\/\/www.eisep.si\/wp-content\/uploads\/2020\/04\/IMG_6059-768x512.jpg 768w, https:\/\/www.eisep.si\/wp-content\/uploads\/2020\/04\/IMG_6059-1536x1024.jpg 1536w, https:\/\/www.eisep.si\/wp-content\/uploads\/2020\/04\/IMG_6059-2048x1365.jpg 2048w\" sizes=\"(max-width: 800px) 100vw, 800px\" \/>\t\t\t\t\t\t\t\t\t\t\t\t\t\t\t<\/div>\n\t\t\t\t<\/div>\n\t\t\t\t\t<\/div>\n\t\t<\/div>\n\t\t\t\t\t<\/div>\n\t\t<\/section>\n\t\t\t\t<section class=\"elementor-section elementor-top-section elementor-element elementor-element-607419c elementor-section-boxed elementor-section-height-default elementor-section-height-default\" data-id=\"607419c\" data-element_type=\"section\">\n\t\t\t\t\t\t<div class=\"elementor-container elementor-column-gap-default\">\n\t\t\t\t\t<div class=\"elementor-column elementor-col-100 elementor-top-column elementor-element elementor-element-dfdd210\" data-id=\"dfdd210\" data-element_type=\"column\">\n\t\t\t<div class=\"elementor-widget-wrap elementor-element-populated\">\n\t\t\t\t\t\t<div class=\"elementor-element elementor-element-b9be460 elementor-widget elementor-widget-spacer\" data-id=\"b9be460\" data-element_type=\"widget\" data-widget_type=\"spacer.default\">\n\t\t\t\t<div class=\"elementor-widget-container\">\n\t\t\t\t\t\t\t<div class=\"elementor-spacer\">\n\t\t\t<div class=\"elementor-spacer-inner\"><\/div>\n\t\t<\/div>\n\t\t\t\t\t\t<\/div>\n\t\t\t\t<\/div>\n\t\t\t\t\t<\/div>\n\t\t<\/div>\n\t\t\t\t\t<\/div>\n\t\t<\/section>\n\t\t\t\t<section class=\"elementor-section elementor-top-section elementor-element elementor-element-a7eb2e2 elementor-section-boxed elementor-section-height-default elementor-section-height-default\" data-id=\"a7eb2e2\" data-element_type=\"section\">\n\t\t\t\t\t\t<div class=\"elementor-container elementor-column-gap-default\">\n\t\t\t\t\t<div class=\"elementor-column elementor-col-100 elementor-top-column elementor-element elementor-element-40a629c\" data-id=\"40a629c\" data-element_type=\"column\">\n\t\t\t<div class=\"elementor-widget-wrap elementor-element-populated\">\n\t\t\t\t\t\t<div class=\"elementor-element elementor-element-526f4d6 elementor-widget elementor-widget-text-editor\" data-id=\"526f4d6\" data-element_type=\"widget\" data-widget_type=\"text-editor.default\">\n\t\t\t\t<div class=\"elementor-widget-container\">\n\t\t\t\t\t\t\t\t\t<p><strong>Expert advice in case of identified irregularities and formal procedures<\/strong><\/p><p>With the help of specialized, highly educated professionals, with extensive experience in a variety of activities, we are trained to assist the management of the company or other organizations in difficult circumstances related to business compliance, ethical behavior or general culture of integrity in the organization or its work. Even if you have already found yourself in formal proceedings, in addition to legal advocacy, it is helpful to have experts who can carry out internal facilitation and correction activities to assist your internal experts.<\/p><p>Such activities can be of great benefit to you in determining responsibility and imposing sanctions and other control measures.<\/p><p>We can also advise you if you are already facing sanctions or orders from various bodies, regulators, including international institutions.<\/p>\t\t\t\t\t\t\t\t<\/div>\n\t\t\t\t<\/div>\n\t\t\t\t\t<\/div>\n\t\t<\/div>\n\t\t\t\t\t<\/div>\n\t\t<\/section>\n\t\t\t\t<section class=\"elementor-section elementor-top-section elementor-element elementor-element-74cd80c elementor-section-boxed elementor-section-height-default elementor-section-height-default\" data-id=\"74cd80c\" data-element_type=\"section\">\n\t\t\t\t\t\t<div class=\"elementor-container elementor-column-gap-default\">\n\t\t\t\t\t<div class=\"elementor-column elementor-col-100 elementor-top-column elementor-element elementor-element-0de9405\" data-id=\"0de9405\" data-element_type=\"column\">\n\t\t\t<div class=\"elementor-widget-wrap elementor-element-populated\">\n\t\t\t\t\t\t<div class=\"elementor-element elementor-element-da0a254 elementor-widget elementor-widget-text-editor\" data-id=\"da0a254\" data-element_type=\"widget\" data-widget_type=\"text-editor.default\">\n\t\t\t\t<div class=\"elementor-widget-container\">\n\t\t\t\t\t\t\t\t\t<p><strong>Compliance management in the event of major changes in your business<\/strong><\/p><p>In the event of major changes in your business, possible expansion into new markets, outsourcing important activities or establishing relationships with foreign business partners, you will also face new risks to compliance and integrity and be subject to supervision by foreign or international bodies and institutions. In such cases, our highly qualified experts stand by your side to guide you through complex issues and advise you.<\/p><p>Namely, your existing or potential business partners, especially in international relations, constantly monitor you and assess whether you are a suitable contractor, supplier, distributor, etc. For these cases, it can be decisive how in normal situations, as well as in a crisis (related to possible official procedures or public affairs), you accept responsibility for compliant business and ethical standards in your company, how you carry out corrective actions and how you communicate it. International institutions can quickly blacklist you if e.g. you find yourself directly or indirectly in transactions that involve liaising with and influencing foreign officials, which you may not even carry out yourself\u2026 unless you have anticipated certain risks and taken appropriate preventive and control measures.<\/p>\t\t\t\t\t\t\t\t<\/div>\n\t\t\t\t<\/div>\n\t\t\t\t\t<\/div>\n\t\t<\/div>\n\t\t\t\t\t<\/div>\n\t\t<\/section>\n\t\t\t\t<section class=\"elementor-section elementor-top-section elementor-element elementor-element-e92c387 elementor-section-boxed elementor-section-height-default elementor-section-height-default\" data-id=\"e92c387\" data-element_type=\"section\">\n\t\t\t\t\t\t<div class=\"elementor-container elementor-column-gap-default\">\n\t\t\t\t\t<div class=\"elementor-column elementor-col-100 elementor-top-column elementor-element elementor-element-5f2288d\" data-id=\"5f2288d\" data-element_type=\"column\">\n\t\t\t<div class=\"elementor-widget-wrap elementor-element-populated\">\n\t\t\t\t\t\t<div class=\"elementor-element elementor-element-3433ad0 elementor-widget elementor-widget-text-editor\" data-id=\"3433ad0\" data-element_type=\"widget\" data-widget_type=\"text-editor.default\">\n\t\t\t\t<div class=\"elementor-widget-container\">\n\t\t\t\t\t\t\t\t\t<p><strong>Strengthening competencies in managing compliance and improving ethical culture<\/strong><\/p><p>On the other hand, your situation may not be as dramatic and you simply need a specialized consultant to support you in establishing a compliance program, assessing and improving the ethical culture in your company, defining the tasks and responsibilities of the compliance officer, or training your internal staff to perform compliance.<\/p><p>We can help you understand what you need to pay attention to as a managing director, board member or supervisory board when monitoring and supervising a compliance program. To this end, we can also help you and your internal team organize compliance and business ethics reporting in your company in a way that has a transparent structure, concrete criteria, and practical and comparative indicators of progress and performance.<\/p><p>If you are interested in what the ethical culture in your company is through tangible measurement and results on paper, we can conduct such research for you. We will also advise you where the opportunities for improvement are and how to achieve the business benefits of a good ethical culture.<\/p>\t\t\t\t\t\t\t\t<\/div>\n\t\t\t\t<\/div>\n\t\t\t\t\t<\/div>\n\t\t<\/div>\n\t\t\t\t\t<\/div>\n\t\t<\/section>\n\t\t\t\t<\/div>","protected":false},"excerpt":{"rendered":"<p>SVETOVANJE VODSTVU ORGANIZACIJ Strokovno svetovanje v primeru ugotovljenih nepravilnosti in uradnih postopkov S pomo\u010djo specializiranih, visoko izobra\u017eenih strokovnjakov, z obse\u017enimi izku\u0161njami iz raznovrstnih dejavnosti, smo usposobljeni, da vodstvu podjetja ali [&hellip;]<\/p>\n","protected":false},"author":1,"featured_media":0,"parent":0,"menu_order":0,"comment_status":"closed","ping_status":"closed","template":"","meta":{"_monsterinsights_skip_tracking":false,"_monsterinsights_sitenote_active":false,"_monsterinsights_sitenote_note":"","_monsterinsights_sitenote_category":0,"footnotes":""},"class_list":["post-5970","page","type-page","status-publish","hentry"],"yoast_head":"<!-- This site is optimized with the Yoast SEO plugin v27.4 - https:\/\/yoast.com\/product\/yoast-seo-wordpress\/ -->\n<title>Svetovanje vodstvu organizacij - EISEP<\/title>\n<meta name=\"robots\" content=\"index, follow, max-snippet:-1, max-image-preview:large, max-video-preview:-1\" \/>\n<link rel=\"canonical\" href=\"https:\/\/www.eisep.si\/en\/svetovanje-vodstvu-organizacij\/\" \/>\n<meta property=\"og:locale\" content=\"en_GB\" \/>\n<meta property=\"og:type\" content=\"article\" \/>\n<meta property=\"og:title\" content=\"Svetovanje vodstvu organizacij - EISEP\" \/>\n<meta property=\"og:description\" content=\"SVETOVANJE VODSTVU ORGANIZACIJ Strokovno svetovanje v primeru ugotovljenih nepravilnosti in uradnih postopkov S pomo\u010djo specializiranih, visoko izobra\u017eenih strokovnjakov, z obse\u017enimi izku\u0161njami iz raznovrstnih dejavnosti, smo usposobljeni, da vodstvu podjetja ali [&hellip;]\" \/>\n<meta property=\"og:url\" content=\"https:\/\/www.eisep.si\/en\/svetovanje-vodstvu-organizacij\/\" \/>\n<meta property=\"og:site_name\" content=\"EISEP\" \/>\n<meta property=\"article:modified_time\" content=\"2020-10-03T08:42:59+00:00\" \/>\n<meta property=\"og:image\" content=\"https:\/\/www.eisep.si\/wp-content\/uploads\/2020\/04\/IMG_6059-1024x683.jpg\" \/>\n<meta name=\"twitter:card\" content=\"summary_large_image\" \/>\n<meta name=\"twitter:label1\" content=\"Estimated reading time\" \/>\n\t<meta name=\"twitter:data1\" content=\"3 minutes\" \/>\n<script type=\"application\/ld+json\" class=\"yoast-schema-graph\">{\"@context\":\"https:\\\/\\\/schema.org\",\"@graph\":[{\"@type\":\"WebPage\",\"@id\":\"https:\\\/\\\/www.eisep.si\\\/svetovanje-vodstvu-organizacij\\\/\",\"url\":\"https:\\\/\\\/www.eisep.si\\\/svetovanje-vodstvu-organizacij\\\/\",\"name\":\"Svetovanje vodstvu organizacij - EISEP\",\"isPartOf\":{\"@id\":\"https:\\\/\\\/www.eisep.si\\\/#website\"},\"primaryImageOfPage\":{\"@id\":\"https:\\\/\\\/www.eisep.si\\\/svetovanje-vodstvu-organizacij\\\/#primaryimage\"},\"image\":{\"@id\":\"https:\\\/\\\/www.eisep.si\\\/svetovanje-vodstvu-organizacij\\\/#primaryimage\"},\"thumbnailUrl\":\"https:\\\/\\\/www.eisep.si\\\/wp-content\\\/uploads\\\/2020\\\/04\\\/IMG_6059-1024x683.jpg\",\"datePublished\":\"2020-10-03T08:39:13+00:00\",\"dateModified\":\"2020-10-03T08:42:59+00:00\",\"breadcrumb\":{\"@id\":\"https:\\\/\\\/www.eisep.si\\\/svetovanje-vodstvu-organizacij\\\/#breadcrumb\"},\"inLanguage\":\"en-GB\",\"potentialAction\":[{\"@type\":\"ReadAction\",\"target\":[\"https:\\\/\\\/www.eisep.si\\\/svetovanje-vodstvu-organizacij\\\/\"]}]},{\"@type\":\"ImageObject\",\"inLanguage\":\"en-GB\",\"@id\":\"https:\\\/\\\/www.eisep.si\\\/svetovanje-vodstvu-organizacij\\\/#primaryimage\",\"url\":\"https:\\\/\\\/www.eisep.si\\\/wp-content\\\/uploads\\\/2020\\\/04\\\/IMG_6059-1024x683.jpg\",\"contentUrl\":\"https:\\\/\\\/www.eisep.si\\\/wp-content\\\/uploads\\\/2020\\\/04\\\/IMG_6059-1024x683.jpg\"},{\"@type\":\"BreadcrumbList\",\"@id\":\"https:\\\/\\\/www.eisep.si\\\/svetovanje-vodstvu-organizacij\\\/#breadcrumb\",\"itemListElement\":[{\"@type\":\"ListItem\",\"position\":1,\"name\":\"Home\",\"item\":\"https:\\\/\\\/www.eisep.si\\\/\"},{\"@type\":\"ListItem\",\"position\":2,\"name\":\"Svetovanje vodstvu organizacij\"}]},{\"@type\":\"WebSite\",\"@id\":\"https:\\\/\\\/www.eisep.si\\\/#website\",\"url\":\"https:\\\/\\\/www.eisep.si\\\/\",\"name\":\"EISEP\",\"description\":\"Evropski in\u0161titut za skladnost in etiko poslovanja\",\"publisher\":{\"@id\":\"https:\\\/\\\/www.eisep.si\\\/#organization\"},\"potentialAction\":[{\"@type\":\"SearchAction\",\"target\":{\"@type\":\"EntryPoint\",\"urlTemplate\":\"https:\\\/\\\/www.eisep.si\\\/?s={search_term_string}\"},\"query-input\":{\"@type\":\"PropertyValueSpecification\",\"valueRequired\":true,\"valueName\":\"search_term_string\"}}],\"inLanguage\":\"en-GB\"},{\"@type\":\"Organization\",\"@id\":\"https:\\\/\\\/www.eisep.si\\\/#organization\",\"name\":\"Evropski in\u0161titut za skladnost in etiko poslovanja\",\"url\":\"https:\\\/\\\/www.eisep.si\\\/\",\"logo\":{\"@type\":\"ImageObject\",\"inLanguage\":\"en-GB\",\"@id\":\"https:\\\/\\\/www.eisep.si\\\/#\\\/schema\\\/logo\\\/image\\\/\",\"url\":\"https:\\\/\\\/www.eisep.si\\\/wp-content\\\/uploads\\\/2020\\\/07\\\/eisep.png\",\"contentUrl\":\"https:\\\/\\\/www.eisep.si\\\/wp-content\\\/uploads\\\/2020\\\/07\\\/eisep.png\",\"width\":2582,\"height\":406,\"caption\":\"Evropski in\u0161titut za skladnost in etiko poslovanja\"},\"image\":{\"@id\":\"https:\\\/\\\/www.eisep.si\\\/#\\\/schema\\\/logo\\\/image\\\/\"}}]}<\/script>\n<!-- \/ Yoast SEO plugin. -->","yoast_head_json":{"title":"Svetovanje vodstvu organizacij - EISEP","robots":{"index":"index","follow":"follow","max-snippet":"max-snippet:-1","max-image-preview":"max-image-preview:large","max-video-preview":"max-video-preview:-1"},"canonical":"https:\/\/www.eisep.si\/en\/svetovanje-vodstvu-organizacij\/","og_locale":"en_GB","og_type":"article","og_title":"Svetovanje vodstvu organizacij - EISEP","og_description":"SVETOVANJE VODSTVU ORGANIZACIJ Strokovno svetovanje v primeru ugotovljenih nepravilnosti in uradnih postopkov S pomo\u010djo specializiranih, visoko izobra\u017eenih strokovnjakov, z obse\u017enimi izku\u0161njami iz raznovrstnih dejavnosti, smo usposobljeni, da vodstvu podjetja ali [&hellip;]","og_url":"https:\/\/www.eisep.si\/en\/svetovanje-vodstvu-organizacij\/","og_site_name":"EISEP","article_modified_time":"2020-10-03T08:42:59+00:00","og_image":[{"url":"https:\/\/www.eisep.si\/wp-content\/uploads\/2020\/04\/IMG_6059-1024x683.jpg","type":"","width":"","height":""}],"twitter_card":"summary_large_image","twitter_misc":{"Estimated reading time":"3 minutes"},"schema":{"@context":"https:\/\/schema.org","@graph":[{"@type":"WebPage","@id":"https:\/\/www.eisep.si\/svetovanje-vodstvu-organizacij\/","url":"https:\/\/www.eisep.si\/svetovanje-vodstvu-organizacij\/","name":"Svetovanje vodstvu organizacij - EISEP","isPartOf":{"@id":"https:\/\/www.eisep.si\/#website"},"primaryImageOfPage":{"@id":"https:\/\/www.eisep.si\/svetovanje-vodstvu-organizacij\/#primaryimage"},"image":{"@id":"https:\/\/www.eisep.si\/svetovanje-vodstvu-organizacij\/#primaryimage"},"thumbnailUrl":"https:\/\/www.eisep.si\/wp-content\/uploads\/2020\/04\/IMG_6059-1024x683.jpg","datePublished":"2020-10-03T08:39:13+00:00","dateModified":"2020-10-03T08:42:59+00:00","breadcrumb":{"@id":"https:\/\/www.eisep.si\/svetovanje-vodstvu-organizacij\/#breadcrumb"},"inLanguage":"en-GB","potentialAction":[{"@type":"ReadAction","target":["https:\/\/www.eisep.si\/svetovanje-vodstvu-organizacij\/"]}]},{"@type":"ImageObject","inLanguage":"en-GB","@id":"https:\/\/www.eisep.si\/svetovanje-vodstvu-organizacij\/#primaryimage","url":"https:\/\/www.eisep.si\/wp-content\/uploads\/2020\/04\/IMG_6059-1024x683.jpg","contentUrl":"https:\/\/www.eisep.si\/wp-content\/uploads\/2020\/04\/IMG_6059-1024x683.jpg"},{"@type":"BreadcrumbList","@id":"https:\/\/www.eisep.si\/svetovanje-vodstvu-organizacij\/#breadcrumb","itemListElement":[{"@type":"ListItem","position":1,"name":"Home","item":"https:\/\/www.eisep.si\/"},{"@type":"ListItem","position":2,"name":"Svetovanje vodstvu organizacij"}]},{"@type":"WebSite","@id":"https:\/\/www.eisep.si\/#website","url":"https:\/\/www.eisep.si\/","name":"EICE","description":"European Institute of Compliance and Ethics","publisher":{"@id":"https:\/\/www.eisep.si\/#organization"},"potentialAction":[{"@type":"SearchAction","target":{"@type":"EntryPoint","urlTemplate":"https:\/\/www.eisep.si\/?s={search_term_string}"},"query-input":{"@type":"PropertyValueSpecification","valueRequired":true,"valueName":"search_term_string"}}],"inLanguage":"en-GB"},{"@type":"Organization","@id":"https:\/\/www.eisep.si\/#organization","name":"European Institute of Compliance and Ethics","url":"https:\/\/www.eisep.si\/","logo":{"@type":"ImageObject","inLanguage":"en-GB","@id":"https:\/\/www.eisep.si\/#\/schema\/logo\/image\/","url":"https:\/\/www.eisep.si\/wp-content\/uploads\/2020\/07\/eisep.png","contentUrl":"https:\/\/www.eisep.si\/wp-content\/uploads\/2020\/07\/eisep.png","width":2582,"height":406,"caption":"Evropski in\u0161titut za skladnost in etiko poslovanja"},"image":{"@id":"https:\/\/www.eisep.si\/#\/schema\/logo\/image\/"}}]}},"_links":{"self":[{"href":"https:\/\/www.eisep.si\/en\/wp-json\/wp\/v2\/pages\/5970","targetHints":{"allow":["GET"]}}],"collection":[{"href":"https:\/\/www.eisep.si\/en\/wp-json\/wp\/v2\/pages"}],"about":[{"href":"https:\/\/www.eisep.si\/en\/wp-json\/wp\/v2\/types\/page"}],"author":[{"embeddable":true,"href":"https:\/\/www.eisep.si\/en\/wp-json\/wp\/v2\/users\/1"}],"replies":[{"embeddable":true,"href":"https:\/\/www.eisep.si\/en\/wp-json\/wp\/v2\/comments?post=5970"}],"version-history":[{"count":2,"href":"https:\/\/www.eisep.si\/en\/wp-json\/wp\/v2\/pages\/5970\/revisions"}],"predecessor-version":[{"id":5972,"href":"https:\/\/www.eisep.si\/en\/wp-json\/wp\/v2\/pages\/5970\/revisions\/5972"}],"wp:attachment":[{"href":"https:\/\/www.eisep.si\/en\/wp-json\/wp\/v2\/media?parent=5970"}],"curies":[{"name":"wp","href":"https:\/\/api.w.org\/{rel}","templated":true}]}}