{"id":6662,"date":"2021-10-21T13:45:56","date_gmt":"2021-10-21T13:45:56","guid":{"rendered":"https:\/\/www.eisep.si\/?page_id=6662"},"modified":"2024-06-13T11:32:51","modified_gmt":"2024-06-13T09:32:51","slug":"strokovne-storitve","status":"publish","type":"page","link":"https:\/\/www.eisep.si\/en\/strokovne-storitve\/","title":{"rendered":"Professional services"},"content":{"rendered":"<div data-elementor-type=\"wp-page\" data-elementor-id=\"6662\" class=\"elementor elementor-6662\" data-elementor-post-type=\"page\">\n\t\t\t\t\t\t<section class=\"elementor-section elementor-top-section elementor-element elementor-element-5950e499 elementor-section-boxed elementor-section-height-default elementor-section-height-default\" data-id=\"5950e499\" data-element_type=\"section\">\n\t\t\t\t\t\t<div class=\"elementor-container elementor-column-gap-default\">\n\t\t\t\t\t<div class=\"elementor-column elementor-col-100 elementor-top-column elementor-element elementor-element-2e921a36\" data-id=\"2e921a36\" data-element_type=\"column\">\n\t\t\t<div class=\"elementor-widget-wrap elementor-element-populated\">\n\t\t\t\t\t\t<div class=\"elementor-element elementor-element-23eae684 elementor-widget-divider--view-line elementor-widget elementor-widget-divider\" data-id=\"23eae684\" data-element_type=\"widget\" data-widget_type=\"divider.default\">\n\t\t\t\t<div class=\"elementor-widget-container\">\n\t\t\t\t\t\t\t<div class=\"elementor-divider\">\n\t\t\t<span class=\"elementor-divider-separator\">\n\t\t\t\t\t\t<\/span>\n\t\t<\/div>\n\t\t\t\t\t\t<\/div>\n\t\t\t\t<\/div>\n\t\t\t\t<div class=\"elementor-element elementor-element-14fbc0fd elementor-widget elementor-widget-heading\" data-id=\"14fbc0fd\" data-element_type=\"widget\" data-widget_type=\"heading.default\">\n\t\t\t\t<div class=\"elementor-widget-container\">\n\t\t\t\t\t<h1 class=\"elementor-heading-title elementor-size-default\">EICE PROFESSIONAL SERVICES<\/h1>\t\t\t\t<\/div>\n\t\t\t\t<\/div>\n\t\t\t\t<div class=\"elementor-element elementor-element-ecaafee elementor-widget elementor-widget-spacer\" data-id=\"ecaafee\" data-element_type=\"widget\" data-widget_type=\"spacer.default\">\n\t\t\t\t<div class=\"elementor-widget-container\">\n\t\t\t\t\t\t\t<div class=\"elementor-spacer\">\n\t\t\t<div class=\"elementor-spacer-inner\"><\/div>\n\t\t<\/div>\n\t\t\t\t\t\t<\/div>\n\t\t\t\t<\/div>\n\t\t\t\t\t<\/div>\n\t\t<\/div>\n\t\t\t\t\t<\/div>\n\t\t<\/section>\n\t\t<div class=\"elementor-element elementor-element-480bd8c e-flex e-con-boxed e-con e-parent\" data-id=\"480bd8c\" data-element_type=\"container\">\n\t\t\t\t\t<div class=\"e-con-inner\">\n\t\t\t\t<div class=\"elementor-element elementor-element-116d16d elementor-widget elementor-widget-text-editor\" data-id=\"116d16d\" data-element_type=\"widget\" data-widget_type=\"text-editor.default\">\n\t\t\t\t<div class=\"elementor-widget-container\">\n\t\t\t\t\t\t\t\t\t<p>EICE has developed and delivered over 50 in-house compliance and corporate integrity trainings for companies from various industries; finance, logistics, trade, pharmaceuticals, transport, infrastructure, etc. Compliance trainings can be delivered to employees or to individual groups, especially to members of management and regulatory bodies.\u00a0<\/p><p>We\u2019ve developed proven methods for managing compliance and integrity risks in business, drawing from our extensive experience.\u00a0<\/p><p>From November 2023, you can also subscribe to\u00a0<a href=\"https:\/\/www.eisep.si\/en\/skladne-prakse-narocnina\/\"><strong>regular e-editions of Compliance Practices<\/strong><\/a>in which we will publish expert opinions on specific compliance and integrity issues, various templates and forms, and other practical tools you need to work on compliance and ethics in your business. Members of the EICE Community will receive the Compliance Practices in a complementary way, as part of their membership package.\u00a0<\/p><p>Find out more about our professional services at the link below and contact us for specific situations and your needs at:\u00a0<strong><a href=\"mailto:info@eisep.si\" target=\"_blank\" rel=\"noopener noreferrer\">info@eisep.si<\/a><\/strong>.<\/p>\t\t\t\t\t\t\t\t<\/div>\n\t\t\t\t<\/div>\n\t\t\t\t\t<\/div>\n\t\t\t\t<\/div>\n\t\t\t\t<section class=\"elementor-section elementor-top-section elementor-element elementor-element-c067ef0 elementor-section-height-min-height elementor-section-items-stretch elementor-section-stretched elementor-section-boxed elementor-section-height-default\" data-id=\"c067ef0\" data-element_type=\"section\" data-settings=\"{&quot;stretch_section&quot;:&quot;section-stretched&quot;}\">\n\t\t\t\t\t\t<div class=\"elementor-container elementor-column-gap-default\">\n\t\t\t\t\t<div class=\"elementor-column elementor-col-50 elementor-top-column elementor-element elementor-element-706ad19\" data-id=\"706ad19\" data-element_type=\"column\" data-settings=\"{&quot;background_background&quot;:&quot;classic&quot;}\">\n\t\t\t<div class=\"elementor-widget-wrap elementor-element-populated\">\n\t\t\t\t\t<div class=\"elementor-background-overlay\"><\/div>\n\t\t\t\t\t\t<div class=\"elementor-element elementor-element-697f6f2 elementor-align-center elementor-widget elementor-widget-button\" data-id=\"697f6f2\" data-element_type=\"widget\" data-widget_type=\"button.default\">\n\t\t\t\t<div class=\"elementor-widget-container\">\n\t\t\t\t\t\t\t\t\t<div class=\"elementor-button-wrapper\">\n\t\t\t\t\t<a class=\"elementor-button elementor-button-link elementor-size-sm elementor-animation-grow\" href=\"https:\/\/www.eisep.si\/en\/eisep-izobrazevanja-po-meri\/\">\n\t\t\t\t\t\t<span class=\"elementor-button-content-wrapper\">\n\t\t\t\t\t\t\t\t\t<span class=\"elementor-button-text\">EICE customised education<\/span>\n\t\t\t\t\t<\/span>\n\t\t\t\t\t<\/a>\n\t\t\t\t<\/div>\n\t\t\t\t\t\t\t\t<\/div>\n\t\t\t\t<\/div>\n\t\t\t\t\t<\/div>\n\t\t<\/div>\n\t\t\t\t<div class=\"elementor-column elementor-col-50 elementor-top-column elementor-element elementor-element-f8b9498\" data-id=\"f8b9498\" data-element_type=\"column\" data-settings=\"{&quot;background_background&quot;:&quot;classic&quot;}\">\n\t\t\t<div class=\"elementor-widget-wrap elementor-element-populated\">\n\t\t\t\t\t<div class=\"elementor-background-overlay\"><\/div>\n\t\t\t\t\t\t<div class=\"elementor-element elementor-element-360b5e4 elementor-align-center elementor-widget elementor-widget-button\" data-id=\"360b5e4\" data-element_type=\"widget\" data-widget_type=\"button.default\">\n\t\t\t\t<div class=\"elementor-widget-container\">\n\t\t\t\t\t\t\t\t\t<div class=\"elementor-button-wrapper\">\n\t\t\t\t\t<a class=\"elementor-button elementor-button-link elementor-size-sm elementor-animation-grow\" href=\"https:\/\/www.eisep.si\/en\/skladne-prakse-narocnina\/\">\n\t\t\t\t\t\t<span class=\"elementor-button-content-wrapper\">\n\t\t\t\t\t\t\t\t\t<span class=\"elementor-button-text\">Compliance and Ethics Practices - SUBSCRIPTION<\/span>\n\t\t\t\t\t<\/span>\n\t\t\t\t\t<\/a>\n\t\t\t\t<\/div>\n\t\t\t\t\t\t\t\t<\/div>\n\t\t\t\t<\/div>\n\t\t\t\t\t<\/div>\n\t\t<\/div>\n\t\t\t\t\t<\/div>\n\t\t<\/section>\n\t\t\t\t<section class=\"elementor-section elementor-top-section elementor-element elementor-element-a174847 elementor-section-height-min-height elementor-section-items-stretch elementor-section-stretched elementor-section-boxed elementor-section-height-default\" data-id=\"a174847\" data-element_type=\"section\" data-settings=\"{&quot;stretch_section&quot;:&quot;section-stretched&quot;}\">\n\t\t\t\t\t\t<div class=\"elementor-container elementor-column-gap-default\">\n\t\t\t\t\t<div class=\"elementor-column elementor-col-50 elementor-top-column elementor-element elementor-element-c83a945\" data-id=\"c83a945\" data-element_type=\"column\" data-settings=\"{&quot;background_background&quot;:&quot;classic&quot;}\">\n\t\t\t<div class=\"elementor-widget-wrap elementor-element-populated\">\n\t\t\t\t\t<div class=\"elementor-background-overlay\"><\/div>\n\t\t\t\t\t\t<div class=\"elementor-element elementor-element-0cc3a9b elementor-align-center elementor-widget elementor-widget-button\" data-id=\"0cc3a9b\" data-element_type=\"widget\" data-widget_type=\"button.default\">\n\t\t\t\t<div class=\"elementor-widget-container\">\n\t\t\t\t\t\t\t\t\t<div class=\"elementor-button-wrapper\">\n\t\t\t\t\t<a class=\"elementor-button elementor-button-link elementor-size-sm elementor-animation-grow\" href=\"https:\/\/www.eisep.si\/en\/uporabna-etika\/\">\n\t\t\t\t\t\t<span class=\"elementor-button-content-wrapper\">\n\t\t\t\t\t\t\t\t\t<span class=\"elementor-button-text\">Applied ethics<\/span>\n\t\t\t\t\t<\/span>\n\t\t\t\t\t<\/a>\n\t\t\t\t<\/div>\n\t\t\t\t\t\t\t\t<\/div>\n\t\t\t\t<\/div>\n\t\t\t\t\t<\/div>\n\t\t<\/div>\n\t\t\t\t<div class=\"elementor-column elementor-col-50 elementor-top-column elementor-element elementor-element-7d1c903\" data-id=\"7d1c903\" data-element_type=\"column\" data-settings=\"{&quot;background_background&quot;:&quot;classic&quot;}\">\n\t\t\t<div class=\"elementor-widget-wrap elementor-element-populated\">\n\t\t\t\t\t<div class=\"elementor-background-overlay\"><\/div>\n\t\t\t\t\t\t<div class=\"elementor-element elementor-element-267baeb elementor-align-center elementor-widget elementor-widget-button\" data-id=\"267baeb\" data-element_type=\"widget\" data-widget_type=\"button.default\">\n\t\t\t\t<div class=\"elementor-widget-container\">\n\t\t\t\t\t\t\t\t\t<div class=\"elementor-button-wrapper\">\n\t\t\t\t\t<a class=\"elementor-button elementor-button-link elementor-size-sm elementor-animation-grow\" href=\"https:\/\/www.eisep.si\/en\/bucid-business-compliance-integrity-defence\/\">\n\t\t\t\t\t\t<span class=\"elementor-button-content-wrapper\">\n\t\t\t\t\t\t\t\t\t<span class=\"elementor-button-text\">BUCID - Business Compliance Integrity Defence\u00a9<\/span>\n\t\t\t\t\t<\/span>\n\t\t\t\t\t<\/a>\n\t\t\t\t<\/div>\n\t\t\t\t\t\t\t\t<\/div>\n\t\t\t\t<\/div>\n\t\t\t\t\t<\/div>\n\t\t<\/div>\n\t\t\t\t\t<\/div>\n\t\t<\/section>\n\t\t<div class=\"elementor-element elementor-element-af27c4d e-flex e-con-boxed e-con e-parent\" data-id=\"af27c4d\" data-element_type=\"container\">\n\t\t\t\t\t<div class=\"e-con-inner\">\n\t\t\t\t<div class=\"elementor-element elementor-element-6234576 elementor-widget elementor-widget-spacer\" data-id=\"6234576\" data-element_type=\"widget\" data-widget_type=\"spacer.default\">\n\t\t\t\t<div class=\"elementor-widget-container\">\n\t\t\t\t\t\t\t<div class=\"elementor-spacer\">\n\t\t\t<div class=\"elementor-spacer-inner\"><\/div>\n\t\t<\/div>\n\t\t\t\t\t\t<\/div>\n\t\t\t\t<\/div>\n\t\t\t\t\t<\/div>\n\t\t\t\t<\/div>\n\t\t\t\t<\/div>","protected":false},"excerpt":{"rendered":"<p>EISEP STROKOVNE STORITVE V EISEP smo razvili in izvedli \u017ee preko 50 internih izobra\u017eevanj s podro\u010dja skladnosti poslovanja in korporativne integritete, po naro\u010dilu podjetij iz razli\u010dnih dejavnosti; finance, logistika, trgovina, [&hellip;]<\/p>\n","protected":false},"author":1,"featured_media":0,"parent":0,"menu_order":0,"comment_status":"closed","ping_status":"closed","template":"","meta":{"_monsterinsights_skip_tracking":false,"_monsterinsights_sitenote_active":false,"_monsterinsights_sitenote_note":"","_monsterinsights_sitenote_category":0,"footnotes":""},"class_list":["post-6662","page","type-page","status-publish","hentry"],"yoast_head":"<!-- This site is optimized with the Yoast SEO plugin v27.4 - https:\/\/yoast.com\/product\/yoast-seo-wordpress\/ -->\n<title>Strokovne storitve - EISEP<\/title>\n<meta name=\"robots\" content=\"index, follow, max-snippet:-1, max-image-preview:large, max-video-preview:-1\" \/>\n<link rel=\"canonical\" href=\"https:\/\/www.eisep.si\/en\/strokovne-storitve\/\" \/>\n<meta property=\"og:locale\" content=\"en_GB\" \/>\n<meta property=\"og:type\" content=\"article\" \/>\n<meta property=\"og:title\" content=\"Strokovne storitve - EISEP\" \/>\n<meta property=\"og:description\" content=\"EISEP STROKOVNE STORITVE V EISEP smo razvili in izvedli \u017ee preko 50 internih izobra\u017eevanj s podro\u010dja skladnosti poslovanja in korporativne integritete, po naro\u010dilu podjetij iz razli\u010dnih dejavnosti; finance, logistika, trgovina, [&hellip;]\" \/>\n<meta property=\"og:url\" content=\"https:\/\/www.eisep.si\/en\/strokovne-storitve\/\" \/>\n<meta property=\"og:site_name\" content=\"EISEP\" \/>\n<meta property=\"article:modified_time\" content=\"2024-06-13T09:32:51+00:00\" \/>\n<meta name=\"twitter:card\" content=\"summary_large_image\" \/>\n<meta name=\"twitter:label1\" content=\"Estimated reading time\" \/>\n\t<meta name=\"twitter:data1\" content=\"1 minute\" \/>\n<script type=\"application\/ld+json\" class=\"yoast-schema-graph\">{\"@context\":\"https:\\\/\\\/schema.org\",\"@graph\":[{\"@type\":\"WebPage\",\"@id\":\"https:\\\/\\\/www.eisep.si\\\/strokovne-storitve\\\/\",\"url\":\"https:\\\/\\\/www.eisep.si\\\/strokovne-storitve\\\/\",\"name\":\"Strokovne storitve - EISEP\",\"isPartOf\":{\"@id\":\"https:\\\/\\\/www.eisep.si\\\/#website\"},\"datePublished\":\"2021-10-21T13:45:56+00:00\",\"dateModified\":\"2024-06-13T09:32:51+00:00\",\"breadcrumb\":{\"@id\":\"https:\\\/\\\/www.eisep.si\\\/strokovne-storitve\\\/#breadcrumb\"},\"inLanguage\":\"en-GB\",\"potentialAction\":[{\"@type\":\"ReadAction\",\"target\":[\"https:\\\/\\\/www.eisep.si\\\/strokovne-storitve\\\/\"]}]},{\"@type\":\"BreadcrumbList\",\"@id\":\"https:\\\/\\\/www.eisep.si\\\/strokovne-storitve\\\/#breadcrumb\",\"itemListElement\":[{\"@type\":\"ListItem\",\"position\":1,\"name\":\"Home\",\"item\":\"https:\\\/\\\/www.eisep.si\\\/\"},{\"@type\":\"ListItem\",\"position\":2,\"name\":\"Strokovne storitve\"}]},{\"@type\":\"WebSite\",\"@id\":\"https:\\\/\\\/www.eisep.si\\\/#website\",\"url\":\"https:\\\/\\\/www.eisep.si\\\/\",\"name\":\"EISEP\",\"description\":\"Evropski in\u0161titut za skladnost in etiko poslovanja\",\"publisher\":{\"@id\":\"https:\\\/\\\/www.eisep.si\\\/#organization\"},\"potentialAction\":[{\"@type\":\"SearchAction\",\"target\":{\"@type\":\"EntryPoint\",\"urlTemplate\":\"https:\\\/\\\/www.eisep.si\\\/?s={search_term_string}\"},\"query-input\":{\"@type\":\"PropertyValueSpecification\",\"valueRequired\":true,\"valueName\":\"search_term_string\"}}],\"inLanguage\":\"en-GB\"},{\"@type\":\"Organization\",\"@id\":\"https:\\\/\\\/www.eisep.si\\\/#organization\",\"name\":\"Evropski in\u0161titut za skladnost in etiko poslovanja\",\"url\":\"https:\\\/\\\/www.eisep.si\\\/\",\"logo\":{\"@type\":\"ImageObject\",\"inLanguage\":\"en-GB\",\"@id\":\"https:\\\/\\\/www.eisep.si\\\/#\\\/schema\\\/logo\\\/image\\\/\",\"url\":\"https:\\\/\\\/www.eisep.si\\\/wp-content\\\/uploads\\\/2020\\\/07\\\/eisep.png\",\"contentUrl\":\"https:\\\/\\\/www.eisep.si\\\/wp-content\\\/uploads\\\/2020\\\/07\\\/eisep.png\",\"width\":2582,\"height\":406,\"caption\":\"Evropski in\u0161titut za skladnost in etiko poslovanja\"},\"image\":{\"@id\":\"https:\\\/\\\/www.eisep.si\\\/#\\\/schema\\\/logo\\\/image\\\/\"}}]}<\/script>\n<!-- \/ Yoast SEO plugin. -->","yoast_head_json":{"title":"Strokovne storitve - EISEP","robots":{"index":"index","follow":"follow","max-snippet":"max-snippet:-1","max-image-preview":"max-image-preview:large","max-video-preview":"max-video-preview:-1"},"canonical":"https:\/\/www.eisep.si\/en\/strokovne-storitve\/","og_locale":"en_GB","og_type":"article","og_title":"Strokovne storitve - EISEP","og_description":"EISEP STROKOVNE STORITVE V EISEP smo razvili in izvedli \u017ee preko 50 internih izobra\u017eevanj s podro\u010dja skladnosti poslovanja in korporativne integritete, po naro\u010dilu podjetij iz razli\u010dnih dejavnosti; finance, logistika, trgovina, [&hellip;]","og_url":"https:\/\/www.eisep.si\/en\/strokovne-storitve\/","og_site_name":"EISEP","article_modified_time":"2024-06-13T09:32:51+00:00","twitter_card":"summary_large_image","twitter_misc":{"Estimated reading time":"1 minute"},"schema":{"@context":"https:\/\/schema.org","@graph":[{"@type":"WebPage","@id":"https:\/\/www.eisep.si\/strokovne-storitve\/","url":"https:\/\/www.eisep.si\/strokovne-storitve\/","name":"Strokovne storitve - EISEP","isPartOf":{"@id":"https:\/\/www.eisep.si\/#website"},"datePublished":"2021-10-21T13:45:56+00:00","dateModified":"2024-06-13T09:32:51+00:00","breadcrumb":{"@id":"https:\/\/www.eisep.si\/strokovne-storitve\/#breadcrumb"},"inLanguage":"en-GB","potentialAction":[{"@type":"ReadAction","target":["https:\/\/www.eisep.si\/strokovne-storitve\/"]}]},{"@type":"BreadcrumbList","@id":"https:\/\/www.eisep.si\/strokovne-storitve\/#breadcrumb","itemListElement":[{"@type":"ListItem","position":1,"name":"Home","item":"https:\/\/www.eisep.si\/"},{"@type":"ListItem","position":2,"name":"Strokovne storitve"}]},{"@type":"WebSite","@id":"https:\/\/www.eisep.si\/#website","url":"https:\/\/www.eisep.si\/","name":"EICE","description":"European Institute of Compliance and Ethics","publisher":{"@id":"https:\/\/www.eisep.si\/#organization"},"potentialAction":[{"@type":"SearchAction","target":{"@type":"EntryPoint","urlTemplate":"https:\/\/www.eisep.si\/?s={search_term_string}"},"query-input":{"@type":"PropertyValueSpecification","valueRequired":true,"valueName":"search_term_string"}}],"inLanguage":"en-GB"},{"@type":"Organization","@id":"https:\/\/www.eisep.si\/#organization","name":"European Institute of Compliance and Ethics","url":"https:\/\/www.eisep.si\/","logo":{"@type":"ImageObject","inLanguage":"en-GB","@id":"https:\/\/www.eisep.si\/#\/schema\/logo\/image\/","url":"https:\/\/www.eisep.si\/wp-content\/uploads\/2020\/07\/eisep.png","contentUrl":"https:\/\/www.eisep.si\/wp-content\/uploads\/2020\/07\/eisep.png","width":2582,"height":406,"caption":"Evropski in\u0161titut za skladnost in etiko poslovanja"},"image":{"@id":"https:\/\/www.eisep.si\/#\/schema\/logo\/image\/"}}]}},"_links":{"self":[{"href":"https:\/\/www.eisep.si\/en\/wp-json\/wp\/v2\/pages\/6662","targetHints":{"allow":["GET"]}}],"collection":[{"href":"https:\/\/www.eisep.si\/en\/wp-json\/wp\/v2\/pages"}],"about":[{"href":"https:\/\/www.eisep.si\/en\/wp-json\/wp\/v2\/types\/page"}],"author":[{"embeddable":true,"href":"https:\/\/www.eisep.si\/en\/wp-json\/wp\/v2\/users\/1"}],"replies":[{"embeddable":true,"href":"https:\/\/www.eisep.si\/en\/wp-json\/wp\/v2\/comments?post=6662"}],"version-history":[{"count":26,"href":"https:\/\/www.eisep.si\/en\/wp-json\/wp\/v2\/pages\/6662\/revisions"}],"predecessor-version":[{"id":10127,"href":"https:\/\/www.eisep.si\/en\/wp-json\/wp\/v2\/pages\/6662\/revisions\/10127"}],"wp:attachment":[{"href":"https:\/\/www.eisep.si\/en\/wp-json\/wp\/v2\/media?parent=6662"}],"curies":[{"name":"wp","href":"https:\/\/api.w.org\/{rel}","templated":true}]}}