{"id":9619,"date":"2024-02-01T12:26:17","date_gmt":"2024-02-01T11:26:17","guid":{"rendered":"https:\/\/www.eisep.si\/?page_id=9619"},"modified":"2026-03-04T14:38:15","modified_gmt":"2026-03-04T13:38:15","slug":"prijava-na-dogodek","status":"publish","type":"page","link":"https:\/\/www.eisep.si\/en\/prijava-na-dogodek\/","title":{"rendered":"Prijava na dogodek"},"content":{"rendered":"\t\t<div data-elementor-type=\"wp-page\" data-elementor-id=\"9619\" class=\"elementor elementor-9619\" data-elementor-post-type=\"page\">\n\t\t\t\t<div class=\"elementor-element elementor-element-4e6bf3b e-flex e-con-boxed e-con e-parent\" data-id=\"4e6bf3b\" data-element_type=\"container\">\n\t\t\t\t\t<div class=\"e-con-inner\">\n\t\t<div class=\"elementor-element elementor-element-bff1f18 e-con-full e-flex e-con e-child\" data-id=\"bff1f18\" data-element_type=\"container\">\n\t\t\t\t<div class=\"elementor-element elementor-element-ffa5154 elementor-widget elementor-widget-heading\" data-id=\"ffa5154\" data-element_type=\"widget\" data-widget_type=\"heading.default\">\n\t\t\t\t<div class=\"elementor-widget-container\">\n\t\t\t\t\t<h3 class=\"elementor-heading-title elementor-size-default\">Skladni zajtrk z informacijskim poobla\u0161\u010dencem, 4. marec 2026,  Kavarna Slami\u010d, Ljubljana<\/h3>\t\t\t\t<\/div>\n\t\t\t\t<\/div>\n\t\t\t\t<div class=\"elementor-element elementor-element-3621d68 elementor-widget elementor-widget-text-editor\" data-id=\"3621d68\" data-element_type=\"widget\" data-widget_type=\"text-editor.default\">\n\t\t\t\t<div class=\"elementor-widget-container\">\n\t\t\t\t\t\t\t\t\t<p><span data-contrast=\"auto\">Spo\u0161tovani \u010dlani strokovne skupnosti EISEP ter druge kolegice in kolegi s podro\u010dja skladnosti, etike in varstva osebnih podatkov!<\/span><\/p><p><span data-contrast=\"auto\">Vabimo vas na prvi leto\u0161nji\u00a0<\/span><b><span data-contrast=\"auto\">Skladni zajtrk<\/span><\/b><span data-contrast=\"auto\">, ki bo potekal v\u00a0<\/span><b><span data-contrast=\"auto\">sredo, 4. marca 2026, v Kavarni Slami\u010d na Kersnikovi ulici, v Ljubljani, od 9:00 &#8211; 10:45 ure.<\/span><\/b><\/p><p><span data-contrast=\"auto\">Tokrat bomo odprli eno izmed ob\u010dutljivej\u0161ih in hkrati najbolj dinami\u010dnih podro\u010dij skladnosti poslovanja \u2013\u00a0<\/span><b><span data-contrast=\"auto\">varstvo osebnih podatkov. <\/span><\/b><span data-contrast=\"auto\">Osrednji gost pogovora bo\u00a0<\/span><b><span data-contrast=\"auto\">mag. Andrej Tom\u0161i\u010d<\/span><\/b><span data-contrast=\"auto\">,\u00a0namestnik Informacijske poobla\u0161\u010denke\u00a0RS.<\/span><span data-ccp-props=\"{}\">\u00a0<\/span><\/p><p><span data-contrast=\"auto\">Gre za prilo\u017enost za neposreden strokoven dialog z nadzornikom \u2013 v duhu EISEP\u00a0strokovne\u00a0skupnosti, ki spodbuja odprto razpravo, izmenjavo izku\u0161enj in u\u010denje iz prakse.<\/span><span data-ccp-props=\"{}\">\u00a0<\/span><\/p><p><b><span data-contrast=\"auto\">O \u010dem bomo govorili?<\/span><\/b><span data-ccp-props=\"{}\">\u00a0<\/span><\/p><p>Pogovor\u00a0s predstavnikom IP ter skupaj z vami,\u00a0bomo usmerili v aktualna in prakti\u010dna vpra\u0161anja,\u00a0s katerimi se\u00a0sre\u010dujemo\u00a0pri poslovanju dru\u017eb in drugih organizacij:\u00a0<\/p><ul><li><p>pogled na stanje in razvitost podro\u010dja varstva osebnih podatkov v Sloveniji in obstoje\u010di izzivi,\u00a0<\/p><\/li><\/ul><ul><li><p>prakse nadzora in najpogostej\u0161e kr\u0161itve ZVOP-2 in GDPR,\u00a0<\/p><\/li><\/ul><ul><li><p>pogled na dobre in slabe prakse VOP, pomen proaktivnega pristopa k skladnosti in kulture varovanja zasebnosti,\u00a0<\/p><\/li><\/ul><ul><li><p>konkretne dileme in\u00a0odprta vpra\u0161anja\u00a0\u010dlanov EISEP.\u00a0\u00a0<\/p><\/li><\/ul><p><span data-contrast=\"auto\">Na in\u0161titutu se na dialog\u00a0pripravljamo tako, da raziskujemo\u00a0aktualna mnenja Informacijskega poobla\u0161\u010denca, zadnje letno poro\u010dilo\u00a0IP, pa tudi\u00a0primere najvi\u0161jih\u00a0izre\u010denih\u00a0glob,\u00a0na podlagi GDPR s strani Informacijskih poobla\u0161\u010dencev drugih\u00a0dr\u017eav \u010dlanic EU.<\/span><span data-ccp-props=\"{}\">\u00a0<\/span><\/p><p><span data-contrast=\"auto\">Na\u0161 cilj ni le razumevanje pravil, temve\u010d razumevanje pri\u010dakovanj nadzornika \u2013 in kako jih v praksi pretvoriti v u\u010dinkovite, sorazmerne in poslovno smiselne re\u0161itve.<\/span><span data-ccp-props=\"{}\">\u00a0<\/span><\/p><p><b><span data-contrast=\"auto\">Zakaj se udele\u017eiti?<\/span><\/b><span data-ccp-props=\"{}\">\u00a0<\/span><\/p><p><span data-contrast=\"auto\">\u2714<\/span><span data-contrast=\"auto\">\u00a0Neposreden dialog z namestnikom Informacijske poobla\u0161\u010denke<\/span>\u00a0<br \/><span data-contrast=\"auto\">\u2714<\/span><span data-contrast=\"auto\">\u00a0Aktualne informacije iz prve roke<\/span>\u00a0<br \/><span data-contrast=\"auto\">\u2714<\/span><span data-contrast=\"auto\">\u00a0Prostor za va\u0161a konkretna vpra\u0161anja<\/span>\u00a0<br \/><span data-contrast=\"auto\">\u2714<\/span><span data-contrast=\"auto\">\u00a0Izmenjava izku\u0161enj znotraj strokovne skupnosti<\/span>\u00a0<br \/><span data-contrast=\"auto\">\u2714<\/span><span data-contrast=\"auto\">\u00a0Jutranji format, ki spo\u0161tuje va\u0161\u00a0delovni ritem<\/span><span data-ccp-props=\"{}\">\u00a0<\/span><\/p><p><span data-contrast=\"auto\">Skladni zajtrk ostaja prostor strokovne zrelosti, odprtosti in medsebojnega zaupanja, kjer\u00a0 skladnost ne\u00a0predstavljamo samo\u00a0kot formalnost, temve\u010d kot element integritete in odgovornega poslovanja.<\/span><span data-ccp-props=\"{}\">\u00a0<\/span><\/p>\t\t\t\t\t\t\t\t<\/div>\n\t\t\t\t<\/div>\n\t\t\t\t<div class=\"elementor-element elementor-element-1736089 elementor-widget-divider--view-line elementor-widget elementor-widget-divider\" data-id=\"1736089\" data-element_type=\"widget\" data-widget_type=\"divider.default\">\n\t\t\t\t<div class=\"elementor-widget-container\">\n\t\t\t\t\t\t\t<div class=\"elementor-divider\">\n\t\t\t<span class=\"elementor-divider-separator\">\n\t\t\t\t\t\t<\/span>\n\t\t<\/div>\n\t\t\t\t\t\t<\/div>\n\t\t\t\t<\/div>\n\t\t\t\t<div class=\"elementor-element elementor-element-c10d20f elementor-widget elementor-widget-text-editor\" data-id=\"c10d20f\" data-element_type=\"widget\" data-widget_type=\"text-editor.default\">\n\t\t\t\t<div class=\"elementor-widget-container\">\n\t\t\t\t\t\t\t\t\t<p><strong>Pridru\u017eite se nam na sre\u010danju \u010dlanov strokovne skupnosti EISEP in prijavite svojo udele\u017ebo z izpolnitvijo spodnjega obrazca:<\/strong><\/p>\t\t\t\t\t\t\t\t<\/div>\n\t\t\t\t<\/div>\n\t\t\t\t<div class=\"elementor-element elementor-element-77c8383 elementor-button-align-stretch elementor-widget elementor-widget-form\" data-id=\"77c8383\" data-element_type=\"widget\" data-settings=\"{&quot;step_next_label&quot;:&quot;Next&quot;,&quot;step_previous_label&quot;:&quot;Previous&quot;,&quot;button_width&quot;:&quot;100&quot;,&quot;step_type&quot;:&quot;number_text&quot;,&quot;step_icon_shape&quot;:&quot;circle&quot;}\" data-widget_type=\"form.default\">\n\t\t\t\t<div class=\"elementor-widget-container\">\n\t\t\t\t\t\t\t<form class=\"elementor-form\" method=\"post\" name=\"New Form\" aria-label=\"New Form\">\n\t\t\t<input type=\"hidden\" name=\"post_id\" value=\"9619\"\/>\n\t\t\t<input type=\"hidden\" name=\"form_id\" value=\"77c8383\"\/>\n\t\t\t<input type=\"hidden\" name=\"referer_title\" value=\"Prijava na dogodek - EISEP\" \/>\n\n\t\t\t\t\t\t\t<input type=\"hidden\" name=\"queried_id\" value=\"9619\"\/>\n\t\t\t\n\t\t\t<div class=\"elementor-form-fields-wrapper elementor-labels-\">\n\t\t\t\t\t\t\t\t<div class=\"elementor-field-type-text elementor-field-group elementor-column elementor-field-group-name elementor-col-100 elementor-field-required\">\n\t\t\t\t\t\t\t\t\t\t\t\t<label for=\"form-field-name\" class=\"elementor-field-label elementor-screen-only\">\n\t\t\t\t\t\t\t\tIme in priimek\t\t\t\t\t\t\t<\/label>\n\t\t\t\t\t\t\t\t\t\t\t\t\t\t<input size=\"1\" type=\"text\" name=\"form_fields[name]\" id=\"form-field-name\" class=\"elementor-field elementor-size-sm  elementor-field-textual\" placeholder=\"Ime in priimek\" required=\"required\">\n\t\t\t\t\t\t\t\t\t\t\t<\/div>\n\t\t\t\t\t\t\t\t<div class=\"elementor-field-type-email elementor-field-group elementor-column elementor-field-group-email elementor-col-100 elementor-field-required\">\n\t\t\t\t\t\t\t\t\t\t\t\t<label for=\"form-field-email\" class=\"elementor-field-label elementor-screen-only\">\n\t\t\t\t\t\t\t\tEmail\t\t\t\t\t\t\t<\/label>\n\t\t\t\t\t\t\t\t\t\t\t\t\t\t<input size=\"1\" type=\"email\" name=\"form_fields[email]\" id=\"form-field-email\" class=\"elementor-field elementor-size-sm  elementor-field-textual\" placeholder=\"Email\" required=\"required\">\n\t\t\t\t\t\t\t\t\t\t\t<\/div>\n\t\t\t\t\t\t\t\t<div class=\"elementor-field-type-text elementor-field-group elementor-column elementor-field-group-field_509ecb0 elementor-col-100\">\n\t\t\t\t\t\t\t\t\t\t\t\t<label for=\"form-field-field_509ecb0\" class=\"elementor-field-label elementor-screen-only\">\n\t\t\t\t\t\t\t\tPodjetje\t\t\t\t\t\t\t<\/label>\n\t\t\t\t\t\t\t\t\t\t\t\t\t\t<input size=\"1\" type=\"text\" name=\"form_fields[field_509ecb0]\" id=\"form-field-field_509ecb0\" class=\"elementor-field elementor-size-sm  elementor-field-textual\" placeholder=\"Podjetje\">\n\t\t\t\t\t\t\t\t\t\t\t<\/div>\n\t\t\t\t\t\t\t\t<div class=\"elementor-field-type-text elementor-field-group elementor-column elementor-field-group-field_1b1ded3 elementor-col-100\">\n\t\t\t\t\t\t\t\t\t\t\t\t<label for=\"form-field-field_1b1ded3\" class=\"elementor-field-label elementor-screen-only\">\n\t\t\t\t\t\t\t\tNaziv delovnega mesta ali funkcije\t\t\t\t\t\t\t<\/label>\n\t\t\t\t\t\t\t\t\t\t\t\t\t\t<input size=\"1\" type=\"text\" name=\"form_fields[field_1b1ded3]\" id=\"form-field-field_1b1ded3\" class=\"elementor-field elementor-size-sm  elementor-field-textual\" placeholder=\"Naziv delovnega mesta ali funkcije\">\n\t\t\t\t\t\t\t\t\t\t\t<\/div>\n\t\t\t\t\t\t\t\t<div class=\"elementor-field-type-select elementor-field-group elementor-column elementor-field-group-field_97437b9 elementor-col-100 elementor-field-required\">\n\t\t\t\t\t\t\t\t\t\t\t\t<label for=\"form-field-field_97437b9\" class=\"elementor-field-label elementor-screen-only\">\n\t\t\t\t\t\t\t\tVrsta prijave\t\t\t\t\t\t\t<\/label>\n\t\t\t\t\t\t\t\t<div class=\"elementor-field elementor-select-wrapper remove-before \">\n\t\t\t<div class=\"select-caret-down-wrapper\">\n\t\t\t\t<i aria-hidden=\"true\" class=\"eicon-caret-down\"><\/i>\t\t\t<\/div>\n\t\t\t<select name=\"form_fields[field_97437b9]\" id=\"form-field-field_97437b9\" class=\"elementor-field-textual elementor-size-sm\" required=\"required\">\n\t\t\t\t\t\t\t\t\t<option value=\"\u010clan EISEP\">\u010clan EISEP<\/option>\n\t\t\t\t\t\t\t\t\t<option value=\"Ne\u010dlan\">Ne\u010dlan<\/option>\n\t\t\t\t\t\t\t<\/select>\n\t\t<\/div>\n\t\t\t\t\t\t<\/div>\n\t\t\t\t\t\t\t\t<div class=\"elementor-field-type-html elementor-field-group elementor-column elementor-field-group-field_0f908ff elementor-col-100\">\n\t\t\t\t\t<i>*V prijavnici opredeljene podatke zbiramo in obdelujemo izklju\u010dno za potrebe EISEP, primarno zaradi organizacijskih razlogov, lahko pa tudi za namen obve\u0161\u010danja o bodo\u010dih dogodkih in drugih aktivnostih EISEP-a ter za obve\u0161\u010danje \u010dlanov in zainteresirane javnosti o strokovnih temah in aktualnem razvoju na podro\u010dju skladnosti in etike poslovanja.\n\nS prijavo na dogodek potrjujem, da sem seznanjen(a) z obdelavo osebnih podatkov ter z mo\u017enostjo, da bo dogodek fotografiran ali posnet. Posneto gradivo se lahko uporablja za interne in eksterne komunikacijske namene EISEP (npr. spletna stran, dru\u017ebena omre\u017eja, publikacije). \u010ce ne \u017eelim biti fotografiran(a), o tem predhodno obvestim organizatorja na info@eisep.si\n.<\/i><br>\n<br>\n<b>Za \u010dlanice in \u010dlane strokovne skupnosti EISEP je udele\u017eba brezpla\u010dna. Redna kotizacija je 65,00 EUR (+DDV).<\/br>\t\t\t\t<\/div>\n\t\t\t\t\t\t\t\t<div class=\"elementor-field-group elementor-column elementor-field-type-submit elementor-col-100 e-form__buttons\">\n\t\t\t\t\t<button class=\"elementor-button elementor-size-sm elementor-animation-shrink\" type=\"submit\">\n\t\t\t\t\t\t<span class=\"elementor-button-content-wrapper\">\n\t\t\t\t\t\t\t\t\t\t\t\t\t\t\t\t\t\t\t\t\t\t<span class=\"elementor-button-text\">Prijava<\/span>\n\t\t\t\t\t\t\t\t\t\t\t\t\t<\/span>\n\t\t\t\t\t<\/button>\n\t\t\t\t<\/div>\n\t\t\t<\/div>\n\t\t<\/form>\n\t\t\t\t\t\t<\/div>\n\t\t\t\t<\/div>\n\t\t\t\t<div class=\"elementor-element elementor-element-1673b21 elementor-widget elementor-widget-text-editor\" data-id=\"1673b21\" data-element_type=\"widget\" data-widget_type=\"text-editor.default\">\n\t\t\t\t<div class=\"elementor-widget-container\">\n\t\t\t\t\t\t\t\t\t<p>\u010ce imate kakr\u0161nekoli te\u017eave s prijavo nam prosimo pi\u0161ite na <a href=\"mailto:info@eisep.si\">info@eisep.si<\/a>.<\/p>\t\t\t\t\t\t\t\t<\/div>\n\t\t\t\t<\/div>\n\t\t\t\t<\/div>\n\t\t\t\t\t<\/div>\n\t\t\t\t<\/div>\n\t\t<div class=\"elementor-element elementor-element-a49bf42 e-flex e-con-boxed e-con e-parent\" data-id=\"a49bf42\" data-element_type=\"container\">\n\t\t\t\t\t<div class=\"e-con-inner\">\n\t\t\t\t<div class=\"elementor-element elementor-element-66160c8 elementor-widget elementor-widget-image\" data-id=\"66160c8\" data-element_type=\"widget\" data-widget_type=\"image.default\">\n\t\t\t\t<div class=\"elementor-widget-container\">\n\t\t\t\t\t\t\t\t\t\t\t\t\t\t\t<img fetchpriority=\"high\" decoding=\"async\" width=\"800\" height=\"534\" src=\"https:\/\/www.eisep.si\/wp-content\/uploads\/2020\/08\/IMG_9801-1024x683.jpg\" class=\"attachment-large size-large wp-image-5509\" alt=\"\" srcset=\"https:\/\/www.eisep.si\/wp-content\/uploads\/2020\/08\/IMG_9801-1024x683.jpg 1024w, https:\/\/www.eisep.si\/wp-content\/uploads\/2020\/08\/IMG_9801-300x200.jpg 300w, https:\/\/www.eisep.si\/wp-content\/uploads\/2020\/08\/IMG_9801-768x512.jpg 768w, https:\/\/www.eisep.si\/wp-content\/uploads\/2020\/08\/IMG_9801-1536x1024.jpg 1536w, https:\/\/www.eisep.si\/wp-content\/uploads\/2020\/08\/IMG_9801-2048x1365.jpg 2048w\" sizes=\"(max-width: 800px) 100vw, 800px\" \/>\t\t\t\t\t\t\t\t\t\t\t\t\t\t\t<\/div>\n\t\t\t\t<\/div>\n\t\t\t\t\t<\/div>\n\t\t\t\t<\/div>\n\t\t\t\t<\/div>\n\t\t","protected":false},"excerpt":{"rendered":"<p>Skladni zajtrk z informacijskim poobla\u0161\u010dencem, 4. marec 2026, Kavarna Slami\u010d, Ljubljana Spo\u0161tovani \u010dlani strokovne skupnosti EISEP ter druge kolegice in kolegi s podro\u010dja skladnosti, etike in varstva osebnih podatkov! Vabimo [&hellip;]<\/p>\n","protected":false},"author":1,"featured_media":0,"parent":0,"menu_order":0,"comment_status":"closed","ping_status":"closed","template":"","meta":{"_monsterinsights_skip_tracking":false,"_monsterinsights_sitenote_active":false,"_monsterinsights_sitenote_note":"","_monsterinsights_sitenote_category":0,"footnotes":""},"class_list":["post-9619","page","type-page","status-publish","hentry"],"yoast_head":"<!-- This site is optimized with the Yoast SEO plugin v27.5 - https:\/\/yoast.com\/product\/yoast-seo-wordpress\/ -->\n<title>Prijava na dogodek - EISEP<\/title>\n<meta name=\"description\" content=\"Prijavite se na dogodek strokovne skupnosti EISEP - Evropski in\u0161titut za skladnost in etiko poslovanja.\" \/>\n<meta name=\"robots\" content=\"index, follow, max-snippet:-1, max-image-preview:large, max-video-preview:-1\" \/>\n<link rel=\"canonical\" href=\"https:\/\/www.eisep.si\/en\/prijava-na-dogodek\/\" \/>\n<meta property=\"og:locale\" content=\"en_GB\" \/>\n<meta property=\"og:type\" content=\"article\" \/>\n<meta property=\"og:title\" content=\"Prijava na dogodek - EISEP\" \/>\n<meta property=\"og:description\" content=\"Prijavite se na dogodek strokovne skupnosti EISEP - Evropski in\u0161titut za skladnost in etiko poslovanja.\" \/>\n<meta property=\"og:url\" content=\"https:\/\/www.eisep.si\/en\/prijava-na-dogodek\/\" \/>\n<meta property=\"og:site_name\" content=\"EISEP\" \/>\n<meta property=\"article:modified_time\" content=\"2026-03-04T13:38:15+00:00\" \/>\n<meta property=\"og:image\" content=\"https:\/\/www.eisep.si\/wp-content\/uploads\/2020\/08\/IMG_9801-scaled.jpg\" \/>\n\t<meta property=\"og:image:width\" content=\"2560\" \/>\n\t<meta property=\"og:image:height\" content=\"1707\" \/>\n\t<meta property=\"og:image:type\" content=\"image\/jpeg\" \/>\n<meta name=\"twitter:card\" content=\"summary_large_image\" \/>\n<meta name=\"twitter:label1\" content=\"Estimated reading time\" \/>\n\t<meta name=\"twitter:data1\" content=\"4 minutes\" \/>\n<script type=\"application\/ld+json\" class=\"yoast-schema-graph\">{\"@context\":\"https:\\\/\\\/schema.org\",\"@graph\":[{\"@type\":\"WebPage\",\"@id\":\"https:\\\/\\\/www.eisep.si\\\/prijava-na-dogodek\\\/\",\"url\":\"https:\\\/\\\/www.eisep.si\\\/prijava-na-dogodek\\\/\",\"name\":\"Prijava na dogodek - EISEP\",\"isPartOf\":{\"@id\":\"https:\\\/\\\/www.eisep.si\\\/#website\"},\"primaryImageOfPage\":{\"@id\":\"https:\\\/\\\/www.eisep.si\\\/prijava-na-dogodek\\\/#primaryimage\"},\"image\":{\"@id\":\"https:\\\/\\\/www.eisep.si\\\/prijava-na-dogodek\\\/#primaryimage\"},\"thumbnailUrl\":\"https:\\\/\\\/www.eisep.si\\\/wp-content\\\/uploads\\\/2020\\\/08\\\/IMG_9801-1024x683.jpg\",\"datePublished\":\"2024-02-01T11:26:17+00:00\",\"dateModified\":\"2026-03-04T13:38:15+00:00\",\"description\":\"Prijavite se na dogodek strokovne skupnosti EISEP - Evropski in\u0161titut za skladnost in etiko poslovanja.\",\"breadcrumb\":{\"@id\":\"https:\\\/\\\/www.eisep.si\\\/prijava-na-dogodek\\\/#breadcrumb\"},\"inLanguage\":\"en-GB\",\"potentialAction\":[{\"@type\":\"ReadAction\",\"target\":[\"https:\\\/\\\/www.eisep.si\\\/prijava-na-dogodek\\\/\"]}]},{\"@type\":\"ImageObject\",\"inLanguage\":\"en-GB\",\"@id\":\"https:\\\/\\\/www.eisep.si\\\/prijava-na-dogodek\\\/#primaryimage\",\"url\":\"https:\\\/\\\/www.eisep.si\\\/wp-content\\\/uploads\\\/2020\\\/08\\\/IMG_9801-1024x683.jpg\",\"contentUrl\":\"https:\\\/\\\/www.eisep.si\\\/wp-content\\\/uploads\\\/2020\\\/08\\\/IMG_9801-1024x683.jpg\"},{\"@type\":\"BreadcrumbList\",\"@id\":\"https:\\\/\\\/www.eisep.si\\\/prijava-na-dogodek\\\/#breadcrumb\",\"itemListElement\":[{\"@type\":\"ListItem\",\"position\":1,\"name\":\"Home\",\"item\":\"https:\\\/\\\/www.eisep.si\\\/\"},{\"@type\":\"ListItem\",\"position\":2,\"name\":\"Prijava na dogodek\"}]},{\"@type\":\"WebSite\",\"@id\":\"https:\\\/\\\/www.eisep.si\\\/#website\",\"url\":\"https:\\\/\\\/www.eisep.si\\\/\",\"name\":\"EISEP\",\"description\":\"Evropski in\u0161titut za skladnost in etiko poslovanja\",\"publisher\":{\"@id\":\"https:\\\/\\\/www.eisep.si\\\/#organization\"},\"potentialAction\":[{\"@type\":\"SearchAction\",\"target\":{\"@type\":\"EntryPoint\",\"urlTemplate\":\"https:\\\/\\\/www.eisep.si\\\/?s={search_term_string}\"},\"query-input\":{\"@type\":\"PropertyValueSpecification\",\"valueRequired\":true,\"valueName\":\"search_term_string\"}}],\"inLanguage\":\"en-GB\"},{\"@type\":\"Organization\",\"@id\":\"https:\\\/\\\/www.eisep.si\\\/#organization\",\"name\":\"Evropski in\u0161titut za skladnost in etiko poslovanja\",\"url\":\"https:\\\/\\\/www.eisep.si\\\/\",\"logo\":{\"@type\":\"ImageObject\",\"inLanguage\":\"en-GB\",\"@id\":\"https:\\\/\\\/www.eisep.si\\\/#\\\/schema\\\/logo\\\/image\\\/\",\"url\":\"https:\\\/\\\/www.eisep.si\\\/wp-content\\\/uploads\\\/2020\\\/07\\\/eisep.png\",\"contentUrl\":\"https:\\\/\\\/www.eisep.si\\\/wp-content\\\/uploads\\\/2020\\\/07\\\/eisep.png\",\"width\":2582,\"height\":406,\"caption\":\"Evropski in\u0161titut za skladnost in etiko poslovanja\"},\"image\":{\"@id\":\"https:\\\/\\\/www.eisep.si\\\/#\\\/schema\\\/logo\\\/image\\\/\"}}]}<\/script>\n<!-- \/ Yoast SEO plugin. -->","yoast_head_json":{"title":"Prijava na dogodek - EISEP","description":"Prijavite se na dogodek strokovne skupnosti EISEP - Evropski in\u0161titut za skladnost in etiko poslovanja.","robots":{"index":"index","follow":"follow","max-snippet":"max-snippet:-1","max-image-preview":"max-image-preview:large","max-video-preview":"max-video-preview:-1"},"canonical":"https:\/\/www.eisep.si\/en\/prijava-na-dogodek\/","og_locale":"en_GB","og_type":"article","og_title":"Prijava na dogodek - EISEP","og_description":"Prijavite se na dogodek strokovne skupnosti EISEP - Evropski in\u0161titut za skladnost in etiko poslovanja.","og_url":"https:\/\/www.eisep.si\/en\/prijava-na-dogodek\/","og_site_name":"EISEP","article_modified_time":"2026-03-04T13:38:15+00:00","og_image":[{"width":2560,"height":1707,"url":"https:\/\/www.eisep.si\/wp-content\/uploads\/2020\/08\/IMG_9801-scaled.jpg","type":"image\/jpeg"}],"twitter_card":"summary_large_image","twitter_misc":{"Estimated reading time":"4 minutes"},"schema":{"@context":"https:\/\/schema.org","@graph":[{"@type":"WebPage","@id":"https:\/\/www.eisep.si\/prijava-na-dogodek\/","url":"https:\/\/www.eisep.si\/prijava-na-dogodek\/","name":"Prijava na dogodek - EISEP","isPartOf":{"@id":"https:\/\/www.eisep.si\/#website"},"primaryImageOfPage":{"@id":"https:\/\/www.eisep.si\/prijava-na-dogodek\/#primaryimage"},"image":{"@id":"https:\/\/www.eisep.si\/prijava-na-dogodek\/#primaryimage"},"thumbnailUrl":"https:\/\/www.eisep.si\/wp-content\/uploads\/2020\/08\/IMG_9801-1024x683.jpg","datePublished":"2024-02-01T11:26:17+00:00","dateModified":"2026-03-04T13:38:15+00:00","description":"Prijavite se na dogodek strokovne skupnosti EISEP - Evropski in\u0161titut za skladnost in etiko poslovanja.","breadcrumb":{"@id":"https:\/\/www.eisep.si\/prijava-na-dogodek\/#breadcrumb"},"inLanguage":"en-GB","potentialAction":[{"@type":"ReadAction","target":["https:\/\/www.eisep.si\/prijava-na-dogodek\/"]}]},{"@type":"ImageObject","inLanguage":"en-GB","@id":"https:\/\/www.eisep.si\/prijava-na-dogodek\/#primaryimage","url":"https:\/\/www.eisep.si\/wp-content\/uploads\/2020\/08\/IMG_9801-1024x683.jpg","contentUrl":"https:\/\/www.eisep.si\/wp-content\/uploads\/2020\/08\/IMG_9801-1024x683.jpg"},{"@type":"BreadcrumbList","@id":"https:\/\/www.eisep.si\/prijava-na-dogodek\/#breadcrumb","itemListElement":[{"@type":"ListItem","position":1,"name":"Home","item":"https:\/\/www.eisep.si\/"},{"@type":"ListItem","position":2,"name":"Prijava na dogodek"}]},{"@type":"WebSite","@id":"https:\/\/www.eisep.si\/#website","url":"https:\/\/www.eisep.si\/","name":"EICE","description":"European Institute of Compliance and Ethics","publisher":{"@id":"https:\/\/www.eisep.si\/#organization"},"potentialAction":[{"@type":"SearchAction","target":{"@type":"EntryPoint","urlTemplate":"https:\/\/www.eisep.si\/?s={search_term_string}"},"query-input":{"@type":"PropertyValueSpecification","valueRequired":true,"valueName":"search_term_string"}}],"inLanguage":"en-GB"},{"@type":"Organization","@id":"https:\/\/www.eisep.si\/#organization","name":"European Institute of Compliance and Ethics","url":"https:\/\/www.eisep.si\/","logo":{"@type":"ImageObject","inLanguage":"en-GB","@id":"https:\/\/www.eisep.si\/#\/schema\/logo\/image\/","url":"https:\/\/www.eisep.si\/wp-content\/uploads\/2020\/07\/eisep.png","contentUrl":"https:\/\/www.eisep.si\/wp-content\/uploads\/2020\/07\/eisep.png","width":2582,"height":406,"caption":"Evropski in\u0161titut za skladnost in etiko poslovanja"},"image":{"@id":"https:\/\/www.eisep.si\/#\/schema\/logo\/image\/"}}]}},"_links":{"self":[{"href":"https:\/\/www.eisep.si\/en\/wp-json\/wp\/v2\/pages\/9619","targetHints":{"allow":["GET"]}}],"collection":[{"href":"https:\/\/www.eisep.si\/en\/wp-json\/wp\/v2\/pages"}],"about":[{"href":"https:\/\/www.eisep.si\/en\/wp-json\/wp\/v2\/types\/page"}],"author":[{"embeddable":true,"href":"https:\/\/www.eisep.si\/en\/wp-json\/wp\/v2\/users\/1"}],"replies":[{"embeddable":true,"href":"https:\/\/www.eisep.si\/en\/wp-json\/wp\/v2\/comments?post=9619"}],"version-history":[{"count":289,"href":"https:\/\/www.eisep.si\/en\/wp-json\/wp\/v2\/pages\/9619\/revisions"}],"predecessor-version":[{"id":13342,"href":"https:\/\/www.eisep.si\/en\/wp-json\/wp\/v2\/pages\/9619\/revisions\/13342"}],"wp:attachment":[{"href":"https:\/\/www.eisep.si\/en\/wp-json\/wp\/v2\/media?parent=9619"}],"curies":[{"name":"wp","href":"https:\/\/api.w.org\/{rel}","templated":true}]}}